{"id":740063,"date":"2025-03-03T18:06:45","date_gmt":"2025-03-03T17:06:45","guid":{"rendered":"https:\/\/stoic-curie.212-227-153-4.plesk.page\/producto\/star-brite-cistac-tikovine-3-8l\/"},"modified":"2026-02-25T00:00:40","modified_gmt":"2026-02-25T00:00:40","slug":"star-brite-cistac-tikovine-3-8l","status":"publish","type":"product","link":"https:\/\/stoic-curie.212-227-153-4.plesk.page\/hr\/product\/star-brite-cistac-tikovine-3-8l\/","title":{"rendered":"Star Brite \u010distac tikovine 3.8L"},"content":{"rendered":"<p>Star Brite \u010distac tikovine 3.8L &#8211; <\/p>\n<p>\u2022 \u010cisti tikovinu i druga fina drva<br \/>\u2022 Uklanja mrlje i tragove vremena<br \/>\u2022 Ne podi\u017ee drvenu zrno<br \/>\u2022 Sigurna, jednostavna za upotrebu formula<br \/>\u2022 Nema potrebe za bru\u0161enjem nakon \u010di\u0161\u0107enja<br \/>\u2022 Ne sadr\u017ei kiseline \u2013 nisu potrebni neutralizatori<br \/>\u2022 Koristite kao prvi korak u obnovi sive, izlo\u017eene tikovine<\/p>\n","protected":false},"excerpt":{"rendered":"<p>Star Brite \u010distac tikovine 3.8L &#8211; \u2022 \u010cisti tikovinu i druga fina drva\u2022 Uklanja mrlje i tragove vremena\u2022 Ne podi\u017ee<\/p>\n","protected":false},"featured_media":5937537,"comment_status":"open","ping_status":"closed","template":"","meta":[],"product_brand":[3436],"product_cat":[1625,1628],"product_tag":[],"class_list":{"0":"post-740063","1":"product","2":"type-product","3":"status-publish","4":"has-post-thumbnail","6":"product_brand-starbrite-hr","7":"product_cat-brodski-lak-i-ulje-za-tikovinu","8":"product_cat-proizvodi-za-ciscenje","10":"first","11":"instock","12":"shipping-taxable","13":"purchasable","14":"product-type-simple"},"_links":{"self":[{"href":"https:\/\/stoic-curie.212-227-153-4.plesk.page\/hr\/wp-json\/wp\/v2\/product\/740063","targetHints":{"allow":["GET"]}}],"collection":[{"href":"https:\/\/stoic-curie.212-227-153-4.plesk.page\/hr\/wp-json\/wp\/v2\/product"}],"about":[{"href":"https:\/\/stoic-curie.212-227-153-4.plesk.page\/hr\/wp-json\/wp\/v2\/types\/product"}],"replies":[{"embeddable":true,"href":"https:\/\/stoic-curie.212-227-153-4.plesk.page\/hr\/wp-json\/wp\/v2\/comments?post=740063"}],"version-history":[{"count":0,"href":"https:\/\/stoic-curie.212-227-153-4.plesk.page\/hr\/wp-json\/wp\/v2\/product\/740063\/revisions"}],"wp:featuredmedia":[{"embeddable":true,"href":"https:\/\/stoic-curie.212-227-153-4.plesk.page\/hr\/wp-json\/wp\/v2\/media\/5937537"}],"wp:attachment":[{"href":"https:\/\/stoic-curie.212-227-153-4.plesk.page\/hr\/wp-json\/wp\/v2\/media?parent=740063"}],"wp:term":[{"taxonomy":"product_brand","embeddable":true,"href":"https:\/\/stoic-curie.212-227-153-4.plesk.page\/hr\/wp-json\/wp\/v2\/product_brand?post=740063"},{"taxonomy":"product_cat","embeddable":true,"href":"https:\/\/stoic-curie.212-227-153-4.plesk.page\/hr\/wp-json\/wp\/v2\/product_cat?post=740063"},{"taxonomy":"product_tag","embeddable":true,"href":"https:\/\/stoic-curie.212-227-153-4.plesk.page\/hr\/wp-json\/wp\/v2\/product_tag?post=740063"}],"curies":[{"name":"wp","href":"https:\/\/api.w.org\/{rel}","templated":true}]}}