{"id":740076,"date":"2025-03-03T18:06:48","date_gmt":"2025-03-03T17:06:48","guid":{"rendered":"https:\/\/stoic-curie.212-227-153-4.plesk.page\/producto\/sea-drag-plutajuce-sidro-36-55-ft\/"},"modified":"2026-02-25T00:00:41","modified_gmt":"2026-02-25T00:00:41","slug":"sea-drag-plutajuce-sidro-36-55-ft","status":"publish","type":"product","link":"https:\/\/stoic-curie.212-227-153-4.plesk.page\/hr\/product\/sea-drag-plutajuce-sidro-36-55-ft\/","title":{"rendered":"Sea-drag plutajuce sidro 36-55 FT"},"content":{"rendered":"<p>Sea-drag plutajuce sidro 36-55 FT &#8211; <\/p>\n<p>Visoko u\u010dinkovita ko\u010diona akcija drogue sidro (50% vi\u0161e od drugih tradicionalnih drogue sidara) zahvaljuju\u0107i dvostranoj komori s bo\u010dnim otvorima. Izdr\u017eljivi Oxford Rip-Stop najlon sa nehr\u0111aju\u0107im \u010delicima i najlonskim trakama i poja\u010danjima. Koristi se kao drogue sidro kako bi se izbjeglo driftanje i odr\u017eavala kobilica okrenuta prema vjetru, kao drift sidro, stabilizatori ili ko\u010dnica. Preporu\u010dena u\u017ee treba biti najmanje tri puta du\u017ee od broda.<\/p>\n","protected":false},"excerpt":{"rendered":"<p>Sea-drag plutajuce sidro 36-55 FT &#8211; Visoko u\u010dinkovita ko\u010diona akcija drogue sidro (50% vi\u0161e od drugih tradicionalnih drogue sidara) zahvaljuju\u0107i<\/p>\n","protected":false},"featured_media":5937583,"comment_status":"open","ping_status":"closed","template":"","meta":[],"product_brand":[3516],"product_cat":[1869],"product_tag":[],"class_list":{"0":"post-740076","1":"product","2":"type-product","3":"status-publish","4":"has-post-thumbnail","6":"product_brand-veleria-san-giorgio-hr","7":"product_cat-plutajuca-sidra","9":"first","10":"instock","11":"shipping-taxable","12":"purchasable","13":"product-type-simple"},"_links":{"self":[{"href":"https:\/\/stoic-curie.212-227-153-4.plesk.page\/hr\/wp-json\/wp\/v2\/product\/740076","targetHints":{"allow":["GET"]}}],"collection":[{"href":"https:\/\/stoic-curie.212-227-153-4.plesk.page\/hr\/wp-json\/wp\/v2\/product"}],"about":[{"href":"https:\/\/stoic-curie.212-227-153-4.plesk.page\/hr\/wp-json\/wp\/v2\/types\/product"}],"replies":[{"embeddable":true,"href":"https:\/\/stoic-curie.212-227-153-4.plesk.page\/hr\/wp-json\/wp\/v2\/comments?post=740076"}],"version-history":[{"count":0,"href":"https:\/\/stoic-curie.212-227-153-4.plesk.page\/hr\/wp-json\/wp\/v2\/product\/740076\/revisions"}],"wp:featuredmedia":[{"embeddable":true,"href":"https:\/\/stoic-curie.212-227-153-4.plesk.page\/hr\/wp-json\/wp\/v2\/media\/5937583"}],"wp:attachment":[{"href":"https:\/\/stoic-curie.212-227-153-4.plesk.page\/hr\/wp-json\/wp\/v2\/media?parent=740076"}],"wp:term":[{"taxonomy":"product_brand","embeddable":true,"href":"https:\/\/stoic-curie.212-227-153-4.plesk.page\/hr\/wp-json\/wp\/v2\/product_brand?post=740076"},{"taxonomy":"product_cat","embeddable":true,"href":"https:\/\/stoic-curie.212-227-153-4.plesk.page\/hr\/wp-json\/wp\/v2\/product_cat?post=740076"},{"taxonomy":"product_tag","embeddable":true,"href":"https:\/\/stoic-curie.212-227-153-4.plesk.page\/hr\/wp-json\/wp\/v2\/product_tag?post=740076"}],"curies":[{"name":"wp","href":"https:\/\/api.w.org\/{rel}","templated":true}]}}