{"id":740079,"date":"2025-03-03T18:06:49","date_gmt":"2025-03-03T17:06:49","guid":{"rendered":"https:\/\/stoic-curie.212-227-153-4.plesk.page\/producto\/brodski-dalekozor-nikon-navy-10-x-50\/"},"modified":"2026-02-25T00:00:41","modified_gmt":"2026-02-25T00:00:41","slug":"brodski-dalekozor-nikon-navy-10-x-50","status":"publish","type":"product","link":"https:\/\/stoic-curie.212-227-153-4.plesk.page\/hr\/product\/brodski-dalekozor-nikon-navy-10-x-50\/","title":{"rendered":"Brodski dalekozor Nikon Navy Tundra 10 x 50"},"content":{"rendered":"<p>Brodski dalekozor Nikon Navy Tundra 10 x 50 &#8211; <\/p>\n<p>Nikon Navy CF WP 10&#215;50 vodootporne i maglenoistinske dalekozore. <br \/>\u2022 Sustav sredi\u0161njeg fokusiranja <br \/>\u2022 Vodootporan do 1 m tijekom 5 minuta <br \/>\u2022 Otporan na maglu s O-prstenima i du\u0161ikom <br \/>\u2022 Dizajn s visokim o\u010dnim to\u010dkama za jasan vid, \u010dak i za korisnike nao\u010dala <br \/>\u2022 Vi\u0161eslojno prevu\u010dene le\u0107e za jasnu sliku <br \/>\u2022 Gumeni oklop za otpornost na udarce i sigurnu, udobnu dr\u0161ku <br \/>\u2022 Uklju\u010duje remen, torbu i plovak ruku koji sprje\u010dava da dalekozori potonu <br \/>\u2022 Jamstvo od 10 godina<\/p>\n","protected":false},"excerpt":{"rendered":"<p>Brodski dalekozor Nikon Navy Tundra 10 x 50 &#8211; Nikon Navy CF WP 10&#215;50 vodootporne i maglenoistinske dalekozore. \u2022 Sustav<\/p>\n","protected":false},"featured_media":5937602,"comment_status":"open","ping_status":"closed","template":"","meta":[],"product_brand":[3196],"product_cat":[1779],"product_tag":[],"class_list":{"0":"post-740079","1":"product","2":"type-product","3":"status-publish","4":"has-post-thumbnail","6":"product_brand-nikon-marine-hr","7":"product_cat-brodski-dalekozor","9":"first","10":"instock","11":"shipping-taxable","12":"purchasable","13":"product-type-simple"},"_links":{"self":[{"href":"https:\/\/stoic-curie.212-227-153-4.plesk.page\/hr\/wp-json\/wp\/v2\/product\/740079","targetHints":{"allow":["GET"]}}],"collection":[{"href":"https:\/\/stoic-curie.212-227-153-4.plesk.page\/hr\/wp-json\/wp\/v2\/product"}],"about":[{"href":"https:\/\/stoic-curie.212-227-153-4.plesk.page\/hr\/wp-json\/wp\/v2\/types\/product"}],"replies":[{"embeddable":true,"href":"https:\/\/stoic-curie.212-227-153-4.plesk.page\/hr\/wp-json\/wp\/v2\/comments?post=740079"}],"version-history":[{"count":0,"href":"https:\/\/stoic-curie.212-227-153-4.plesk.page\/hr\/wp-json\/wp\/v2\/product\/740079\/revisions"}],"wp:featuredmedia":[{"embeddable":true,"href":"https:\/\/stoic-curie.212-227-153-4.plesk.page\/hr\/wp-json\/wp\/v2\/media\/5937602"}],"wp:attachment":[{"href":"https:\/\/stoic-curie.212-227-153-4.plesk.page\/hr\/wp-json\/wp\/v2\/media?parent=740079"}],"wp:term":[{"taxonomy":"product_brand","embeddable":true,"href":"https:\/\/stoic-curie.212-227-153-4.plesk.page\/hr\/wp-json\/wp\/v2\/product_brand?post=740079"},{"taxonomy":"product_cat","embeddable":true,"href":"https:\/\/stoic-curie.212-227-153-4.plesk.page\/hr\/wp-json\/wp\/v2\/product_cat?post=740079"},{"taxonomy":"product_tag","embeddable":true,"href":"https:\/\/stoic-curie.212-227-153-4.plesk.page\/hr\/wp-json\/wp\/v2\/product_tag?post=740079"}],"curies":[{"name":"wp","href":"https:\/\/api.w.org\/{rel}","templated":true}]}}