{"id":740084,"date":"2025-03-03T18:06:50","date_gmt":"2025-03-03T17:06:50","guid":{"rendered":"https:\/\/stoic-curie.212-227-153-4.plesk.page\/producto\/sidro-fortress-fx-11\/"},"modified":"2026-02-25T00:00:41","modified_gmt":"2026-02-25T00:00:41","slug":"sidro-fortress-fx-11","status":"publish","type":"product","link":"https:\/\/stoic-curie.212-227-153-4.plesk.page\/hr\/product\/sidro-fortress-fx-11\/","title":{"rendered":"Sidro Fortress FX &#8211; 11"},"content":{"rendered":"<p>Sidro Fortress FX &#8211; 11 &#8211; <\/p>\n<p style=\"color: rgb(34, 34, 34); font-family: Arial, Helvetica, sans-serif; font-size: small;\"><strong>Fortress FX-11 sidro &#8211; 3,2 kg &#8211; Savr\u0161eno za plovila du\u017eine 8 &#8211; 10 m<\/strong><\/p>\n<p style=\"color: rgb(34, 34, 34); font-family: Arial, Helvetica, sans-serif; font-size: small;\">Predstavljamo sidro Fortress FX-11, koje te\u017ei samo 3,2 kg. Ovo aluminijsko sidro posebno je dizajnirano za \u010damce du\u017eine od 8 do 10 metara i mo\u017ee u\u010dinkovito zamijeniti konvencionalna \u010deli\u010dna sidra koja obi\u010dno te\u017ee izme\u0111u 4,5 i 5,9 kg. Sa dimenzijama 68 cm D x 56 cm \u0160 i du\u017einom kraka od 41 cm, ima impresivnu nosivost od 1.630 kg na \u010dvrstom pijesku. Izra\u0111eno od poja\u010dane aluminijsko-magnezijumske legure, ovo sidro je lak\u0161e od \u010deli\u010dnih varijanti dok pru\u017ea 100% pobolj\u0161anu nosivost zahvaljuju\u0107i svom vrhunskom dizajnu.<\/p>\n<p style=\"color: rgb(34, 34, 34); font-family: Arial, Helvetica, sans-serif; font-size: small;\">FX-11 je idealno za motorne \u010damce, napuhane brodove i djeluje kao pouzdano sekundarno sidro za ve\u0107e plovila. Mo\u017ee se jednostavno rastaviti radi lak\u0161eg skladi\u0161tenja. Kako bi se osigurala optimalna sidrenja, uklju\u010duje dva podesiva nagiba stabla: 32\u00b0 za sidrenje u pijesku i 45\u00b0 za osiguranje u mekoj vodi.<\/p>\n<p style=\"color: rgb(34, 34, 34); font-family: Arial, Helvetica, sans-serif; font-size: small;\">Ovo lagano (3,2 kg) sidro koje se brzo postavlja je i robusno i pouzdano. Izra\u0111eno od aluminijsko-magnezijumske legure visoke otpornosti, potpuno je bez zavara koji bi mogli oslabiti njegov integritet.<\/p>\n<p style=\"color: rgb(34, 34, 34); font-family: Arial, Helvetica, sans-serif; font-size: small;\">FX-11 nudi svestranost s podesivim kutovima prilago\u0111enim razli\u010ditim scenarijima sidrenja. Njegova lagana konstrukcija poma\u017ee u minimiziranju te\u017eine na pramcu, \u010dine\u0107i ga lako upravljivim.<\/p>\n<p style=\"color: rgb(34, 34, 34); font-family: Arial, Helvetica, sans-serif; font-size: small;\">Svaka komponenta je precizno obra\u0111ena, anodizirana i savr\u0161eno se me\u0111usobno uklapa, pru\u017eaju\u0107i otpornost na koroziju i nemagnetne karakteristike. Proces sastavljanja i rastavljanja je jednostavan, \u0161to pove\u0107ava udobnost korisnika. Pon proudly manufactured in the USA and type approved by the American Bureau of Shipping (ABS).<\/p>\n<p style=\"color: rgb(34, 34, 34); font-family: Arial, Helvetica, sans-serif; font-size: small;\"><strong>Klju\u010dne zna\u010dajke Fortress sidara:<\/strong><\/p>\n<ul style=\"color: rgb(34, 34, 34); font-family: Arial, Helvetica, sans-serif; font-size: small;\">\n<li>Izra\u0111eno od napredne, otpornom na hr\u0111u aluminijsko-magnezijumske legure.<\/li>\n<li>Prilago\u0111eno plovilima du\u017eine 8-10 metara, nude\u0107u izvanrednu nosivost uz zna\u010dajno manju te\u017einu od tradicionalnih sidara.<\/li>\n<li>Jednostavno se sastavlja i rastavlja za lako skladi\u0161tenje.<\/li>\n<\/ul>\n","protected":false},"excerpt":{"rendered":"<p>Sidro Fortress FX &#8211; 11 &#8211; Fortress FX-11 sidro &#8211; 3,2 kg &#8211; Savr\u0161eno za plovila du\u017eine 8 &#8211; 10<\/p>\n","protected":false},"featured_media":5937604,"comment_status":"open","ping_status":"closed","template":"","meta":[],"product_brand":[2956],"product_cat":[1868],"product_tag":[],"class_list":{"0":"post-740084","1":"product","2":"type-product","3":"status-publish","4":"has-post-thumbnail","6":"product_brand-fortress-hr","7":"product_cat-sidra-fortress","9":"first","10":"instock","11":"shipping-taxable","12":"purchasable","13":"product-type-simple"},"_links":{"self":[{"href":"https:\/\/stoic-curie.212-227-153-4.plesk.page\/hr\/wp-json\/wp\/v2\/product\/740084","targetHints":{"allow":["GET"]}}],"collection":[{"href":"https:\/\/stoic-curie.212-227-153-4.plesk.page\/hr\/wp-json\/wp\/v2\/product"}],"about":[{"href":"https:\/\/stoic-curie.212-227-153-4.plesk.page\/hr\/wp-json\/wp\/v2\/types\/product"}],"replies":[{"embeddable":true,"href":"https:\/\/stoic-curie.212-227-153-4.plesk.page\/hr\/wp-json\/wp\/v2\/comments?post=740084"}],"version-history":[{"count":0,"href":"https:\/\/stoic-curie.212-227-153-4.plesk.page\/hr\/wp-json\/wp\/v2\/product\/740084\/revisions"}],"wp:featuredmedia":[{"embeddable":true,"href":"https:\/\/stoic-curie.212-227-153-4.plesk.page\/hr\/wp-json\/wp\/v2\/media\/5937604"}],"wp:attachment":[{"href":"https:\/\/stoic-curie.212-227-153-4.plesk.page\/hr\/wp-json\/wp\/v2\/media?parent=740084"}],"wp:term":[{"taxonomy":"product_brand","embeddable":true,"href":"https:\/\/stoic-curie.212-227-153-4.plesk.page\/hr\/wp-json\/wp\/v2\/product_brand?post=740084"},{"taxonomy":"product_cat","embeddable":true,"href":"https:\/\/stoic-curie.212-227-153-4.plesk.page\/hr\/wp-json\/wp\/v2\/product_cat?post=740084"},{"taxonomy":"product_tag","embeddable":true,"href":"https:\/\/stoic-curie.212-227-153-4.plesk.page\/hr\/wp-json\/wp\/v2\/product_tag?post=740084"}],"curies":[{"name":"wp","href":"https:\/\/api.w.org\/{rel}","templated":true}]}}