{"id":740086,"date":"2025-03-03T18:06:50","date_gmt":"2025-03-03T17:06:50","guid":{"rendered":"https:\/\/stoic-curie.212-227-153-4.plesk.page\/producto\/sidro-fortress-fx-23\/"},"modified":"2026-02-25T00:00:41","modified_gmt":"2026-02-25T00:00:41","slug":"sidro-fortress-fx-23","status":"publish","type":"product","link":"https:\/\/stoic-curie.212-227-153-4.plesk.page\/hr\/product\/sidro-fortress-fx-23\/","title":{"rendered":"Sidro Fortress FX-23"},"content":{"rendered":"<p>Sidro Fortress FX-23 &#8211; <\/p>\n<p><strong>Fortress FX-23 sidro &#8211; 15 lbs &#8211; Savr\u0161eno za brodove du\u017eine od 39&#8242; do 45&#8242;<\/strong><\/p>\n<p>Sagra\u0111eno od robusne legure aluminija i magnezija, sidro Fortress FX-23 zna\u010dajno je lak\u0161e od tradicionalnih \u010deli\u010dnih sidara, te te\u017ei manje od jedne tre\u0107ine njihove mase, a pritom pru\u017ea 100% ve\u0107u snagu dr\u017eanja zahvaljuju\u0107i svom inovativnom dizajnu.<\/p>\n<p>Ovo sidro je odli\u010dno rje\u0161enje za motorne \u010damce i napuhane plovila, a tako\u0111er mo\u017ee slu\u017eiti kao sekundarno sidro za ve\u0107e brodove. Njegov dizajn omogu\u0107ava lako rastavljanje, \u0161to olak\u0161ava pohranu.<\/p>\n<p><strong>Optimalni kutovi za pobolj\u0161ano prianjanje:<\/strong><\/p>\n<ul>\n<li>32\u00b0 za sidrenje u pijesku<\/li>\n<li>45\u00b0 za sidrenje u mekom blatu<\/li>\n<\/ul>\n<p><strong>Specifikacije:<\/strong><\/p>\n<ul>\n<li>Te\u017eina: 15 lbs (7 kg)<\/li>\n<li>Dizajnirano za brodove du\u017eine izme\u0111u 39 i 45 stopa<\/li>\n<li>Mo\u017ee zamijeniti \u010deli\u010dna sidra te\u017eine izme\u0111u 19 i 28 lbs<\/li>\n<li>Dimenzije: 36&#8243; D x 29&#8243; \u0160 Stock, 21&#8243; Duljina Fluke<\/li>\n<li>Kapacitet dr\u017eanja u tvrdom pijesku: 8,000 lbs<\/li>\n<\/ul>\n<p>Sidro Fortress FX-23 je lagana, brzo postavljiva i pouzdana opcija. Izra\u0111eno od visokotla\u010dne legure aluminija i magnezija, ima dizajn bez zavarivanja koji pove\u0107ava njegovu izdr\u017eljivost.<\/p>\n<p><strong>Svestrane zna\u010dajke dizajna:<\/strong><\/p>\n<ul>\n<li>Dva prilagodljiva kuta stabla: 32\u00b0 za pijesak i 45\u00b0 za mekano blato<\/li>\n<li>Lagana konstrukcija smanjuje te\u017einu prednje strane broda<\/li>\n<li>Jednostavno za rukovanje, sastavljanje i rastavljanje<\/li>\n<\/ul>\n<p>Precizno izra\u0111eni, anodizirani dijelovi otporni su na koroziju i nemagnetni su. Ponosno proizvedeno u SAD-u, ovo sidro je tipno odobreno od strane Ameri\u010dkog ureda za brodarstvo (ABS).<\/p>\n<p><strong>Klju\u010dne zna\u010dajke Fortress sidara:<\/strong><\/p>\n<ul>\n<li>Izra\u0111eno od napredne, otporne na hr\u0111u legure aluminija i magnezija<\/li>\n<li>Izvrsna snaga dr\u017eanja za brodove izme\u0111u 39 i 45 stopa, uz mali dio te\u017eine konvencionalnih sidara<\/li>\n<li>Jednostavno sastavljanje i rastavljanje za bezbri\u017eno pohranjivanje<\/li>\n<li>Ocijenjeno kao najbolje sidro u vi\u0161e od 20 neovisnih testova \u0161irom svijeta, s vi\u0161e od 1 milijun prodanih Fortress sidara<\/li>\n<li>Podr\u017eano 100% jamstvom bez problema tijekom cijelog \u017eivotnog vijeka<\/li>\n<\/ul>\n<p><strong>Tehni\u010dke specifikacije:<\/strong><\/p>\n<ul>\n<li>Najbolja primjena: pijesak, blato, glina<\/li>\n<li>Prednosti: lagano i \u010dvrsto, rastavlja se za jednostavnu pohranu<\/li>\n<li>Preporu\u010dena du\u017eina broda: 39 do 45 stopa<\/li>\n<li>Materijal: aluminijska legura<\/li>\n<li>Nije prikladno za: stjenovite ili travnate podloge<\/li>\n<li>Tip: rotiraju\u0107e Fortress Fluke<\/li>\n<li>Informacije o jamstvu: zamjena dijelova tijekom cijelog \u017eivota<\/li>\n<li>Te\u017eina: 15 lbs<\/li>\n<\/ul>\n","protected":false},"excerpt":{"rendered":"<p>Sidro Fortress FX-23 &#8211; Fortress FX-23 sidro &#8211; 15 lbs &#8211; Savr\u0161eno za brodove du\u017eine od 39&#8242; do 45&#8242; Sagra\u0111eno<\/p>\n","protected":false},"featured_media":5937604,"comment_status":"open","ping_status":"closed","template":"","meta":[],"product_brand":[2956],"product_cat":[1868],"product_tag":[],"class_list":{"0":"post-740086","1":"product","2":"type-product","3":"status-publish","4":"has-post-thumbnail","6":"product_brand-fortress-hr","7":"product_cat-sidra-fortress","9":"first","10":"instock","11":"shipping-taxable","12":"purchasable","13":"product-type-simple"},"_links":{"self":[{"href":"https:\/\/stoic-curie.212-227-153-4.plesk.page\/hr\/wp-json\/wp\/v2\/product\/740086","targetHints":{"allow":["GET"]}}],"collection":[{"href":"https:\/\/stoic-curie.212-227-153-4.plesk.page\/hr\/wp-json\/wp\/v2\/product"}],"about":[{"href":"https:\/\/stoic-curie.212-227-153-4.plesk.page\/hr\/wp-json\/wp\/v2\/types\/product"}],"replies":[{"embeddable":true,"href":"https:\/\/stoic-curie.212-227-153-4.plesk.page\/hr\/wp-json\/wp\/v2\/comments?post=740086"}],"version-history":[{"count":0,"href":"https:\/\/stoic-curie.212-227-153-4.plesk.page\/hr\/wp-json\/wp\/v2\/product\/740086\/revisions"}],"wp:featuredmedia":[{"embeddable":true,"href":"https:\/\/stoic-curie.212-227-153-4.plesk.page\/hr\/wp-json\/wp\/v2\/media\/5937604"}],"wp:attachment":[{"href":"https:\/\/stoic-curie.212-227-153-4.plesk.page\/hr\/wp-json\/wp\/v2\/media?parent=740086"}],"wp:term":[{"taxonomy":"product_brand","embeddable":true,"href":"https:\/\/stoic-curie.212-227-153-4.plesk.page\/hr\/wp-json\/wp\/v2\/product_brand?post=740086"},{"taxonomy":"product_cat","embeddable":true,"href":"https:\/\/stoic-curie.212-227-153-4.plesk.page\/hr\/wp-json\/wp\/v2\/product_cat?post=740086"},{"taxonomy":"product_tag","embeddable":true,"href":"https:\/\/stoic-curie.212-227-153-4.plesk.page\/hr\/wp-json\/wp\/v2\/product_tag?post=740086"}],"curies":[{"name":"wp","href":"https:\/\/api.w.org\/{rel}","templated":true}]}}