{"id":740087,"date":"2025-03-03T18:06:50","date_gmt":"2025-03-03T17:06:50","guid":{"rendered":"https:\/\/stoic-curie.212-227-153-4.plesk.page\/producto\/sidro-fortress-fx-37\/"},"modified":"2026-02-25T00:00:41","modified_gmt":"2026-02-25T00:00:41","slug":"sidro-fortress-fx-37","status":"publish","type":"product","link":"https:\/\/stoic-curie.212-227-153-4.plesk.page\/hr\/product\/sidro-fortress-fx-37\/","title":{"rendered":"Sidro Fortress FX-37"},"content":{"rendered":"<p>Sidro Fortress FX-37 &#8211; <\/p>\n<p style=\"color: rgb(34, 34, 34); font-family: Arial, Helvetica, sans-serif; font-size: small;\"><strong>Fortress FX-37 Sidro &#8211; 21 lbs &#8211; Za \u010camce 46&#8242;-51&#8242;<\/strong><\/p>\n<p style=\"color: rgb(34, 34, 34); font-family: Arial, Helvetica, sans-serif; font-size: small;\">Fortress FX-37 Sidro je izra\u0111eno od poja\u010dane aluminijsko-magnezijske legure, \u0161to ga \u010dini zna\u010dajno lak\u0161im od tradicionalnih \u010deli\u010dnih sidara &#8211; manje od jedne tre\u0107ine te\u017eine &#8211; dok pru\u017ea 100% bolju sidrenu mo\u0107 zahvaljuju\u0107i svom inovativnom dizajnu.<\/p>\n<p style=\"color: rgb(34, 34, 34); font-family: Arial, Helvetica, sans-serif; font-size: small;\">Ovo sidro je idealno za motorne \u010damce i napuhane \u010damce, a mo\u017ee poslu\u017eiti i kao sekundarno sidro za ve\u0107e plovila. Lako se rastavlja radi prakti\u010dne pohrane.<\/p>\n<p style=\"color: rgb(34, 34, 34); font-family: Arial, Helvetica, sans-serif; font-size: small;\">Za optimalno prianjanje, preporu\u010deni su sljede\u0107i uglovi:<\/p>\n<ul style=\"color: rgb(34, 34, 34); font-family: Arial, Helvetica, sans-serif; font-size: small;\">\n<li>32\u00b0 za sidrenje u pijesku<\/li>\n<li>45\u00b0 za sidrenje u mekanom mulju<\/li>\n<\/ul>\n<p style=\"color: rgb(34, 34, 34); font-family: Arial, Helvetica, sans-serif; font-size: small;\"><strong>Specifikacije:<\/strong><\/p>\n<ul style=\"color: rgb(34, 34, 34); font-family: Arial, Helvetica, sans-serif; font-size: small;\">\n<li>Te\u017eina: 21 lbs \/ 10 kg<\/li>\n<li>Prikladno za \u010damce od 46-51 stopa<\/li>\n<li>Zamjenjuje \u010deli\u010dna sidra te\u017eine 33-50 lbs<\/li>\n<li>Dimenzije: 40&#8243; L x 32&#8243; W Dr\u0161ka, 24&#8243; Du\u017eina Fluke<\/li>\n<li>Snaga dr\u017eanja u tvrdom pijesku: 12.000 lbs<\/li>\n<\/ul>\n<p style=\"color: rgb(34, 34, 34); font-family: Arial, Helvetica, sans-serif; font-size: small;\">Fortress FX-37 Sidro je lagana, brzo postavljiva i pouzdana opcija. Napravljen je od visokotla\u010dne aluminijsko-magnezijske legure, bez zavarivanja koja bi mogla kompromitirati njegovu snagu.<\/p>\n<p style=\"color: rgb(34, 34, 34); font-family: Arial, Helvetica, sans-serif; font-size: small;\">Ovo sidro je svestrano, s dva podesiva kuta dr\u0161ke: 32\u00b0 za pijesak i 45\u00b0 za mekanu mulj. Njegov lagani dizajn poma\u017ee smanjiti te\u017einu na pramcu, \u0161to ga \u010dini lako upravljivim.<\/p>\n<p style=\"color: rgb(34, 34, 34); font-family: Arial, Helvetica, sans-serif; font-size: small;\">Precizno obra\u0111eni, anodizirani, me\u0111usobno povezani dijelovi su otporni na koroziju i nemagnetni, osiguravaju\u0107i da su jednako jednostavni za sastaviti koliko i za rastaviti. Pon proudly manufactured in the USA, this anchor is type approved by American Bureau of Shipping (ABS).<\/p>\n<p style=\"color: rgb(34, 34, 34); font-family: Arial, Helvetica, sans-serif; font-size: small;\"><strong>Klju\u010dne zna\u010dajke sidara Fortress:<\/strong><\/p>\n<ul style=\"color: rgb(34, 34, 34); font-family: Arial, Helvetica, sans-serif; font-size: small;\">\n<li>Izra\u0111eno od visokotehnolo\u0161ke, otporne na hr\u0111u aluminijsko-magnezijske legure<\/li>\n<li>Dizajnirano za \u010damce od 46-51 stopa, nudi superiornu snagu dr\u017eanja uz djeli\u0107 te\u017eine u usporedbi s drugim sidrima<\/li>\n<li>Jednostavno se sastavlja i rastavlja za prakti\u010dno skladi\u0161tenje<\/li>\n<li>Ocijenjeno kao najbolje sidro u vi\u0161e od 20 neovisnih testova \u0161irom svijeta, s vi\u0161e od 1 milijun prodanih Fortress sidara<\/li>\n<li>Dolazi s 100% bezbri\u017enom do\u017eivotnom garancijom, ponosno proizvedeno u SAD-u<\/li>\n<\/ul>\n<p style=\"color: rgb(34, 34, 34); font-family: Arial, Helvetica, sans-serif; font-size: small;\"><strong>Stil:<\/strong>\u00a0Okretni aluminijski fluke<br \/><strong>Materijal:<\/strong>\u00a0Aluminijsko-magnezijska legura visoke \u010dvrsto\u0107e<br \/><strong>Primjena:<\/strong>\u00a0Pijesak i mulj<br \/><strong>Prednosti:<\/strong>\u00a0Izvrsna snaga dr\u017eanja, dva kuta \u0161ipke za tvrdi pijesak i mekani mulj, lagan i jak, mo\u017ee se rastaviti za lako skladi\u0161tenje<br \/><strong>Jamstvo:<\/strong>\u00a0Do\u017eivotna zamjena dijelova<\/p>\n","protected":false},"excerpt":{"rendered":"<p>Sidro Fortress FX-37 &#8211; Fortress FX-37 Sidro &#8211; 21 lbs &#8211; Za \u010camce 46&#8242;-51&#8242; Fortress FX-37 Sidro je izra\u0111eno od<\/p>\n","protected":false},"featured_media":5937604,"comment_status":"open","ping_status":"closed","template":"","meta":[],"product_brand":[2956],"product_cat":[1868],"product_tag":[],"class_list":{"0":"post-740087","1":"product","2":"type-product","3":"status-publish","4":"has-post-thumbnail","6":"product_brand-fortress-hr","7":"product_cat-sidra-fortress","9":"first","10":"outofstock","11":"shipping-taxable","12":"purchasable","13":"product-type-simple"},"_links":{"self":[{"href":"https:\/\/stoic-curie.212-227-153-4.plesk.page\/hr\/wp-json\/wp\/v2\/product\/740087","targetHints":{"allow":["GET"]}}],"collection":[{"href":"https:\/\/stoic-curie.212-227-153-4.plesk.page\/hr\/wp-json\/wp\/v2\/product"}],"about":[{"href":"https:\/\/stoic-curie.212-227-153-4.plesk.page\/hr\/wp-json\/wp\/v2\/types\/product"}],"replies":[{"embeddable":true,"href":"https:\/\/stoic-curie.212-227-153-4.plesk.page\/hr\/wp-json\/wp\/v2\/comments?post=740087"}],"version-history":[{"count":0,"href":"https:\/\/stoic-curie.212-227-153-4.plesk.page\/hr\/wp-json\/wp\/v2\/product\/740087\/revisions"}],"wp:featuredmedia":[{"embeddable":true,"href":"https:\/\/stoic-curie.212-227-153-4.plesk.page\/hr\/wp-json\/wp\/v2\/media\/5937604"}],"wp:attachment":[{"href":"https:\/\/stoic-curie.212-227-153-4.plesk.page\/hr\/wp-json\/wp\/v2\/media?parent=740087"}],"wp:term":[{"taxonomy":"product_brand","embeddable":true,"href":"https:\/\/stoic-curie.212-227-153-4.plesk.page\/hr\/wp-json\/wp\/v2\/product_brand?post=740087"},{"taxonomy":"product_cat","embeddable":true,"href":"https:\/\/stoic-curie.212-227-153-4.plesk.page\/hr\/wp-json\/wp\/v2\/product_cat?post=740087"},{"taxonomy":"product_tag","embeddable":true,"href":"https:\/\/stoic-curie.212-227-153-4.plesk.page\/hr\/wp-json\/wp\/v2\/product_tag?post=740087"}],"curies":[{"name":"wp","href":"https:\/\/api.w.org\/{rel}","templated":true}]}}