{"id":740088,"date":"2025-03-03T18:06:51","date_gmt":"2025-03-03T17:06:51","guid":{"rendered":"https:\/\/stoic-curie.212-227-153-4.plesk.page\/producto\/sidro-fortress-fx-55\/"},"modified":"2026-02-25T00:00:41","modified_gmt":"2026-02-25T00:00:41","slug":"sidro-fortress-fx-55","status":"publish","type":"product","link":"https:\/\/stoic-curie.212-227-153-4.plesk.page\/hr\/product\/sidro-fortress-fx-55\/","title":{"rendered":"Sidro Fortress FX-55"},"content":{"rendered":"<p>Sidro Fortress FX-55 &#8211; <\/p>\n<p style=\"color: rgb(34, 34, 34); font-family: Arial, Helvetica, sans-serif; font-size: small;\"><strong>Fortress FX-55 Sidro &#8211; 32 lbs &#8211; Idealan za Plovila Du\u017eine 52`-58`<\/strong><\/p>\n<p style=\"color: rgb(34, 34, 34); font-family: Arial, Helvetica, sans-serif; font-size: small;\">Ponosno predstavljamo sidro Fortress FX-55, koje te\u017ei 32 lbs (15 kg) i posebno je dizajnirano za \u010damce du\u017eine izme\u0111u 52 i 58 stopa. Ovo aluminijsko sidro slu\u017ei kao moderna alternativa konvencionalnim \u010deli\u010dnim sidrima koja obi\u010dno te\u017ee izme\u0111u 50 i 65 lbs. Sa dimenzijama od 46 in\u010da u du\u017eini i 37 in\u010da u \u0161irini, uz du\u017einu fluke od 27 in\u010da, pru\u017ea impresivnu kapacitet dr\u017eanja od 16,000 lbs pod te\u0161kim uslovima peska. Izgra\u0111eno od oja\u010danog aluminijum-magnezijumskog legure, ovo sidro te\u017ei manje od jedne tre\u0107ine \u010deli\u010dne verzije dok nudi 100% superiornu snagu dr\u017eanja zahvaljuju\u0107i svom inovativnom dizajnu. Posebno je pogodno za motorne \u010damce i napuhane \u010damce, a mo\u017ee slu\u017eiti i kao sekundarno sidro za ve\u0107a plovila. Sidro se lako mo\u017ee rastaviti radi prakti\u010dnog skladi\u0161tenja. Optimalni uglovi za pobolj\u0161ano prianjanje su 32\u00b0 za sidrenje u pesku i 45\u00b0 za meku blato.<\/p>\n<p style=\"color: rgb(34, 34, 34); font-family: Arial, Helvetica, sans-serif; font-size: small;\">Sidro Fortress FX-55 nije samo lagano (32 lbs), ve\u0107 se i brzo postavlja, robusno je i pouzdano. Napravljen od visokotla\u010dnog aluminijum-magnezijumskog legure, koristi dizajn koji elimini\u0161e zavare koje potencijalno mogu kompromitovati strukturnu integritet metala.<\/p>\n<p style=\"color: rgb(34, 34, 34); font-family: Arial, Helvetica, sans-serif; font-size: small;\">Ovo sidro je svestrano, nudi dva podesiva ugla \u0161ipke: 32\u00b0 za pesak i 45\u00b0 za meku blato. Njegov lagani dizajn omogu\u0107ava lako rukovanje, \u010dime se smanjuje ukupna te\u017eina na pramcu va\u0161eg \u010damca.<\/p>\n<p style=\"color: rgb(34, 34, 34); font-family: Arial, Helvetica, sans-serif; font-size: small;\">Precizno obra\u0111eni, anodizirani me\u0111usobno povezani delovi nisu otporni na koroziju i nisu magnetski, \u0161to osigurava jednostavno sastavljanje i rastavljanje. Ponosno proizvedeno u SAD-u, dobilo je odobrenje vrste od Ameri\u010dkog Bureau of Shipping (ABS).<\/p>\n<p style=\"color: rgb(34, 34, 34); font-family: Arial, Helvetica, sans-serif; font-size: small;\"><strong>Klju\u010dne Karakteristike Fortress Sidara:<\/strong><\/p>\n<ul style=\"color: rgb(34, 34, 34); font-family: Arial, Helvetica, sans-serif; font-size: small;\">\n<li>Izgra\u0111eno od napredne, otporne na hr\u0111u aluminijum-magnezijumske legure.<\/li>\n<li>Dizajnirano za plovila du\u017eine 52-58 stopa, sidro Fortress FX-55 pru\u017ea izuzetnu snagu dr\u017eanja na zna\u010dajno lak\u0161oj te\u017eini u pore\u0111enju sa tradicionalnim sidrima.<\/li>\n<li>Jednostavnost sastavljanja i rastavljanja omogu\u0107ava jednostavno skladi\u0161tenje.<\/li>\n<li>To je najbolje ocenjeno sidro u vi\u0161e od 20 nezavisnih testova sprovedenih \u0161irom sveta, sa vi\u0161e od 1 miliona prodanih Fortress sidara.<\/li>\n<li>Dolazi sa 100% bezbri\u017enom do\u017eivotnom garancijom i proizvodi se u SAD-u.<\/li>\n<li>Testirano i kori\u0161\u0107eno od strane ameri\u010dke mornarice i ameri\u010dke obalne stra\u017ee.<\/li>\n<\/ul>\n<p style=\"color: rgb(34, 34, 34); font-family: Arial, Helvetica, sans-serif; font-size: small;\"><strong>Specifikacije:<\/strong><\/p>\n<ul style=\"color: rgb(34, 34, 34); font-family: Arial, Helvetica, sans-serif; font-size: small;\">\n<li>Stil: Rotiraju\u0107a aluminijska fluka<\/li>\n<li>Materijal: Aluminijum-magnezijumska legura visoke \u010dvrsto\u0107e<\/li>\n<li>Primena: Pogodno za pesak i blato<\/li>\n<li>Prednosti: Izvanredna snaga dr\u017eanja, dva ugla \u0161ipke za tvrdi pesak i mekano blato, lagano i izdr\u017eljivo, rasklapanje radi lakog skladi\u0161tenja.<\/li>\n<li>Garancija: Do\u017eivotna zamena delova<\/li>\n<\/ul>\n","protected":false},"excerpt":{"rendered":"<p>Sidro Fortress FX-55 &#8211; Fortress FX-55 Sidro &#8211; 32 lbs &#8211; Idealan za Plovila Du\u017eine 52`-58` Ponosno predstavljamo sidro Fortress<\/p>\n","protected":false},"featured_media":5937604,"comment_status":"open","ping_status":"closed","template":"","meta":[],"product_brand":[2956],"product_cat":[1868],"product_tag":[],"class_list":{"0":"post-740088","1":"product","2":"type-product","3":"status-publish","4":"has-post-thumbnail","6":"product_brand-fortress-hr","7":"product_cat-sidra-fortress","9":"first","10":"outofstock","11":"shipping-taxable","12":"purchasable","13":"product-type-simple"},"_links":{"self":[{"href":"https:\/\/stoic-curie.212-227-153-4.plesk.page\/hr\/wp-json\/wp\/v2\/product\/740088","targetHints":{"allow":["GET"]}}],"collection":[{"href":"https:\/\/stoic-curie.212-227-153-4.plesk.page\/hr\/wp-json\/wp\/v2\/product"}],"about":[{"href":"https:\/\/stoic-curie.212-227-153-4.plesk.page\/hr\/wp-json\/wp\/v2\/types\/product"}],"replies":[{"embeddable":true,"href":"https:\/\/stoic-curie.212-227-153-4.plesk.page\/hr\/wp-json\/wp\/v2\/comments?post=740088"}],"version-history":[{"count":0,"href":"https:\/\/stoic-curie.212-227-153-4.plesk.page\/hr\/wp-json\/wp\/v2\/product\/740088\/revisions"}],"wp:featuredmedia":[{"embeddable":true,"href":"https:\/\/stoic-curie.212-227-153-4.plesk.page\/hr\/wp-json\/wp\/v2\/media\/5937604"}],"wp:attachment":[{"href":"https:\/\/stoic-curie.212-227-153-4.plesk.page\/hr\/wp-json\/wp\/v2\/media?parent=740088"}],"wp:term":[{"taxonomy":"product_brand","embeddable":true,"href":"https:\/\/stoic-curie.212-227-153-4.plesk.page\/hr\/wp-json\/wp\/v2\/product_brand?post=740088"},{"taxonomy":"product_cat","embeddable":true,"href":"https:\/\/stoic-curie.212-227-153-4.plesk.page\/hr\/wp-json\/wp\/v2\/product_cat?post=740088"},{"taxonomy":"product_tag","embeddable":true,"href":"https:\/\/stoic-curie.212-227-153-4.plesk.page\/hr\/wp-json\/wp\/v2\/product_tag?post=740088"}],"curies":[{"name":"wp","href":"https:\/\/api.w.org\/{rel}","templated":true}]}}