{"id":740089,"date":"2025-03-03T18:06:51","date_gmt":"2025-03-03T17:06:51","guid":{"rendered":"https:\/\/stoic-curie.212-227-153-4.plesk.page\/producto\/sidro-fortress-fx-85\/"},"modified":"2026-02-25T00:00:41","modified_gmt":"2026-02-25T00:00:41","slug":"sidro-fortress-fx-85","status":"publish","type":"product","link":"https:\/\/stoic-curie.212-227-153-4.plesk.page\/hr\/product\/sidro-fortress-fx-85\/","title":{"rendered":"Sidro Fortress FX-85"},"content":{"rendered":"<p>Sidro Fortress FX-85 &#8211; <\/p>\n<p style=\"color: rgb(34, 34, 34); font-family: Arial, Helvetica, sans-serif; font-size: small;\"><strong>Ankro Fortress FX-85 &#8211; 21,3 kg za \u010damce od 18-21 m<\/strong><\/p>\n<p style=\"color: rgb(34, 34, 34); font-family: Arial, Helvetica, sans-serif; font-size: small;\">Ankro Fortress FX-85, te\u017eak 21,3 kg, dizajniran je za \u010damce od 18 do 21 metra. Vi\u0161e od trideset godina, Fortress Ankor konstantno nadma\u0161uje znatno te\u017ee \u010deli\u010dne ancore u testovima zadr\u017eavanja provedene diljem svijeta. U testovima koje je proveo ameri\u010dka mornarica, Fortress je ne samo da nadma\u0161io performanse te\u017eih \u010deli\u010dnih ankhora, ve\u0107 je tako\u0111er izdr\u017eao vu\u010dne sile koje su u prosjeku vi\u0161e od 200 puta ve\u0107e od vlastite te\u017eine.<\/p>\n<p style=\"color: rgb(34, 34, 34); font-family: Arial, Helvetica, sans-serif; font-size: small;\">Izra\u0111eni od visokotenzionog, korozije otpornog aluminij-magnesium legure, Fortress Ankori su lak\u0161i i lak\u0161i za rukovanje, dok nude superiornu zadr\u017eavanje mo\u0107i. Dizajn omogu\u0107ava jednostavno rastavljanje, \u0161to ga \u010dini prakti\u010dnim za kompaktno skladi\u0161tenje ili kao rezervno i\/ili olujno sidro. Svaki Fortress Ankor je precizno obra\u0111en kako bi se osigurala o\u0161trina i brza penetracija u razli\u010dite tipove morskog dna, \u0161to rezultira pobolj\u0161anim performansama postavljanja.<\/p>\n<p style=\"color: rgb(34, 34, 34); font-family: Arial, Helvetica, sans-serif; font-size: small;\"><strong>Karakteristike:<\/strong><\/p>\n<ul style=\"color: rgb(34, 34, 34); font-family: Arial, Helvetica, sans-serif; font-size: small;\">\n<li>Nagra\u0111ivani dizajn<\/li>\n<li>Najvi\u0161e ocjene u globalnim testovima<\/li>\n<li>Izra\u0111eni od kaljenog visokotehnolo\u0161kog aluminij-magnesium legure<\/li>\n<li>Promjenjivi kutovi kraka: 32\u00b0 za uobi\u010dajene morske podloge, 45\u00b0 za mekani mulj<\/li>\n<li>Lako se rastavlja za prakti\u010dno skladi\u0161tenje<\/li>\n<li>Lagano i lako za rukovanje<\/li>\n<li>Izdr\u017eljiva anodizirana zavr\u0161na obrada<\/li>\n<li>U ponosno proizvedeno u SAD-u<\/li>\n<\/ul>\n<p style=\"color: rgb(34, 34, 34); font-family: Arial, Helvetica, sans-serif; font-size: small;\"><strong>Dimenzije:<\/strong><\/p>\n<ul style=\"color: rgb(34, 34, 34); font-family: Arial, Helvetica, sans-serif; font-size: small;\">\n<li>&#8220;A&#8221; duljina osovine: 1,295 mm<\/li>\n<li>&#8220;B&#8221; duljina kraka: 762 mm<\/li>\n<li>&#8220;C&#8221; duljina stoka: 1,041 mm<\/li>\n<\/ul>\n","protected":false},"excerpt":{"rendered":"<p>Sidro Fortress FX-85 &#8211; Ankro Fortress FX-85 &#8211; 21,3 kg za \u010damce od 18-21 m Ankro Fortress FX-85, te\u017eak 21,3<\/p>\n","protected":false},"featured_media":5937604,"comment_status":"open","ping_status":"closed","template":"","meta":[],"product_brand":[2956],"product_cat":[1868],"product_tag":[],"class_list":{"0":"post-740089","1":"product","2":"type-product","3":"status-publish","4":"has-post-thumbnail","6":"product_brand-fortress-hr","7":"product_cat-sidra-fortress","9":"first","10":"outofstock","11":"shipping-taxable","12":"purchasable","13":"product-type-simple"},"_links":{"self":[{"href":"https:\/\/stoic-curie.212-227-153-4.plesk.page\/hr\/wp-json\/wp\/v2\/product\/740089","targetHints":{"allow":["GET"]}}],"collection":[{"href":"https:\/\/stoic-curie.212-227-153-4.plesk.page\/hr\/wp-json\/wp\/v2\/product"}],"about":[{"href":"https:\/\/stoic-curie.212-227-153-4.plesk.page\/hr\/wp-json\/wp\/v2\/types\/product"}],"replies":[{"embeddable":true,"href":"https:\/\/stoic-curie.212-227-153-4.plesk.page\/hr\/wp-json\/wp\/v2\/comments?post=740089"}],"version-history":[{"count":0,"href":"https:\/\/stoic-curie.212-227-153-4.plesk.page\/hr\/wp-json\/wp\/v2\/product\/740089\/revisions"}],"wp:featuredmedia":[{"embeddable":true,"href":"https:\/\/stoic-curie.212-227-153-4.plesk.page\/hr\/wp-json\/wp\/v2\/media\/5937604"}],"wp:attachment":[{"href":"https:\/\/stoic-curie.212-227-153-4.plesk.page\/hr\/wp-json\/wp\/v2\/media?parent=740089"}],"wp:term":[{"taxonomy":"product_brand","embeddable":true,"href":"https:\/\/stoic-curie.212-227-153-4.plesk.page\/hr\/wp-json\/wp\/v2\/product_brand?post=740089"},{"taxonomy":"product_cat","embeddable":true,"href":"https:\/\/stoic-curie.212-227-153-4.plesk.page\/hr\/wp-json\/wp\/v2\/product_cat?post=740089"},{"taxonomy":"product_tag","embeddable":true,"href":"https:\/\/stoic-curie.212-227-153-4.plesk.page\/hr\/wp-json\/wp\/v2\/product_tag?post=740089"}],"curies":[{"name":"wp","href":"https:\/\/api.w.org\/{rel}","templated":true}]}}