{"id":740090,"date":"2025-03-03T18:06:51","date_gmt":"2025-03-03T17:06:51","guid":{"rendered":"https:\/\/stoic-curie.212-227-153-4.plesk.page\/producto\/sidro-fortress-fx-125\/"},"modified":"2026-02-25T00:00:41","modified_gmt":"2026-02-25T00:00:41","slug":"sidro-fortress-fx-125","status":"publish","type":"product","link":"https:\/\/stoic-curie.212-227-153-4.plesk.page\/hr\/product\/sidro-fortress-fx-125\/","title":{"rendered":"Sidro Fortress FX &#8211; 125"},"content":{"rendered":"<p>Sidro Fortress FX &#8211; 125 &#8211; <\/p>\n<p style=\"color: rgb(34, 34, 34); font-family: Arial, Helvetica, sans-serif; font-size: small;\"><strong>Pregled sidra Fortress FX-125<\/strong><\/p>\n<p style=\"color: rgb(34, 34, 34); font-family: Arial, Helvetica, sans-serif; font-size: small;\">Sidro Fortress FX-125 predstavlja robusno i lagano rje\u0161enje za sidrenje, s te\u017einom od samo 31 kg (69 lbs). Dizajnirano za \u010damce du\u017eine od 21 do 46 stopa, ovo sidro predstavlja izvrstan zamjenu za tradicionalna \u010deli\u010dna sidra te\u017eine od 45 do 77 kg. S dimenzijama od 142 cm u du\u017einu i 114 cm u \u0161irinu, te du\u017einom kraka od 84 cm, mo\u017ee posti\u0107i impresivnu nosivost do 12.247 kg na te\u0161kim pje\u0161\u010danim uvjetima.<\/p>\n<p style=\"color: rgb(34, 34, 34); font-family: Arial, Helvetica, sans-serif; font-size: small;\">Izra\u0111eno od visokotla\u010dne legure aluminija i.magnesium Fortress FX-125 je konstruirano bez zavarivanja, \u0161to mo\u017ee kompromitirati integritet metala. Ovaj inovativni dizajn rezultira sidrom koje te\u017ei manje od tre\u0107ine te\u017eine svojih \u010deli\u010dnih kolega, dok pru\u017ea 100 % ve\u0107u nosivost. Idealno je za motornjake i napuhane \u010damce, a mo\u017ee poslu\u017eiti i kao sekundarno sidro za ve\u0107e plovila. Sidro se lako rastavlja radi prakti\u010dnog skladi\u0161tenja.<\/p>\n<p style=\"color: rgb(34, 34, 34); font-family: Arial, Helvetica, sans-serif; font-size: small;\">Sidro Fortress FX-125 ima dva prilagodljiva kuta dr\u0161ke: 32\u00b0 za optimalne performanse na pijesku i 45\u00b0 za meku blato, \u010dime se osigurava \u010dvrsto prijanjanje u razli\u010ditim uvjetima morskog dna. Njegova lagana konstrukcija poma\u017ee u smanjenju te\u017eine na pramcu, \u010dine\u0107i ga lak\u0161im za rukovanje.<\/p>\n<p style=\"color: rgb(34, 34, 34); font-family: Arial, Helvetica, sans-serif; font-size: small;\">Precizno obra\u0111eni, anodizirani, me\u0111usobno povezani dijelovi sidra su otporni na koroziju i nemagnetni, \u0161to omogu\u0107uje jednostavnu monta\u017eu i demonta\u017eu. Ponose\u0107i se time \u0161to je izra\u0111eno u SAD-u, sidro Fortress FX-125 odobrila je American Bureau of Shipping (ABS).<\/p>\n<p style=\"color: rgb(34, 34, 34); font-family: Arial, Helvetica, sans-serif; font-size: small;\"><strong>Klju\u010dne zna\u010dajke sidra Fortress FX-125<\/strong><\/p>\n<ul style=\"color: rgb(34, 34, 34); font-family: Arial, Helvetica, sans-serif; font-size: small;\">\n<li>Izra\u0111eno od napredne, otpornim na hr\u0111u aluminij-magnezij legure.<\/li>\n<li>Dizajnirano za \u010damce du\u017eine od 21 do 46 stopa, pru\u017ea superiornu nosivost uz znatno smanjenu te\u017einu u usporedbi s tradicionalnim sidrima.<\/li>\n<li>Jednostavno za sastaviti i rastaviti radi prakti\u010dnog skladi\u0161tenja.<\/li>\n<li>Prepoznato kao najbolje ocijenjeno sidro u vi\u0161e od 20 neovisnih testova \u0161irom svijeta, s vi\u0161e od 1 milijun prodanih Fortress sidra.<\/li>\n<li>Pokriveno je 100% bezbri\u017enom do\u017eivotnom garancijom i proizvedeno je u SAD-u.<\/li>\n<li>Testirano i kori\u0161teno od strane ameri\u010dke mornarice i obalne stra\u017ee.<\/li>\n<\/ul>\n<p style=\"color: rgb(34, 34, 34); font-family: Arial, Helvetica, sans-serif; font-size: small;\"><strong>Specifikacije<\/strong><\/p>\n<ul style=\"color: rgb(34, 34, 34); font-family: Arial, Helvetica, sans-serif; font-size: small;\">\n<li><strong>Stil:<\/strong>\u00a0Okretni aluminijski krak<\/li>\n<li><strong>Materijal:<\/strong>\u00a0Visokotla\u010dna aluminij-magnezij legura<\/li>\n<li><strong>Aplikacija:<\/strong>\u00a0Pogodno za pijesak i blato<\/li>\n<li><strong>Prednosti:<\/strong>\u00a0Izvrsna nosivost, lagano, sna\u017eno i rastavlja se radi lak\u0161eg skladi\u0161tenja.<\/li>\n<li><strong>Jamstvo:<\/strong>\u00a0Do\u017eivotna zamjena dijelova<\/li>\n<\/ul>\n<p style=\"color: rgb(34, 34, 34); font-family: Arial, Helvetica, sans-serif; font-size: small;\"><strong>Tehni\u010dke specifikacije sidra Fortress FX-125<\/strong><\/p>\n<ul style=\"color: rgb(34, 34, 34); font-family: Arial, Helvetica, sans-serif; font-size: small;\">\n<li><strong>Najbolja Upotreba:<\/strong>\u00a0Pijesak, blato, glina<\/li>\n<li><strong>Prednosti:<\/strong>\u00a0Lagano i sna\u017eno, rastavlja se radi skladi\u0161tenja<\/li>\n<li><strong>Kompatibilnost s du\u017einom \u010damca:<\/strong>\u00a021 do 46 stopa<\/li>\n<li><strong>Materijal:<\/strong>\u00a0Aluminijska legura<\/li>\n<li><strong>Nije preporu\u010deno za:<\/strong>\u00a0Manje u\u010dinkovito na stjenovitom ili travnatim dnom<\/li>\n<li><strong>Tip:<\/strong>\u00a0Okretni Fortress krak<\/li>\n<li><strong>Detalji jamstva:<\/strong>\u00a0Do\u017eivotna zamjena dijelova<\/li>\n<li><strong>Peso:<\/strong>\u00a031 kg<\/li>\n<\/ul>\n<p style=\"color: rgb(34, 34, 34); font-family: Arial, Helvetica, sans-serif; font-size: small;\">Sidro Fortress FX-125 predstavlja izvanredan izbor za vlasnike \u010damaca u potrazi za pouzdanim, visokokvalitetnim rje\u0161enjem za sidrenje koje kombinira snagu, svestranost i jednostavnost kori\u0161tenja.<\/p>\n","protected":false},"excerpt":{"rendered":"<p>Sidro Fortress FX &#8211; 125 &#8211; Pregled sidra Fortress FX-125 Sidro Fortress FX-125 predstavlja robusno i lagano rje\u0161enje za sidrenje,<\/p>\n","protected":false},"featured_media":5937604,"comment_status":"open","ping_status":"closed","template":"","meta":[],"product_brand":[2956],"product_cat":[1868],"product_tag":[],"class_list":{"0":"post-740090","1":"product","2":"type-product","3":"status-publish","4":"has-post-thumbnail","6":"product_brand-fortress-hr","7":"product_cat-sidra-fortress","9":"first","10":"outofstock","11":"shipping-taxable","12":"purchasable","13":"product-type-simple"},"_links":{"self":[{"href":"https:\/\/stoic-curie.212-227-153-4.plesk.page\/hr\/wp-json\/wp\/v2\/product\/740090","targetHints":{"allow":["GET"]}}],"collection":[{"href":"https:\/\/stoic-curie.212-227-153-4.plesk.page\/hr\/wp-json\/wp\/v2\/product"}],"about":[{"href":"https:\/\/stoic-curie.212-227-153-4.plesk.page\/hr\/wp-json\/wp\/v2\/types\/product"}],"replies":[{"embeddable":true,"href":"https:\/\/stoic-curie.212-227-153-4.plesk.page\/hr\/wp-json\/wp\/v2\/comments?post=740090"}],"version-history":[{"count":0,"href":"https:\/\/stoic-curie.212-227-153-4.plesk.page\/hr\/wp-json\/wp\/v2\/product\/740090\/revisions"}],"wp:featuredmedia":[{"embeddable":true,"href":"https:\/\/stoic-curie.212-227-153-4.plesk.page\/hr\/wp-json\/wp\/v2\/media\/5937604"}],"wp:attachment":[{"href":"https:\/\/stoic-curie.212-227-153-4.plesk.page\/hr\/wp-json\/wp\/v2\/media?parent=740090"}],"wp:term":[{"taxonomy":"product_brand","embeddable":true,"href":"https:\/\/stoic-curie.212-227-153-4.plesk.page\/hr\/wp-json\/wp\/v2\/product_brand?post=740090"},{"taxonomy":"product_cat","embeddable":true,"href":"https:\/\/stoic-curie.212-227-153-4.plesk.page\/hr\/wp-json\/wp\/v2\/product_cat?post=740090"},{"taxonomy":"product_tag","embeddable":true,"href":"https:\/\/stoic-curie.212-227-153-4.plesk.page\/hr\/wp-json\/wp\/v2\/product_tag?post=740090"}],"curies":[{"name":"wp","href":"https:\/\/api.w.org\/{rel}","templated":true}]}}