{"id":740093,"date":"2025-03-03T18:06:52","date_gmt":"2025-03-03T17:06:52","guid":{"rendered":"https:\/\/stoic-curie.212-227-153-4.plesk.page\/producto\/jednostavni-modularni-drzaci-bokobrana-250mm\/"},"modified":"2026-02-25T00:00:41","modified_gmt":"2026-02-25T00:00:41","slug":"jednostavni-modularni-drzaci-bokobrana-250mm","status":"publish","type":"product","link":"https:\/\/stoic-curie.212-227-153-4.plesk.page\/hr\/product\/jednostavni-modularni-drzaci-bokobrana-250mm\/","title":{"rendered":"Jednostavni modularni dr\u017eaci bokobrana 250mm"},"content":{"rendered":"<p>Jednostavni modularni dr\u017eaci bokobrana 250mm &#8211; <\/p>\n<p>Klasici modularni nosa\u010di od nehr\u0111aju\u0107eg \u010delika 316. Svestrano rje\u0161enje za pohranu fendera s spojnicama koje omogu\u0107uju pri\u010dvr\u0161\u0107ivanje ko\u0161ara na ograde u bilo kojoj kombinaciji. Sve \u0161to vam je potrebno za instalaciju je odvija\u010d, jedna ili vi\u0161e ko\u0161ara i jedan ili vi\u0161e zglobnih ili paralelnih spojeva. Zglobni spoj je steznik cijevi za tra\u010dnice od 22\/25 mm. Paralelni spoj spaja vi\u0161e ko\u0161ara.<\/p>\n","protected":false},"excerpt":{"rendered":"<p>Jednostavni modularni dr\u017eaci bokobrana 250mm &#8211; Klasici modularni nosa\u010di od nehr\u0111aju\u0107eg \u010delika 316. Svestrano rje\u0161enje za pohranu fendera s spojnicama<\/p>\n","protected":false},"featured_media":5937609,"comment_status":"open","ping_status":"closed","template":"","meta":[],"product_brand":[3181,2258],"product_cat":[1847],"product_tag":[],"class_list":{"0":"post-740093","1":"product","2":"type-product","3":"status-publish","4":"has-post-thumbnail","6":"product_brand-nawa-hr","7":"product_brand-nawa","8":"product_cat-pribor-za-bokobrane","10":"first","11":"instock","12":"shipping-taxable","13":"purchasable","14":"product-type-simple"},"_links":{"self":[{"href":"https:\/\/stoic-curie.212-227-153-4.plesk.page\/hr\/wp-json\/wp\/v2\/product\/740093","targetHints":{"allow":["GET"]}}],"collection":[{"href":"https:\/\/stoic-curie.212-227-153-4.plesk.page\/hr\/wp-json\/wp\/v2\/product"}],"about":[{"href":"https:\/\/stoic-curie.212-227-153-4.plesk.page\/hr\/wp-json\/wp\/v2\/types\/product"}],"replies":[{"embeddable":true,"href":"https:\/\/stoic-curie.212-227-153-4.plesk.page\/hr\/wp-json\/wp\/v2\/comments?post=740093"}],"version-history":[{"count":0,"href":"https:\/\/stoic-curie.212-227-153-4.plesk.page\/hr\/wp-json\/wp\/v2\/product\/740093\/revisions"}],"wp:featuredmedia":[{"embeddable":true,"href":"https:\/\/stoic-curie.212-227-153-4.plesk.page\/hr\/wp-json\/wp\/v2\/media\/5937609"}],"wp:attachment":[{"href":"https:\/\/stoic-curie.212-227-153-4.plesk.page\/hr\/wp-json\/wp\/v2\/media?parent=740093"}],"wp:term":[{"taxonomy":"product_brand","embeddable":true,"href":"https:\/\/stoic-curie.212-227-153-4.plesk.page\/hr\/wp-json\/wp\/v2\/product_brand?post=740093"},{"taxonomy":"product_cat","embeddable":true,"href":"https:\/\/stoic-curie.212-227-153-4.plesk.page\/hr\/wp-json\/wp\/v2\/product_cat?post=740093"},{"taxonomy":"product_tag","embeddable":true,"href":"https:\/\/stoic-curie.212-227-153-4.plesk.page\/hr\/wp-json\/wp\/v2\/product_tag?post=740093"}],"curies":[{"name":"wp","href":"https:\/\/api.w.org\/{rel}","templated":true}]}}