{"id":740101,"date":"2025-03-03T18:06:54","date_gmt":"2025-03-03T17:06:54","guid":{"rendered":"https:\/\/stoic-curie.212-227-153-4.plesk.page\/producto\/odobreni-prsluk-za-spasavanje-securmar-bravo-100n-15-20kg\/"},"modified":"2026-02-25T00:00:41","modified_gmt":"2026-02-25T00:00:41","slug":"odobreni-prsluk-za-spasavanje-securmar-bravo-100n-15-20kg","status":"publish","type":"product","link":"https:\/\/stoic-curie.212-227-153-4.plesk.page\/hr\/product\/odobreni-prsluk-za-spasavanje-securmar-bravo-100n-15-20kg\/","title":{"rendered":"Odobreni prsluk za spa\u0161avanje Securmar Bravo 100n 15-20kg"},"content":{"rendered":"<p>Odobreni prsluk za spa\u0161avanje Securmar Bravo 100n 15-20kg &#8211; <\/p>\n<p>100N vrlo udoban i nosiv pjenasti prsluk za spa\u0161avanje, EN ISO 12402-4 certificiran za rekreativnu plovidbu unutar 6 nauti\u010dkih milja od obale. Zna\u010dajke: tkanina otporna na kidanje s mekim podstavom, patentni zatvara\u010d, pojas s brzim otpu\u0161tanjem, trake za pri\u010dvr\u0161\u0107ivanje na dnu i u preponama, reflektiraju\u0107e oznake i zvi\u017edaljka. 100N &#8211; Za upotrebu u obalnim vodama, prikladno \u010dak i za slabe pliva\u010de, ali s laganom odje\u0107om. Nije prikladno za nesvjesne osobe.<\/p>\n","protected":false},"excerpt":{"rendered":"<p>Odobreni prsluk za spa\u0161avanje Securmar Bravo 100n 15-20kg &#8211; 100N vrlo udoban i nosiv pjenasti prsluk za spa\u0161avanje, EN ISO<\/p>\n","protected":false},"featured_media":5936080,"comment_status":"open","ping_status":"closed","template":"","meta":[],"product_brand":[3366],"product_cat":[1606],"product_tag":[],"class_list":{"0":"post-740101","1":"product","2":"type-product","3":"status-publish","4":"has-post-thumbnail","6":"product_brand-securmar-hr","7":"product_cat-djecji-prsluci-za-spasavanje","9":"first","10":"instock","11":"shipping-taxable","12":"purchasable","13":"product-type-simple"},"_links":{"self":[{"href":"https:\/\/stoic-curie.212-227-153-4.plesk.page\/hr\/wp-json\/wp\/v2\/product\/740101","targetHints":{"allow":["GET"]}}],"collection":[{"href":"https:\/\/stoic-curie.212-227-153-4.plesk.page\/hr\/wp-json\/wp\/v2\/product"}],"about":[{"href":"https:\/\/stoic-curie.212-227-153-4.plesk.page\/hr\/wp-json\/wp\/v2\/types\/product"}],"replies":[{"embeddable":true,"href":"https:\/\/stoic-curie.212-227-153-4.plesk.page\/hr\/wp-json\/wp\/v2\/comments?post=740101"}],"version-history":[{"count":0,"href":"https:\/\/stoic-curie.212-227-153-4.plesk.page\/hr\/wp-json\/wp\/v2\/product\/740101\/revisions"}],"wp:featuredmedia":[{"embeddable":true,"href":"https:\/\/stoic-curie.212-227-153-4.plesk.page\/hr\/wp-json\/wp\/v2\/media\/5936080"}],"wp:attachment":[{"href":"https:\/\/stoic-curie.212-227-153-4.plesk.page\/hr\/wp-json\/wp\/v2\/media?parent=740101"}],"wp:term":[{"taxonomy":"product_brand","embeddable":true,"href":"https:\/\/stoic-curie.212-227-153-4.plesk.page\/hr\/wp-json\/wp\/v2\/product_brand?post=740101"},{"taxonomy":"product_cat","embeddable":true,"href":"https:\/\/stoic-curie.212-227-153-4.plesk.page\/hr\/wp-json\/wp\/v2\/product_cat?post=740101"},{"taxonomy":"product_tag","embeddable":true,"href":"https:\/\/stoic-curie.212-227-153-4.plesk.page\/hr\/wp-json\/wp\/v2\/product_tag?post=740101"}],"curies":[{"name":"wp","href":"https:\/\/api.w.org\/{rel}","templated":true}]}}