{"id":740102,"date":"2025-03-03T18:06:54","date_gmt":"2025-03-03T17:06:54","guid":{"rendered":"https:\/\/stoic-curie.212-227-153-4.plesk.page\/producto\/pocincani-kalibrirani-lanac-6mm-x-50mt-din-766\/"},"modified":"2026-02-25T00:00:41","modified_gmt":"2026-02-25T00:00:41","slug":"pocincani-kalibrirani-lanac-6mm-x-50mt-din-766","status":"publish","type":"product","link":"https:\/\/stoic-curie.212-227-153-4.plesk.page\/hr\/product\/pocincani-kalibrirani-lanac-6mm-x-50mt-din-766\/","title":{"rendered":"Pocincani kalibrirani lanac 6mm x 50mt DIN 766"},"content":{"rendered":"<p>Pocincani kalibrirani lanac 6mm x 50mt DIN 766 &#8211; <\/p>\n<p>DIN766 vru\u0107e pocin\u010dana, kalibrirana \u010deli\u010dna lan\u010dana za vitla. Kontrolirana proizvodnja G40 razreda s visokom granicom loma. Napomena: granica loma lanca je \u010detiri puta ve\u0107a od radnog optere\u0107enja. Pakiranje: 30, 50, 75 ili 100 metara.<\/p>\n","protected":false},"excerpt":{"rendered":"<p>Pocincani kalibrirani lanac 6mm x 50mt DIN 766 &#8211; DIN766 vru\u0107e pocin\u010dana, kalibrirana \u010deli\u010dna lan\u010dana za vitla. Kontrolirana proizvodnja G40<\/p>\n","protected":false},"featured_media":5937689,"comment_status":"open","ping_status":"closed","template":"","meta":[],"product_brand":[3086],"product_cat":[1619,1685],"product_tag":[],"class_list":{"0":"post-740102","1":"product","2":"type-product","3":"status-publish","4":"has-post-thumbnail","6":"product_brand-maggigroup-hr","7":"product_cat-kalibrirani-lanac-pocincan","8":"product_cat-pocincani-lanac","10":"first","11":"instock","12":"shipping-taxable","13":"purchasable","14":"product-type-simple"},"_links":{"self":[{"href":"https:\/\/stoic-curie.212-227-153-4.plesk.page\/hr\/wp-json\/wp\/v2\/product\/740102","targetHints":{"allow":["GET"]}}],"collection":[{"href":"https:\/\/stoic-curie.212-227-153-4.plesk.page\/hr\/wp-json\/wp\/v2\/product"}],"about":[{"href":"https:\/\/stoic-curie.212-227-153-4.plesk.page\/hr\/wp-json\/wp\/v2\/types\/product"}],"replies":[{"embeddable":true,"href":"https:\/\/stoic-curie.212-227-153-4.plesk.page\/hr\/wp-json\/wp\/v2\/comments?post=740102"}],"version-history":[{"count":0,"href":"https:\/\/stoic-curie.212-227-153-4.plesk.page\/hr\/wp-json\/wp\/v2\/product\/740102\/revisions"}],"wp:featuredmedia":[{"embeddable":true,"href":"https:\/\/stoic-curie.212-227-153-4.plesk.page\/hr\/wp-json\/wp\/v2\/media\/5937689"}],"wp:attachment":[{"href":"https:\/\/stoic-curie.212-227-153-4.plesk.page\/hr\/wp-json\/wp\/v2\/media?parent=740102"}],"wp:term":[{"taxonomy":"product_brand","embeddable":true,"href":"https:\/\/stoic-curie.212-227-153-4.plesk.page\/hr\/wp-json\/wp\/v2\/product_brand?post=740102"},{"taxonomy":"product_cat","embeddable":true,"href":"https:\/\/stoic-curie.212-227-153-4.plesk.page\/hr\/wp-json\/wp\/v2\/product_cat?post=740102"},{"taxonomy":"product_tag","embeddable":true,"href":"https:\/\/stoic-curie.212-227-153-4.plesk.page\/hr\/wp-json\/wp\/v2\/product_tag?post=740102"}],"curies":[{"name":"wp","href":"https:\/\/api.w.org\/{rel}","templated":true}]}}