{"id":740107,"date":"2025-03-03T18:06:55","date_gmt":"2025-03-03T17:06:55","guid":{"rendered":"https:\/\/stoic-curie.212-227-153-4.plesk.page\/producto\/pocincani-celicni-lanac-s-dugom-karikom-22-801mm-x-50mt\/"},"modified":"2026-02-25T00:00:41","modified_gmt":"2026-02-25T00:00:41","slug":"pocincani-celicni-lanac-s-dugom-karikom-22-801mm-x-50mt","status":"publish","type":"product","link":"https:\/\/stoic-curie.212-227-153-4.plesk.page\/hr\/product\/pocincani-celicni-lanac-s-dugom-karikom-22-801mm-x-50mt\/","title":{"rendered":"Pocincani celicni lanac 22mm x 50mt"},"content":{"rendered":"<p>Pocincani celicni lanac 22mm x 50mt &#8211; <\/p>\n<p style=\"color: rgb(34, 34, 34); font-family: Arial, Helvetica, sans-serif; font-size: small;\">Sa zadovoljstvom predstavljamo na\u0161u premium kvalitetu, kontroliranu dugu kariku vru\u0107e pocin\u010danog \u010deli\u010dnog lanca, dizajniranu da zadovolji stroge zahtjeve razli\u010ditih primjena. Na\u0161i genovinski pocin\u010dani lanci su konstruirani kako bi pru\u017eili izvanrednu \u010dvrsto\u0107u i izvanrednu otpornost na koroziju, \u0161to ih \u010dini idealnim izborom za brojne okoline. Bilo da ih koristite na otvorenom, u pomorskim aplikacijama ili u izazovnim industrijskim zadacima, ovi lanci su napravljeni da pouzdano rade pod pritiskom.<\/p>\n<p style=\"color: rgb(34, 34, 34); font-family: Arial, Helvetica, sans-serif; font-size: small;\">Proces galvanizacije koji se koristi u proizvodnji na\u0161ih lanaca uklju\u010duje primjenu za\u0161titnog cinkovog premaza, \u0161to zna\u010dajno pobolj\u0161ava njihovu izdr\u017eljivost i produ\u017eava njihov vijek trajanja. Ova dodatna za\u0161titna povr\u0161ina osigurava da lanac mo\u017ee izdr\u017eati vremenske uvjete i otpornosti na habanje tijekom vremena. Nudimo na\u0161e pocin\u010dane lance u raznim veli\u010dinama i duljinama, omogu\u0107uju\u0107i vam da odaberete savr\u0161enu opciju prilago\u0111enu va\u0161im specifi\u010dnim zahtjevima. S na\u0161om predano\u0161\u0107u kvaliteti i izvedbi, mo\u017eete biti sigurni da \u0107e na\u0161i lanci pru\u017eiti pouzdanu izvedbu u svim uvjetima, osiguravaju\u0107i vam miran san za va\u0161e projekte.<\/p>\n","protected":false},"excerpt":{"rendered":"<p>Pocincani celicni lanac 22mm x 50mt &#8211; Sa zadovoljstvom predstavljamo na\u0161u premium kvalitetu, kontroliranu dugu kariku vru\u0107e pocin\u010danog \u010deli\u010dnog lanca,<\/p>\n","protected":false},"featured_media":5937689,"comment_status":"open","ping_status":"closed","template":"","meta":[],"product_brand":[3086],"product_cat":[1685],"product_tag":[],"class_list":{"0":"post-740107","1":"product","2":"type-product","3":"status-publish","4":"has-post-thumbnail","6":"product_brand-maggigroup-hr","7":"product_cat-pocincani-lanac","9":"first","10":"instock","11":"shipping-taxable","12":"purchasable","13":"product-type-simple"},"_links":{"self":[{"href":"https:\/\/stoic-curie.212-227-153-4.plesk.page\/hr\/wp-json\/wp\/v2\/product\/740107","targetHints":{"allow":["GET"]}}],"collection":[{"href":"https:\/\/stoic-curie.212-227-153-4.plesk.page\/hr\/wp-json\/wp\/v2\/product"}],"about":[{"href":"https:\/\/stoic-curie.212-227-153-4.plesk.page\/hr\/wp-json\/wp\/v2\/types\/product"}],"replies":[{"embeddable":true,"href":"https:\/\/stoic-curie.212-227-153-4.plesk.page\/hr\/wp-json\/wp\/v2\/comments?post=740107"}],"version-history":[{"count":0,"href":"https:\/\/stoic-curie.212-227-153-4.plesk.page\/hr\/wp-json\/wp\/v2\/product\/740107\/revisions"}],"wp:featuredmedia":[{"embeddable":true,"href":"https:\/\/stoic-curie.212-227-153-4.plesk.page\/hr\/wp-json\/wp\/v2\/media\/5937689"}],"wp:attachment":[{"href":"https:\/\/stoic-curie.212-227-153-4.plesk.page\/hr\/wp-json\/wp\/v2\/media?parent=740107"}],"wp:term":[{"taxonomy":"product_brand","embeddable":true,"href":"https:\/\/stoic-curie.212-227-153-4.plesk.page\/hr\/wp-json\/wp\/v2\/product_brand?post=740107"},{"taxonomy":"product_cat","embeddable":true,"href":"https:\/\/stoic-curie.212-227-153-4.plesk.page\/hr\/wp-json\/wp\/v2\/product_cat?post=740107"},{"taxonomy":"product_tag","embeddable":true,"href":"https:\/\/stoic-curie.212-227-153-4.plesk.page\/hr\/wp-json\/wp\/v2\/product_tag?post=740107"}],"curies":[{"name":"wp","href":"https:\/\/api.w.org\/{rel}","templated":true}]}}