{"id":740109,"date":"2025-03-03T18:06:56","date_gmt":"2025-03-03T17:06:56","guid":{"rendered":"https:\/\/stoic-curie.212-227-153-4.plesk.page\/producto\/nehrdajuci-kalibrirani-lanac-6mm-x-50mt-din766\/"},"modified":"2026-02-25T00:00:41","modified_gmt":"2026-02-25T00:00:41","slug":"nehrdajuci-kalibrirani-lanac-6mm-x-50mt-din766","status":"publish","type":"product","link":"https:\/\/stoic-curie.212-227-153-4.plesk.page\/hr\/product\/nehrdajuci-kalibrirani-lanac-6mm-x-50mt-din766\/","title":{"rendered":"Nehr\u0111aju\u0107i kalibrirani lanac 6mm x 50mt DIN766"},"content":{"rendered":"<p>Nehr\u0111aju\u0107i kalibrirani lanac 6mm x 50mt DIN766 &#8211; <\/p>\n<p style=\"color: rgb(34, 34, 34); font-family: Arial, Helvetica, sans-serif; font-size: small;\">DIN766 316L nehr\u0111aju\u0107i \u010delik kalibrirana lan\u010dana veza za sidrene ure\u0111aje<\/p>\n<p style=\"color: rgb(34, 34, 34); font-family: Arial, Helvetica, sans-serif; font-size: small;\">Ova DIN 766 kalibrirana lan\u010dana veza izra\u0111ena je od A4-AISI 316 nehr\u0111aju\u0107eg \u010delika, \u0161to osigurava izvanrednu izdr\u017eljivost i snagu, posebno za primjenu na sidrenim ure\u0111ajima. Idealna je za operacije sidrenja i u\u010dinkovito osigurava bojice, sidra i raznu opremu u morskim uvjetima. Za razliku od tradicionalnih lanaca od \u017eeljeza i \u010delika, A4 nehr\u0111aju\u0107i \u010deli\u010dni lanci otporni su na koroziju, slanu vodu i kiseline, \u0161to osigurava dulji vijek trajanja \u010dak i u te\u0161kim morskim uvjetima. S impresivnom stabilno\u0161\u0107u i prijelomnom snagom koja je \u010detiri puta ve\u0107a od radne optere\u0107enosti, ovaj svestrani lanac je prikladan za razne unutarnje i vanjske upotrebe. Dolazi u razli\u010ditim promjerima, \u0161to ga \u010dini izvrsnim izborom za razne pomorske potrebe i \u0161ire.<\/p>\n<p style=\"color: rgb(34, 34, 34); font-family: Arial, Helvetica, sans-serif; font-size: small;\">Klju\u010dne \u010dinjenice, zna\u010dajke i prednosti G4 nehr\u0111aju\u0107eg \u010deli\u010dnog sidrenog lanca<\/p>\n<ul style=\"color: rgb(34, 34, 34); font-family: Arial, Helvetica, sans-serif; font-size: small;\">\n<li>Proizveden u skladu s G4 specifikacijama<\/li>\n<li>Kalibriran u skladu s DIN 766 standardima<\/li>\n<li>Pobolj\u0161an izgled zahvaljuju\u0107i glatkom poliranju<\/li>\n<li>Rje\u0161enje je \u017eareno kako bi se pove\u0107ala otpornost na koroziju<\/li>\n<li>Idealna za okru\u017eenja s visokim rizikom od korozije, poput slane vode<\/li>\n<li>Priu\u0161teno je testirano nakon proizvodnje<\/li>\n<li>Testirano po serijama i certificirano za kvalitetu<\/li>\n<\/ul>\n","protected":false},"excerpt":{"rendered":"<p>Nehr\u0111aju\u0107i kalibrirani lanac 6mm x 50mt DIN766 &#8211; DIN766 316L nehr\u0111aju\u0107i \u010delik kalibrirana lan\u010dana veza za sidrene ure\u0111aje Ova DIN<\/p>\n","protected":false},"featured_media":5937694,"comment_status":"open","ping_status":"closed","template":"","meta":[],"product_brand":[3086],"product_cat":[1620,1692],"product_tag":[],"class_list":{"0":"post-740109","1":"product","2":"type-product","3":"status-publish","4":"has-post-thumbnail","6":"product_brand-maggigroup-hr","7":"product_cat-kalibrirani-lanac-od-nehrdajuceg-celika","8":"product_cat-lanac-od-nehrdajuci-celik","10":"first","11":"instock","12":"shipping-taxable","13":"purchasable","14":"product-type-simple"},"_links":{"self":[{"href":"https:\/\/stoic-curie.212-227-153-4.plesk.page\/hr\/wp-json\/wp\/v2\/product\/740109","targetHints":{"allow":["GET"]}}],"collection":[{"href":"https:\/\/stoic-curie.212-227-153-4.plesk.page\/hr\/wp-json\/wp\/v2\/product"}],"about":[{"href":"https:\/\/stoic-curie.212-227-153-4.plesk.page\/hr\/wp-json\/wp\/v2\/types\/product"}],"replies":[{"embeddable":true,"href":"https:\/\/stoic-curie.212-227-153-4.plesk.page\/hr\/wp-json\/wp\/v2\/comments?post=740109"}],"version-history":[{"count":0,"href":"https:\/\/stoic-curie.212-227-153-4.plesk.page\/hr\/wp-json\/wp\/v2\/product\/740109\/revisions"}],"wp:featuredmedia":[{"embeddable":true,"href":"https:\/\/stoic-curie.212-227-153-4.plesk.page\/hr\/wp-json\/wp\/v2\/media\/5937694"}],"wp:attachment":[{"href":"https:\/\/stoic-curie.212-227-153-4.plesk.page\/hr\/wp-json\/wp\/v2\/media?parent=740109"}],"wp:term":[{"taxonomy":"product_brand","embeddable":true,"href":"https:\/\/stoic-curie.212-227-153-4.plesk.page\/hr\/wp-json\/wp\/v2\/product_brand?post=740109"},{"taxonomy":"product_cat","embeddable":true,"href":"https:\/\/stoic-curie.212-227-153-4.plesk.page\/hr\/wp-json\/wp\/v2\/product_cat?post=740109"},{"taxonomy":"product_tag","embeddable":true,"href":"https:\/\/stoic-curie.212-227-153-4.plesk.page\/hr\/wp-json\/wp\/v2\/product_tag?post=740109"}],"curies":[{"name":"wp","href":"https:\/\/api.w.org\/{rel}","templated":true}]}}