{"id":740110,"date":"2025-03-03T18:06:56","date_gmt":"2025-03-03T17:06:56","guid":{"rendered":"https:\/\/stoic-curie.212-227-153-4.plesk.page\/producto\/lanac-od-nehrdajuceg-celika-kalibriran-din-766-10mm-x-100mt\/"},"modified":"2026-02-25T00:00:41","modified_gmt":"2026-02-25T00:00:41","slug":"lanac-od-nehrdajuceg-celika-kalibriran-din-766-10mm-x-100mt","status":"publish","type":"product","link":"https:\/\/stoic-curie.212-227-153-4.plesk.page\/hr\/product\/lanac-od-nehrdajuceg-celika-kalibriran-din-766-10mm-x-100mt\/","title":{"rendered":"Lanac od nehr\u0111aju\u0107eg \u010delika kalibriran DIN 766 10mm x 100mt"},"content":{"rendered":"<p>Lanac od nehr\u0111aju\u0107eg \u010delika kalibriran DIN 766 10mm x 100mt &#8211; <\/p>\n<p style=\"color: rgb(34, 34, 34); font-family: Arial, Helvetica, sans-serif; font-size: small;\">Predstavljamo DIN766 316L Nehr\u0111aju\u0107i \u010celik Kalibriranu Lanac, posebno dizajniranu za kori\u0161tenje s vitlima. Ovaj lanac se proizvodi pod kontroliranim uvjetima kako bi ispunio G40 standarde, osiguravaju\u0107i visoku te\u017einsku otpornost. Va\u017eno je napomenuti da je te\u017einska otpornost ovog lanca \u010detiri puta ve\u0107a od njegove radne otpornosti.<\/p>\n<p style=\"color: rgb(34, 34, 34); font-family: Arial, Helvetica, sans-serif; font-size: small;\">Izra\u0111en od A4-AISI 316 nehr\u0111aju\u0107eg \u010delika, ovaj kalibrirani lanac nudi iznimnu izdr\u017eljivost i snagu, \u0161to ga \u010dini idealnim za morske primjene. Izvrsno se snalazi u manevrima sidrenja i tako\u0111er je pogodan za osiguranje bova, sidara i raznih drugih namjena u morskim okru\u017eenjima. Za razliku od tradicionalnih \u010deli\u010dnih lanaca, A4 nehr\u0111aju\u0107i \u010deli\u010dni lanci pokazuju iznimnu otpornost na koroziju, slanu vodu i kiseline, jam\u010de\u0107i dug vijek trajanja \u010dak i u te\u0161kim morskim uvjetima.<\/p>\n<p style=\"color: rgb(34, 34, 34); font-family: Arial, Helvetica, sans-serif; font-size: small;\">Zbog svoje iznimne stabilnosti i visoke te\u017einske otpornosti, ovaj svestrani lanac prikladan je za \u0161irok raspon unutarnjih i vanjskih primjena.\u00a0<\/p>\n<p style=\"color: rgb(34, 34, 34); font-family: Arial, Helvetica, sans-serif; font-size: small;\"><strong>Tehni\u010dke specifikacije:<\/strong><\/p>\n<ul style=\"color: rgb(34, 34, 34); font-family: Arial, Helvetica, sans-serif; font-size: small;\">\n<li><strong>Tip:<\/strong>\u00a0Kalibrirani Lanac<\/li>\n<li><strong>Materijal:<\/strong>\u00a0Nehr\u0111aju\u0107i \u010celik<\/li>\n<li><strong>Promjer:<\/strong>\u00a010mm<\/li>\n<li><strong>Du\u017eina:<\/strong>\u00a0100m<\/li>\n<li><strong>Te\u017eina:<\/strong>\u00a02,3kg\/m<\/li>\n<li><strong>Sigurna Radna Otpornost:<\/strong>\u00a03900kg<\/li>\n<\/ul>\n<p style=\"color: rgb(34, 34, 34); font-family: Arial, Helvetica, sans-serif; font-size: small;\">Ovaj kalibrirani lanac je odli\u010dan izbor za one koji tra\u017ee pouzdanu i visoko kvalitetnu opremu za njihove plovidbene potrebe.<\/p>\n","protected":false},"excerpt":{"rendered":"<p>Lanac od nehr\u0111aju\u0107eg \u010delika kalibriran DIN 766 10mm x 100mt &#8211; Predstavljamo DIN766 316L Nehr\u0111aju\u0107i \u010celik Kalibriranu Lanac, posebno dizajniranu<\/p>\n","protected":false},"featured_media":5937697,"comment_status":"open","ping_status":"closed","template":"","meta":[],"product_brand":[3086],"product_cat":[1620,1692],"product_tag":[],"class_list":{"0":"post-740110","1":"product","2":"type-product","3":"status-publish","4":"has-post-thumbnail","6":"product_brand-maggigroup-hr","7":"product_cat-kalibrirani-lanac-od-nehrdajuceg-celika","8":"product_cat-lanac-od-nehrdajuci-celik","10":"first","11":"instock","12":"shipping-taxable","13":"purchasable","14":"product-type-simple"},"_links":{"self":[{"href":"https:\/\/stoic-curie.212-227-153-4.plesk.page\/hr\/wp-json\/wp\/v2\/product\/740110","targetHints":{"allow":["GET"]}}],"collection":[{"href":"https:\/\/stoic-curie.212-227-153-4.plesk.page\/hr\/wp-json\/wp\/v2\/product"}],"about":[{"href":"https:\/\/stoic-curie.212-227-153-4.plesk.page\/hr\/wp-json\/wp\/v2\/types\/product"}],"replies":[{"embeddable":true,"href":"https:\/\/stoic-curie.212-227-153-4.plesk.page\/hr\/wp-json\/wp\/v2\/comments?post=740110"}],"version-history":[{"count":0,"href":"https:\/\/stoic-curie.212-227-153-4.plesk.page\/hr\/wp-json\/wp\/v2\/product\/740110\/revisions"}],"wp:featuredmedia":[{"embeddable":true,"href":"https:\/\/stoic-curie.212-227-153-4.plesk.page\/hr\/wp-json\/wp\/v2\/media\/5937697"}],"wp:attachment":[{"href":"https:\/\/stoic-curie.212-227-153-4.plesk.page\/hr\/wp-json\/wp\/v2\/media?parent=740110"}],"wp:term":[{"taxonomy":"product_brand","embeddable":true,"href":"https:\/\/stoic-curie.212-227-153-4.plesk.page\/hr\/wp-json\/wp\/v2\/product_brand?post=740110"},{"taxonomy":"product_cat","embeddable":true,"href":"https:\/\/stoic-curie.212-227-153-4.plesk.page\/hr\/wp-json\/wp\/v2\/product_cat?post=740110"},{"taxonomy":"product_tag","embeddable":true,"href":"https:\/\/stoic-curie.212-227-153-4.plesk.page\/hr\/wp-json\/wp\/v2\/product_tag?post=740110"}],"curies":[{"name":"wp","href":"https:\/\/api.w.org\/{rel}","templated":true}]}}