{"id":740111,"date":"2025-03-03T18:06:57","date_gmt":"2025-03-03T17:06:57","guid":{"rendered":"https:\/\/stoic-curie.212-227-153-4.plesk.page\/producto\/okretni-zglob-za-sidro-od-nehrdajuceg-celika-douglas-10-12mm\/"},"modified":"2026-02-25T00:00:41","modified_gmt":"2026-02-25T00:00:41","slug":"okretni-zglob-za-sidro-od-nehrdajuceg-celika-douglas-10-12mm","status":"publish","type":"product","link":"https:\/\/stoic-curie.212-227-153-4.plesk.page\/hr\/product\/okretni-zglob-za-sidro-od-nehrdajuceg-celika-douglas-10-12mm\/","title":{"rendered":"Okretni zglob za sidro od nehr\u0111aju\u0107eg \u010delika Douglas 10-12mm"},"content":{"rendered":"<p>Okretni zglob za sidro od nehr\u0111aju\u0107eg \u010delika Douglas 10-12mm &#8211; <\/p>\n<p>Swivel spojnica Douglas od nehr\u0111aju\u0107eg \u010delika. Klizi glatko preko sidrenih kota\u010di\u0107a, sprje\u010davaju\u0107i zapletanje lanca. S bravom za osiguranje. 0123308 nosivost 2800 kg. 0123312 nosivost 6800 kg.<\/p>\n","protected":false},"excerpt":{"rendered":"<p>Okretni zglob za sidro od nehr\u0111aju\u0107eg \u010delika Douglas 10-12mm &#8211; Swivel spojnica Douglas od nehr\u0111aju\u0107eg \u010delika. Klizi glatko preko sidrenih<\/p>\n","protected":false},"featured_media":5937804,"comment_status":"open","ping_status":"closed","template":"","meta":[],"product_brand":[2901],"product_cat":[1865],"product_tag":[],"class_list":{"0":"post-740111","1":"product","2":"type-product","3":"status-publish","4":"has-post-thumbnail","6":"product_brand-douglas-marine-hr","7":"product_cat-vrtuljci-za-sidra","9":"first","10":"instock","11":"shipping-taxable","12":"purchasable","13":"product-type-simple"},"_links":{"self":[{"href":"https:\/\/stoic-curie.212-227-153-4.plesk.page\/hr\/wp-json\/wp\/v2\/product\/740111","targetHints":{"allow":["GET"]}}],"collection":[{"href":"https:\/\/stoic-curie.212-227-153-4.plesk.page\/hr\/wp-json\/wp\/v2\/product"}],"about":[{"href":"https:\/\/stoic-curie.212-227-153-4.plesk.page\/hr\/wp-json\/wp\/v2\/types\/product"}],"replies":[{"embeddable":true,"href":"https:\/\/stoic-curie.212-227-153-4.plesk.page\/hr\/wp-json\/wp\/v2\/comments?post=740111"}],"version-history":[{"count":0,"href":"https:\/\/stoic-curie.212-227-153-4.plesk.page\/hr\/wp-json\/wp\/v2\/product\/740111\/revisions"}],"wp:featuredmedia":[{"embeddable":true,"href":"https:\/\/stoic-curie.212-227-153-4.plesk.page\/hr\/wp-json\/wp\/v2\/media\/5937804"}],"wp:attachment":[{"href":"https:\/\/stoic-curie.212-227-153-4.plesk.page\/hr\/wp-json\/wp\/v2\/media?parent=740111"}],"wp:term":[{"taxonomy":"product_brand","embeddable":true,"href":"https:\/\/stoic-curie.212-227-153-4.plesk.page\/hr\/wp-json\/wp\/v2\/product_brand?post=740111"},{"taxonomy":"product_cat","embeddable":true,"href":"https:\/\/stoic-curie.212-227-153-4.plesk.page\/hr\/wp-json\/wp\/v2\/product_cat?post=740111"},{"taxonomy":"product_tag","embeddable":true,"href":"https:\/\/stoic-curie.212-227-153-4.plesk.page\/hr\/wp-json\/wp\/v2\/product_tag?post=740111"}],"curies":[{"name":"wp","href":"https:\/\/api.w.org\/{rel}","templated":true}]}}