{"id":740112,"date":"2025-03-03T18:06:57","date_gmt":"2025-03-03T17:06:57","guid":{"rendered":"https:\/\/stoic-curie.212-227-153-4.plesk.page\/producto\/dvosmjerni-okretni-konektor-za-sidro-10mm\/"},"modified":"2026-02-25T00:00:41","modified_gmt":"2026-02-25T00:00:41","slug":"dvosmjerni-okretni-konektor-za-sidro-10mm","status":"publish","type":"product","link":"https:\/\/stoic-curie.212-227-153-4.plesk.page\/hr\/product\/dvosmjerni-okretni-konektor-za-sidro-10mm\/","title":{"rendered":"Dvosmjerni okretni konektor za sidro 10mm"},"content":{"rendered":"<p>Dvosmjerni okretni konektor za sidro 10mm &#8211; <\/p>\n<p>Dupli rotiraju\u0107i spoj u nehr\u0111aju\u0107em \u010deliku. Glatko klizi preko u\u017ee sidra, sprje\u010davaju\u0107i zaplitanje lanca. Omogu\u0107uje pravilno postavljanje sidra u valjak na pramcu.<\/p>\n","protected":false},"excerpt":{"rendered":"<p>Dvosmjerni okretni konektor za sidro 10mm &#8211; Dupli rotiraju\u0107i spoj u nehr\u0111aju\u0107em \u010deliku. Glatko klizi preko u\u017ee sidra, sprje\u010davaju\u0107i zaplitanje<\/p>\n","protected":false},"featured_media":5937838,"comment_status":"open","ping_status":"closed","template":"","meta":[],"product_brand":[3121,2172],"product_cat":[1865],"product_tag":[],"class_list":{"0":"post-740112","1":"product","2":"type-product","3":"status-publish","4":"has-post-thumbnail","6":"product_brand-marinetech-hr","7":"product_brand-nova-argonautica","8":"product_cat-vrtuljci-za-sidra","10":"first","11":"instock","12":"shipping-taxable","13":"purchasable","14":"product-type-simple"},"_links":{"self":[{"href":"https:\/\/stoic-curie.212-227-153-4.plesk.page\/hr\/wp-json\/wp\/v2\/product\/740112","targetHints":{"allow":["GET"]}}],"collection":[{"href":"https:\/\/stoic-curie.212-227-153-4.plesk.page\/hr\/wp-json\/wp\/v2\/product"}],"about":[{"href":"https:\/\/stoic-curie.212-227-153-4.plesk.page\/hr\/wp-json\/wp\/v2\/types\/product"}],"replies":[{"embeddable":true,"href":"https:\/\/stoic-curie.212-227-153-4.plesk.page\/hr\/wp-json\/wp\/v2\/comments?post=740112"}],"version-history":[{"count":0,"href":"https:\/\/stoic-curie.212-227-153-4.plesk.page\/hr\/wp-json\/wp\/v2\/product\/740112\/revisions"}],"wp:featuredmedia":[{"embeddable":true,"href":"https:\/\/stoic-curie.212-227-153-4.plesk.page\/hr\/wp-json\/wp\/v2\/media\/5937838"}],"wp:attachment":[{"href":"https:\/\/stoic-curie.212-227-153-4.plesk.page\/hr\/wp-json\/wp\/v2\/media?parent=740112"}],"wp:term":[{"taxonomy":"product_brand","embeddable":true,"href":"https:\/\/stoic-curie.212-227-153-4.plesk.page\/hr\/wp-json\/wp\/v2\/product_brand?post=740112"},{"taxonomy":"product_cat","embeddable":true,"href":"https:\/\/stoic-curie.212-227-153-4.plesk.page\/hr\/wp-json\/wp\/v2\/product_cat?post=740112"},{"taxonomy":"product_tag","embeddable":true,"href":"https:\/\/stoic-curie.212-227-153-4.plesk.page\/hr\/wp-json\/wp\/v2\/product_tag?post=740112"}],"curies":[{"name":"wp","href":"https:\/\/api.w.org\/{rel}","templated":true}]}}