{"id":740113,"date":"2025-03-03T18:06:57","date_gmt":"2025-03-03T17:06:57","guid":{"rendered":"https:\/\/stoic-curie.212-227-153-4.plesk.page\/producto\/trimfix-sidreni-konektor-od-nehrdajuceg-celika-10-12mm-lanac\/"},"modified":"2026-02-25T00:00:41","modified_gmt":"2026-02-25T00:00:41","slug":"trimfix-sidreni-konektor-od-nehrdajuceg-celika-10-12mm-lanac","status":"publish","type":"product","link":"https:\/\/stoic-curie.212-227-153-4.plesk.page\/hr\/product\/trimfix-sidreni-konektor-od-nehrdajuceg-celika-10-12mm-lanac\/","title":{"rendered":"Trimfix sidreni konektor od nehr\u0111aju\u0107eg \u010delika (10-12mm lanac)"},"content":{"rendered":"<p>Trimfix sidreni konektor od nehr\u0111aju\u0107eg \u010delika (10-12mm lanac) &#8211; <\/p>\n<p>Konector za duguljasti zakretni sidro TrimFix od nehr\u0111aju\u0107eg \u010delika. Radi u pram\u010danom sidru bez zastoja i sprje\u010dava zaplitanje lanca. Omogu\u0107uje savr\u0161eno povla\u010denje i pohranjivanje sidara u pram\u010danim valjcima.<\/p>\n","protected":false},"excerpt":{"rendered":"<p>Trimfix sidreni konektor od nehr\u0111aju\u0107eg \u010delika (10-12mm lanac) &#8211; Konector za duguljasti zakretni sidro TrimFix od nehr\u0111aju\u0107eg \u010delika. Radi u<\/p>\n","protected":false},"featured_media":5937841,"comment_status":"open","ping_status":"closed","template":"","meta":[],"product_brand":[3386],"product_cat":[1865],"product_tag":[],"class_list":{"0":"post-740113","1":"product","2":"type-product","3":"status-publish","4":"has-post-thumbnail","6":"product_brand-sidermarine-hr","7":"product_cat-vrtuljci-za-sidra","9":"first","10":"instock","11":"shipping-taxable","12":"purchasable","13":"product-type-simple"},"_links":{"self":[{"href":"https:\/\/stoic-curie.212-227-153-4.plesk.page\/hr\/wp-json\/wp\/v2\/product\/740113","targetHints":{"allow":["GET"]}}],"collection":[{"href":"https:\/\/stoic-curie.212-227-153-4.plesk.page\/hr\/wp-json\/wp\/v2\/product"}],"about":[{"href":"https:\/\/stoic-curie.212-227-153-4.plesk.page\/hr\/wp-json\/wp\/v2\/types\/product"}],"replies":[{"embeddable":true,"href":"https:\/\/stoic-curie.212-227-153-4.plesk.page\/hr\/wp-json\/wp\/v2\/comments?post=740113"}],"version-history":[{"count":0,"href":"https:\/\/stoic-curie.212-227-153-4.plesk.page\/hr\/wp-json\/wp\/v2\/product\/740113\/revisions"}],"wp:featuredmedia":[{"embeddable":true,"href":"https:\/\/stoic-curie.212-227-153-4.plesk.page\/hr\/wp-json\/wp\/v2\/media\/5937841"}],"wp:attachment":[{"href":"https:\/\/stoic-curie.212-227-153-4.plesk.page\/hr\/wp-json\/wp\/v2\/media?parent=740113"}],"wp:term":[{"taxonomy":"product_brand","embeddable":true,"href":"https:\/\/stoic-curie.212-227-153-4.plesk.page\/hr\/wp-json\/wp\/v2\/product_brand?post=740113"},{"taxonomy":"product_cat","embeddable":true,"href":"https:\/\/stoic-curie.212-227-153-4.plesk.page\/hr\/wp-json\/wp\/v2\/product_cat?post=740113"},{"taxonomy":"product_tag","embeddable":true,"href":"https:\/\/stoic-curie.212-227-153-4.plesk.page\/hr\/wp-json\/wp\/v2\/product_tag?post=740113"}],"curies":[{"name":"wp","href":"https:\/\/api.w.org\/{rel}","templated":true}]}}