{"id":740126,"date":"2025-03-03T18:07:00","date_gmt":"2025-03-03T17:07:00","guid":{"rendered":"https:\/\/stoic-curie.212-227-153-4.plesk.page\/producto\/mobella-sigurnosna-brava-55x87mm-bijela\/"},"modified":"2026-02-25T00:00:42","modified_gmt":"2026-02-25T00:00:42","slug":"mobella-sigurnosna-brava-55x87mm-bijela","status":"publish","type":"product","link":"https:\/\/stoic-curie.212-227-153-4.plesk.page\/hr\/product\/mobella-sigurnosna-brava-55x87mm-bijela\/","title":{"rendered":"Mobella sigurnosna brava 55x87mm bijela"},"content":{"rendered":"<p>Mobella sigurnosna brava 55x87mm bijela &#8211; <\/p>\n<p>Horizontalna klizna brava za vrata i ormari\u0107e. Nehr\u0111aju\u0107i \u010delik i oja\u010dano kompozitno tijelo.<\/p>\n","protected":false},"excerpt":{"rendered":"<p>Mobella sigurnosna brava 55x87mm bijela &#8211; Horizontalna klizna brava za vrata i ormari\u0107e. Nehr\u0111aju\u0107i \u010delik i oja\u010dano kompozitno tijelo.<\/p>\n","protected":false},"featured_media":5938063,"comment_status":"open","ping_status":"closed","template":"","meta":[],"product_brand":[3416],"product_cat":[1708],"product_tag":[],"class_list":{"0":"post-740126","1":"product","2":"type-product","3":"status-publish","4":"has-post-thumbnail","6":"product_brand-southco-mobella-hr","7":"product_cat-brave-za-vrata","9":"first","10":"instock","11":"shipping-taxable","12":"purchasable","13":"product-type-simple"},"_links":{"self":[{"href":"https:\/\/stoic-curie.212-227-153-4.plesk.page\/hr\/wp-json\/wp\/v2\/product\/740126","targetHints":{"allow":["GET"]}}],"collection":[{"href":"https:\/\/stoic-curie.212-227-153-4.plesk.page\/hr\/wp-json\/wp\/v2\/product"}],"about":[{"href":"https:\/\/stoic-curie.212-227-153-4.plesk.page\/hr\/wp-json\/wp\/v2\/types\/product"}],"replies":[{"embeddable":true,"href":"https:\/\/stoic-curie.212-227-153-4.plesk.page\/hr\/wp-json\/wp\/v2\/comments?post=740126"}],"version-history":[{"count":0,"href":"https:\/\/stoic-curie.212-227-153-4.plesk.page\/hr\/wp-json\/wp\/v2\/product\/740126\/revisions"}],"wp:featuredmedia":[{"embeddable":true,"href":"https:\/\/stoic-curie.212-227-153-4.plesk.page\/hr\/wp-json\/wp\/v2\/media\/5938063"}],"wp:attachment":[{"href":"https:\/\/stoic-curie.212-227-153-4.plesk.page\/hr\/wp-json\/wp\/v2\/media?parent=740126"}],"wp:term":[{"taxonomy":"product_brand","embeddable":true,"href":"https:\/\/stoic-curie.212-227-153-4.plesk.page\/hr\/wp-json\/wp\/v2\/product_brand?post=740126"},{"taxonomy":"product_cat","embeddable":true,"href":"https:\/\/stoic-curie.212-227-153-4.plesk.page\/hr\/wp-json\/wp\/v2\/product_cat?post=740126"},{"taxonomy":"product_tag","embeddable":true,"href":"https:\/\/stoic-curie.212-227-153-4.plesk.page\/hr\/wp-json\/wp\/v2\/product_tag?post=740126"}],"curies":[{"name":"wp","href":"https:\/\/api.w.org\/{rel}","templated":true}]}}