{"id":740128,"date":"2025-03-03T18:07:01","date_gmt":"2025-03-03T17:07:01","guid":{"rendered":"https:\/\/stoic-curie.212-227-153-4.plesk.page\/producto\/brava-za-vrata-mobella-omni-debljina-vrata-127-mm\/"},"modified":"2026-02-25T00:00:42","modified_gmt":"2026-02-25T00:00:42","slug":"brava-za-vrata-mobella-omni-debljina-vrata-127-mm","status":"publish","type":"product","link":"https:\/\/stoic-curie.212-227-153-4.plesk.page\/hr\/product\/brava-za-vrata-mobella-omni-debljina-vrata-127-mm\/","title":{"rendered":"Brava za vrata Mobella Omni (debljina vrata 12,7 mm)"},"content":{"rendered":"<p>Brava za vrata Mobella Omni (debljina vrata 12,7 mm) &#8211; <\/p>\n<p>Brava za vrata od materijala otpornih na koroziju. S unutarnjim bravom za privatnost. Laka instalacija: jednostavno izre\u017eite oblik na vratima. Potpuno s uvu\u010denim ru\u010dkama i plo\u010dama od nehr\u0111aju\u0107eg \u010delika. Univerzalna R\/L ru\u010dka brave.<\/p>\n","protected":false},"excerpt":{"rendered":"<p>Brava za vrata Mobella Omni (debljina vrata 12,7 mm) &#8211; Brava za vrata od materijala otpornih na koroziju. S unutarnjim<\/p>\n","protected":false},"featured_media":5938065,"comment_status":"open","ping_status":"closed","template":"","meta":[],"product_brand":[3416],"product_cat":[1708],"product_tag":[],"class_list":{"0":"post-740128","1":"product","2":"type-product","3":"status-publish","4":"has-post-thumbnail","6":"product_brand-southco-mobella-hr","7":"product_cat-brave-za-vrata","9":"first","10":"instock","11":"shipping-taxable","12":"purchasable","13":"product-type-simple"},"_links":{"self":[{"href":"https:\/\/stoic-curie.212-227-153-4.plesk.page\/hr\/wp-json\/wp\/v2\/product\/740128","targetHints":{"allow":["GET"]}}],"collection":[{"href":"https:\/\/stoic-curie.212-227-153-4.plesk.page\/hr\/wp-json\/wp\/v2\/product"}],"about":[{"href":"https:\/\/stoic-curie.212-227-153-4.plesk.page\/hr\/wp-json\/wp\/v2\/types\/product"}],"replies":[{"embeddable":true,"href":"https:\/\/stoic-curie.212-227-153-4.plesk.page\/hr\/wp-json\/wp\/v2\/comments?post=740128"}],"version-history":[{"count":0,"href":"https:\/\/stoic-curie.212-227-153-4.plesk.page\/hr\/wp-json\/wp\/v2\/product\/740128\/revisions"}],"wp:featuredmedia":[{"embeddable":true,"href":"https:\/\/stoic-curie.212-227-153-4.plesk.page\/hr\/wp-json\/wp\/v2\/media\/5938065"}],"wp:attachment":[{"href":"https:\/\/stoic-curie.212-227-153-4.plesk.page\/hr\/wp-json\/wp\/v2\/media?parent=740128"}],"wp:term":[{"taxonomy":"product_brand","embeddable":true,"href":"https:\/\/stoic-curie.212-227-153-4.plesk.page\/hr\/wp-json\/wp\/v2\/product_brand?post=740128"},{"taxonomy":"product_cat","embeddable":true,"href":"https:\/\/stoic-curie.212-227-153-4.plesk.page\/hr\/wp-json\/wp\/v2\/product_cat?post=740128"},{"taxonomy":"product_tag","embeddable":true,"href":"https:\/\/stoic-curie.212-227-153-4.plesk.page\/hr\/wp-json\/wp\/v2\/product_tag?post=740128"}],"curies":[{"name":"wp","href":"https:\/\/api.w.org\/{rel}","templated":true}]}}