{"id":740129,"date":"2025-03-03T18:07:01","date_gmt":"2025-03-03T17:07:01","guid":{"rendered":"https:\/\/stoic-curie.212-227-153-4.plesk.page\/producto\/sigurnosne-ljestve-5-nogostupa\/"},"modified":"2026-02-25T00:00:42","modified_gmt":"2026-02-25T00:00:42","slug":"sigurnosne-ljestve-5-nogostupa","status":"publish","type":"product","link":"https:\/\/stoic-curie.212-227-153-4.plesk.page\/hr\/product\/sigurnosne-ljestve-5-nogostupa\/","title":{"rendered":"Sigurnosne ljestve 5 nogostupa"},"content":{"rendered":"<p>Sigurnosne ljestve 5 nogostupa &#8211; <\/p>\n<p>Plasti\u010dna ljestve i sigurnosna u\u017ee za ukrcavanje pohranjeni u prijenosnoj torbi. Spremna za kori\u0161tenje, mora se ispustiti s \u010damca kako bi se sigurno vratila na brod. Poliester trake i oja\u010dani ABS koraci.<\/p>\n","protected":false},"excerpt":{"rendered":"<p>Sigurnosne ljestve 5 nogostupa &#8211; Plasti\u010dna ljestve i sigurnosna u\u017ee za ukrcavanje pohranjeni u prijenosnoj torbi. Spremna za kori\u0161tenje, mora<\/p>\n","protected":false},"featured_media":5938134,"comment_status":"open","ping_status":"closed","template":"","meta":[],"product_brand":[2182,3491],"product_cat":[1618,1605],"product_tag":[],"class_list":{"0":"post-740129","1":"product","2":"type-product","3":"status-publish","4":"has-post-thumbnail","6":"product_brand-trem","7":"product_brand-trem-hr","8":"product_cat-ljestve-za-brodove","9":"product_cat-oprema-za-sigurnost-plovila","11":"first","12":"instock","13":"shipping-taxable","14":"purchasable","15":"product-type-simple"},"_links":{"self":[{"href":"https:\/\/stoic-curie.212-227-153-4.plesk.page\/hr\/wp-json\/wp\/v2\/product\/740129","targetHints":{"allow":["GET"]}}],"collection":[{"href":"https:\/\/stoic-curie.212-227-153-4.plesk.page\/hr\/wp-json\/wp\/v2\/product"}],"about":[{"href":"https:\/\/stoic-curie.212-227-153-4.plesk.page\/hr\/wp-json\/wp\/v2\/types\/product"}],"replies":[{"embeddable":true,"href":"https:\/\/stoic-curie.212-227-153-4.plesk.page\/hr\/wp-json\/wp\/v2\/comments?post=740129"}],"version-history":[{"count":0,"href":"https:\/\/stoic-curie.212-227-153-4.plesk.page\/hr\/wp-json\/wp\/v2\/product\/740129\/revisions"}],"wp:featuredmedia":[{"embeddable":true,"href":"https:\/\/stoic-curie.212-227-153-4.plesk.page\/hr\/wp-json\/wp\/v2\/media\/5938134"}],"wp:attachment":[{"href":"https:\/\/stoic-curie.212-227-153-4.plesk.page\/hr\/wp-json\/wp\/v2\/media?parent=740129"}],"wp:term":[{"taxonomy":"product_brand","embeddable":true,"href":"https:\/\/stoic-curie.212-227-153-4.plesk.page\/hr\/wp-json\/wp\/v2\/product_brand?post=740129"},{"taxonomy":"product_cat","embeddable":true,"href":"https:\/\/stoic-curie.212-227-153-4.plesk.page\/hr\/wp-json\/wp\/v2\/product_cat?post=740129"},{"taxonomy":"product_tag","embeddable":true,"href":"https:\/\/stoic-curie.212-227-153-4.plesk.page\/hr\/wp-json\/wp\/v2\/product_tag?post=740129"}],"curies":[{"name":"wp","href":"https:\/\/api.w.org\/{rel}","templated":true}]}}