{"id":740150,"date":"2025-03-03T18:07:07","date_gmt":"2025-03-03T17:07:07","guid":{"rendered":"https:\/\/stoic-curie.212-227-153-4.plesk.page\/producto\/teleskopske-ljestve-s-3-stepenice-za-platformu-29-x-h88-cm\/"},"modified":"2026-02-25T00:00:42","modified_gmt":"2026-02-25T00:00:42","slug":"teleskopske-ljestve-s-3-stepenice-za-platformu-29-x-h88-cm","status":"publish","type":"product","link":"https:\/\/stoic-curie.212-227-153-4.plesk.page\/hr\/product\/teleskopske-ljestve-s-3-stepenice-za-platformu-29-x-h88-cm\/","title":{"rendered":"Teleskopske ljestve s 3 stepenice za platformu 29 x H88 cm"},"content":{"rendered":"<p>Teleskopske ljestve s 3 stepenice za platformu 29 x H88 cm &#8211; <\/p>\n<p>Sklopive teleskopske platforme od nehr\u0111aju\u0107eg \u010delika. Ravne poliuretanske stepenice za ve\u0107i komfor.<\/p>\n","protected":false},"excerpt":{"rendered":"<p>Teleskopske ljestve s 3 stepenice za platformu 29 x H88 cm &#8211; Sklopive teleskopske platforme od nehr\u0111aju\u0107eg \u010delika. Ravne poliuretanske<\/p>\n","protected":false},"featured_media":5938190,"comment_status":"open","ping_status":"closed","template":"","meta":[],"product_brand":[3491],"product_cat":[1618],"product_tag":[],"class_list":{"0":"post-740150","1":"product","2":"type-product","3":"status-publish","4":"has-post-thumbnail","6":"product_brand-trem-hr","7":"product_cat-ljestve-za-brodove","9":"first","10":"instock","11":"shipping-taxable","12":"purchasable","13":"product-type-simple"},"_links":{"self":[{"href":"https:\/\/stoic-curie.212-227-153-4.plesk.page\/hr\/wp-json\/wp\/v2\/product\/740150","targetHints":{"allow":["GET"]}}],"collection":[{"href":"https:\/\/stoic-curie.212-227-153-4.plesk.page\/hr\/wp-json\/wp\/v2\/product"}],"about":[{"href":"https:\/\/stoic-curie.212-227-153-4.plesk.page\/hr\/wp-json\/wp\/v2\/types\/product"}],"replies":[{"embeddable":true,"href":"https:\/\/stoic-curie.212-227-153-4.plesk.page\/hr\/wp-json\/wp\/v2\/comments?post=740150"}],"version-history":[{"count":0,"href":"https:\/\/stoic-curie.212-227-153-4.plesk.page\/hr\/wp-json\/wp\/v2\/product\/740150\/revisions"}],"wp:featuredmedia":[{"embeddable":true,"href":"https:\/\/stoic-curie.212-227-153-4.plesk.page\/hr\/wp-json\/wp\/v2\/media\/5938190"}],"wp:attachment":[{"href":"https:\/\/stoic-curie.212-227-153-4.plesk.page\/hr\/wp-json\/wp\/v2\/media?parent=740150"}],"wp:term":[{"taxonomy":"product_brand","embeddable":true,"href":"https:\/\/stoic-curie.212-227-153-4.plesk.page\/hr\/wp-json\/wp\/v2\/product_brand?post=740150"},{"taxonomy":"product_cat","embeddable":true,"href":"https:\/\/stoic-curie.212-227-153-4.plesk.page\/hr\/wp-json\/wp\/v2\/product_cat?post=740150"},{"taxonomy":"product_tag","embeddable":true,"href":"https:\/\/stoic-curie.212-227-153-4.plesk.page\/hr\/wp-json\/wp\/v2\/product_tag?post=740150"}],"curies":[{"name":"wp","href":"https:\/\/api.w.org\/{rel}","templated":true}]}}