{"id":740159,"date":"2025-03-03T18:07:10","date_gmt":"2025-03-03T17:07:10","guid":{"rendered":"https:\/\/stoic-curie.212-227-153-4.plesk.page\/producto\/velike-krmene-platforme-1500x550mm\/"},"modified":"2026-02-25T00:00:42","modified_gmt":"2026-02-25T00:00:42","slug":"velike-krmene-platforme-1500x550mm","status":"publish","type":"product","link":"https:\/\/stoic-curie.212-227-153-4.plesk.page\/hr\/product\/velike-krmene-platforme-1500x550mm\/","title":{"rendered":"Velike krmene platforme 1500x550mm"},"content":{"rendered":"<p>Velike krmene platforme 1500x550mm &#8211; <\/p>\n<p><span style=\"color: rgb(34, 34, 34); font-family: Arial, Helvetica, sans-serif; font-size: small;\">Predstavljamo \u010dvrstu i pouzdanu platformu za plivanje, koja je stru\u010dno izra\u0111ena od visokokvalitetnog nehr\u0111aju\u0107eg \u010delika i vrhunskih Doussie drvenih dasaka otpornih na more. Ova pa\u017eljivo dizajnirana platforma za kupanje ravnog stila nije samo estetski privla\u010dna, ve\u0107 je i konstruisana za izvanrednu izdr\u017eljivost i stabilnost, osiguravaju\u0107i da mo\u017ee izdr\u017eati rigorozne uvjete \u010deste upotrebe. Proces instalacije je izuzetno jednostavan, zahvaljuju\u0107i uklju\u010divim pode\u0161avnim spojevima i nosivim dijelovima, koji tako\u0111er slu\u017ee kao prakti\u010dne dr\u0161ke, pru\u017eaju\u0107i dodatnu podr\u0161ku i sigurnost prilikom ulaska ili izlaska iz vode. Izra\u0111ena od kiselo-otpornog AISI316 nehr\u0111aju\u0107eg \u010delika, zajedno s vrhunskim teak drvom, ova platforma za plivanje je napravljena da izdr\u017ei i najte\u017ee vremenske uvjete, \u0161to je \u010dini savr\u0161enim dodatkom bilo kojem obalnom posjedu. \u0160tovi\u0161e, njezin svestran dizajn omogu\u0107ava kompatibilnost s razli\u010ditim vrstama ljestvi, osiguravaju\u0107i vam udobnost i fleksibilnost potrebnu za lak\u0161i pristup vodi. Bilo da u\u017eivate u opu\u0161tenom plivanju ili se bavite vodenim sportovima, ova platforma za plivanje je bitan dodatak va\u0161im pustolovinama na vodi.<\/span><\/p>\n","protected":false},"excerpt":{"rendered":"<p>Velike krmene platforme 1500x550mm &#8211; Predstavljamo \u010dvrstu i pouzdanu platformu za plivanje, koja je stru\u010dno izra\u0111ena od visokokvalitetnog nehr\u0111aju\u0107eg \u010delika<\/p>\n","protected":false},"featured_media":5938209,"comment_status":"open","ping_status":"closed","template":"","meta":[],"product_brand":[3491],"product_cat":[1694,1614],"product_tag":[],"class_list":{"0":"post-740159","1":"product","2":"type-product","3":"status-publish","4":"has-post-thumbnail","6":"product_brand-trem-hr","7":"product_cat-brodske-krmene-platforme","8":"product_cat-platforme-za-plivanje-na-brodu","10":"first","11":"instock","12":"shipping-taxable","13":"purchasable","14":"product-type-simple"},"_links":{"self":[{"href":"https:\/\/stoic-curie.212-227-153-4.plesk.page\/hr\/wp-json\/wp\/v2\/product\/740159","targetHints":{"allow":["GET"]}}],"collection":[{"href":"https:\/\/stoic-curie.212-227-153-4.plesk.page\/hr\/wp-json\/wp\/v2\/product"}],"about":[{"href":"https:\/\/stoic-curie.212-227-153-4.plesk.page\/hr\/wp-json\/wp\/v2\/types\/product"}],"replies":[{"embeddable":true,"href":"https:\/\/stoic-curie.212-227-153-4.plesk.page\/hr\/wp-json\/wp\/v2\/comments?post=740159"}],"version-history":[{"count":0,"href":"https:\/\/stoic-curie.212-227-153-4.plesk.page\/hr\/wp-json\/wp\/v2\/product\/740159\/revisions"}],"wp:featuredmedia":[{"embeddable":true,"href":"https:\/\/stoic-curie.212-227-153-4.plesk.page\/hr\/wp-json\/wp\/v2\/media\/5938209"}],"wp:attachment":[{"href":"https:\/\/stoic-curie.212-227-153-4.plesk.page\/hr\/wp-json\/wp\/v2\/media?parent=740159"}],"wp:term":[{"taxonomy":"product_brand","embeddable":true,"href":"https:\/\/stoic-curie.212-227-153-4.plesk.page\/hr\/wp-json\/wp\/v2\/product_brand?post=740159"},{"taxonomy":"product_cat","embeddable":true,"href":"https:\/\/stoic-curie.212-227-153-4.plesk.page\/hr\/wp-json\/wp\/v2\/product_cat?post=740159"},{"taxonomy":"product_tag","embeddable":true,"href":"https:\/\/stoic-curie.212-227-153-4.plesk.page\/hr\/wp-json\/wp\/v2\/product_tag?post=740159"}],"curies":[{"name":"wp","href":"https:\/\/api.w.org\/{rel}","templated":true}]}}