{"id":740165,"date":"2025-03-03T18:07:11","date_gmt":"2025-03-03T17:07:11","guid":{"rendered":"https:\/\/stoic-curie.212-227-153-4.plesk.page\/producto\/podesivi-nosac-22-35-za-vanbrodske-motore-tezine-do-35-kg\/"},"modified":"2026-02-25T00:00:42","modified_gmt":"2026-02-25T00:00:42","slug":"podesivi-nosac-22-35-za-vanbrodske-motore-tezine-do-35-kg","status":"publish","type":"product","link":"https:\/\/stoic-curie.212-227-153-4.plesk.page\/hr\/product\/podesivi-nosac-22-35-za-vanbrodske-motore-tezine-do-35-kg\/","title":{"rendered":"Podesivi nosac 22\u00b0 \/ 35\u00b0 za vanbrodske motore te\u017eine do 35 kg"},"content":{"rendered":"<p>Podesivi nosac 22\u00b0 \/ 35\u00b0 za vanbrodske motore te\u017eine do 35 kg &#8211; <\/p>\n<p>Dr\u017ea\u010d vanbrodskog motora montiran na transom, pode\u0161ava se od 22\u00b0 do 35\u00b0. Tijelo od nehr\u0111aju\u0107eg \u010delika i morska osnova od muljpana. Dimenzije: 300 x 175 x H150<\/p>\n","protected":false},"excerpt":{"rendered":"<p>Podesivi nosac 22\u00b0 \/ 35\u00b0 za vanbrodske motore te\u017eine do 35 kg &#8211; Dr\u017ea\u010d vanbrodskog motora montiran na transom, pode\u0161ava<\/p>\n","protected":false},"featured_media":5938222,"comment_status":"open","ping_status":"closed","template":"","meta":[],"product_brand":[3491],"product_cat":[1827],"product_tag":[],"class_list":{"0":"post-740165","1":"product","2":"type-product","3":"status-publish","4":"has-post-thumbnail","6":"product_brand-trem-hr","7":"product_cat-dodatna-oprema-za-vanbrodske-motore","9":"first","10":"instock","11":"shipping-taxable","12":"purchasable","13":"product-type-simple"},"_links":{"self":[{"href":"https:\/\/stoic-curie.212-227-153-4.plesk.page\/hr\/wp-json\/wp\/v2\/product\/740165","targetHints":{"allow":["GET"]}}],"collection":[{"href":"https:\/\/stoic-curie.212-227-153-4.plesk.page\/hr\/wp-json\/wp\/v2\/product"}],"about":[{"href":"https:\/\/stoic-curie.212-227-153-4.plesk.page\/hr\/wp-json\/wp\/v2\/types\/product"}],"replies":[{"embeddable":true,"href":"https:\/\/stoic-curie.212-227-153-4.plesk.page\/hr\/wp-json\/wp\/v2\/comments?post=740165"}],"version-history":[{"count":0,"href":"https:\/\/stoic-curie.212-227-153-4.plesk.page\/hr\/wp-json\/wp\/v2\/product\/740165\/revisions"}],"wp:featuredmedia":[{"embeddable":true,"href":"https:\/\/stoic-curie.212-227-153-4.plesk.page\/hr\/wp-json\/wp\/v2\/media\/5938222"}],"wp:attachment":[{"href":"https:\/\/stoic-curie.212-227-153-4.plesk.page\/hr\/wp-json\/wp\/v2\/media?parent=740165"}],"wp:term":[{"taxonomy":"product_brand","embeddable":true,"href":"https:\/\/stoic-curie.212-227-153-4.plesk.page\/hr\/wp-json\/wp\/v2\/product_brand?post=740165"},{"taxonomy":"product_cat","embeddable":true,"href":"https:\/\/stoic-curie.212-227-153-4.plesk.page\/hr\/wp-json\/wp\/v2\/product_cat?post=740165"},{"taxonomy":"product_tag","embeddable":true,"href":"https:\/\/stoic-curie.212-227-153-4.plesk.page\/hr\/wp-json\/wp\/v2\/product_tag?post=740165"}],"curies":[{"name":"wp","href":"https:\/\/api.w.org\/{rel}","templated":true}]}}