{"id":740166,"date":"2025-03-03T18:07:12","date_gmt":"2025-03-03T17:07:12","guid":{"rendered":"https:\/\/stoic-curie.212-227-153-4.plesk.page\/producto\/nosac-za-vanbrodski-motor-max-10hp-drvena-ploca\/"},"modified":"2026-02-25T00:00:42","modified_gmt":"2026-02-25T00:00:42","slug":"nosac-za-vanbrodski-motor-max-10hp-drvena-ploca","status":"publish","type":"product","link":"https:\/\/stoic-curie.212-227-153-4.plesk.page\/hr\/product\/nosac-za-vanbrodski-motor-max-10hp-drvena-ploca\/","title":{"rendered":"Nosa\u010d za vanbrodski motor max 10Hp, drvena plo\u010da"},"content":{"rendered":"<p>Nosa\u010d za vanbrodski motor max 10Hp, drvena plo\u010da &#8211; <\/p>\n<p>Dr\u017ea\u010d za \u0161ine od marih \u0161perplo\u010da za male vanbrodske motore. Od nehr\u0111aju\u0107eg \u010delika za podr\u0161ku cijevima i vijcima. Dimenzije jastu\u010di\u0107a: 195 x H245 mm s 2 rupice za cijevi promjera 22\/25 mm. Neto visina potpore cijevi: od 240 do 320 mm.<\/p>\n","protected":false},"excerpt":{"rendered":"<p>Nosa\u010d za vanbrodski motor max 10Hp, drvena plo\u010da &#8211; Dr\u017ea\u010d za \u0161ine od marih \u0161perplo\u010da za male vanbrodske motore. Od<\/p>\n","protected":false},"featured_media":5938224,"comment_status":"open","ping_status":"closed","template":"","meta":[],"product_brand":[3491,2182],"product_cat":[1827,1840],"product_tag":[],"class_list":{"0":"post-740166","1":"product","2":"type-product","3":"status-publish","4":"has-post-thumbnail","6":"product_brand-trem-hr","7":"product_brand-trem","8":"product_cat-dodatna-oprema-za-vanbrodske-motore","9":"product_cat-sohe","11":"first","12":"instock","13":"shipping-taxable","14":"purchasable","15":"product-type-simple"},"_links":{"self":[{"href":"https:\/\/stoic-curie.212-227-153-4.plesk.page\/hr\/wp-json\/wp\/v2\/product\/740166","targetHints":{"allow":["GET"]}}],"collection":[{"href":"https:\/\/stoic-curie.212-227-153-4.plesk.page\/hr\/wp-json\/wp\/v2\/product"}],"about":[{"href":"https:\/\/stoic-curie.212-227-153-4.plesk.page\/hr\/wp-json\/wp\/v2\/types\/product"}],"replies":[{"embeddable":true,"href":"https:\/\/stoic-curie.212-227-153-4.plesk.page\/hr\/wp-json\/wp\/v2\/comments?post=740166"}],"version-history":[{"count":0,"href":"https:\/\/stoic-curie.212-227-153-4.plesk.page\/hr\/wp-json\/wp\/v2\/product\/740166\/revisions"}],"wp:featuredmedia":[{"embeddable":true,"href":"https:\/\/stoic-curie.212-227-153-4.plesk.page\/hr\/wp-json\/wp\/v2\/media\/5938224"}],"wp:attachment":[{"href":"https:\/\/stoic-curie.212-227-153-4.plesk.page\/hr\/wp-json\/wp\/v2\/media?parent=740166"}],"wp:term":[{"taxonomy":"product_brand","embeddable":true,"href":"https:\/\/stoic-curie.212-227-153-4.plesk.page\/hr\/wp-json\/wp\/v2\/product_brand?post=740166"},{"taxonomy":"product_cat","embeddable":true,"href":"https:\/\/stoic-curie.212-227-153-4.plesk.page\/hr\/wp-json\/wp\/v2\/product_cat?post=740166"},{"taxonomy":"product_tag","embeddable":true,"href":"https:\/\/stoic-curie.212-227-153-4.plesk.page\/hr\/wp-json\/wp\/v2\/product_tag?post=740166"}],"curies":[{"name":"wp","href":"https:\/\/api.w.org\/{rel}","templated":true}]}}