{"id":740167,"date":"2025-03-03T18:07:12","date_gmt":"2025-03-03T17:07:12","guid":{"rendered":"https:\/\/stoic-curie.212-227-153-4.plesk.page\/producto\/soha-za-podizanje-vanbrodskog-motora-max-50-kg\/"},"modified":"2026-02-25T00:00:42","modified_gmt":"2026-02-25T00:00:42","slug":"soha-za-podizanje-vanbrodskog-motora-max-50-kg","status":"publish","type":"product","link":"https:\/\/stoic-curie.212-227-153-4.plesk.page\/hr\/product\/soha-za-podizanje-vanbrodskog-motora-max-50-kg\/","title":{"rendered":"Soha za podizanje vanbrodskog motora max 50 kg"},"content":{"rendered":"<p>Soha za podizanje vanbrodskog motora max 50 kg &#8211; <\/p>\n<p>Polo\u017eeni od nehr\u0111aju\u0107eg \u010delika davit za dizanje plovila. Fiksna ili uklonjiva monta\u017ea, mo\u017ee se rotirati u svojoj osnovi kako bi se u\u010dvrstila s stezaljkom. Kompletno s stezaljkom, blokom, pojamom, blokom i u\u010dvr\u0161\u0107enjem. Dodaci: Poliester lift caddy za vanbrodske motore do 15 KS, 2 i 4 takt.<\/p>\n","protected":false},"excerpt":{"rendered":"<p>Soha za podizanje vanbrodskog motora max 50 kg &#8211; Polo\u017eeni od nehr\u0111aju\u0107eg \u010delika davit za dizanje plovila. Fiksna ili uklonjiva<\/p>\n","protected":false},"featured_media":5938230,"comment_status":"open","ping_status":"closed","template":"","meta":[],"product_brand":[3121],"product_cat":[1827,1840],"product_tag":[],"class_list":{"0":"post-740167","1":"product","2":"type-product","3":"status-publish","4":"has-post-thumbnail","6":"product_brand-marinetech-hr","7":"product_cat-dodatna-oprema-za-vanbrodske-motore","8":"product_cat-sohe","10":"first","11":"instock","12":"shipping-taxable","13":"purchasable","14":"product-type-simple"},"_links":{"self":[{"href":"https:\/\/stoic-curie.212-227-153-4.plesk.page\/hr\/wp-json\/wp\/v2\/product\/740167","targetHints":{"allow":["GET"]}}],"collection":[{"href":"https:\/\/stoic-curie.212-227-153-4.plesk.page\/hr\/wp-json\/wp\/v2\/product"}],"about":[{"href":"https:\/\/stoic-curie.212-227-153-4.plesk.page\/hr\/wp-json\/wp\/v2\/types\/product"}],"replies":[{"embeddable":true,"href":"https:\/\/stoic-curie.212-227-153-4.plesk.page\/hr\/wp-json\/wp\/v2\/comments?post=740167"}],"version-history":[{"count":0,"href":"https:\/\/stoic-curie.212-227-153-4.plesk.page\/hr\/wp-json\/wp\/v2\/product\/740167\/revisions"}],"wp:featuredmedia":[{"embeddable":true,"href":"https:\/\/stoic-curie.212-227-153-4.plesk.page\/hr\/wp-json\/wp\/v2\/media\/5938230"}],"wp:attachment":[{"href":"https:\/\/stoic-curie.212-227-153-4.plesk.page\/hr\/wp-json\/wp\/v2\/media?parent=740167"}],"wp:term":[{"taxonomy":"product_brand","embeddable":true,"href":"https:\/\/stoic-curie.212-227-153-4.plesk.page\/hr\/wp-json\/wp\/v2\/product_brand?post=740167"},{"taxonomy":"product_cat","embeddable":true,"href":"https:\/\/stoic-curie.212-227-153-4.plesk.page\/hr\/wp-json\/wp\/v2\/product_cat?post=740167"},{"taxonomy":"product_tag","embeddable":true,"href":"https:\/\/stoic-curie.212-227-153-4.plesk.page\/hr\/wp-json\/wp\/v2\/product_tag?post=740167"}],"curies":[{"name":"wp","href":"https:\/\/api.w.org\/{rel}","templated":true}]}}