{"id":740168,"date":"2025-03-03T18:07:12","date_gmt":"2025-03-03T17:07:12","guid":{"rendered":"https:\/\/stoic-curie.212-227-153-4.plesk.page\/producto\/mostic-aluminijski-sklopivi-200x37cm-maksimalno-opterecenje-120kg\/"},"modified":"2026-02-25T00:00:42","modified_gmt":"2026-02-25T00:00:42","slug":"mostic-aluminijski-sklopivi-200x37cm-maksimalno-opterecenje-120kg","status":"publish","type":"product","link":"https:\/\/stoic-curie.212-227-153-4.plesk.page\/hr\/product\/mostic-aluminijski-sklopivi-200x37cm-maksimalno-opterecenje-120kg\/","title":{"rendered":"Mosti\u0107 aluminijski sklopivi 200cm"},"content":{"rendered":"<p>Mosti\u0107 aluminijski sklopivi 200cm &#8211; <\/p>\n<p style=\"color: rgb(34, 34, 34); font-family: Arial, Helvetica, sans-serif; font-size: small;\">S ponosom predstavljamo na\u0161 aluminijski sklopivi gangway s anodiziranim zavr\u0161nim obradama, pa\u017eljivo dizajniran s hodnikom otpornim na klizanje za osiguranje sigurnosti. Ovaj gangway nije samo estetski privla\u010dan, ve\u0107 je i iznimno inovativan i funkcionalan. Trem gangway je napravljen od izdr\u017eljivog aluminija i posjeduje sklopivi dizajn u sredini. Svi dijelovi su \u010dvrsto pri\u010dvr\u0161\u0107eni vijcima, omogu\u0107avaju\u0107i jednostavnu zamjenu ili popravak bilo kojeg dijela.<\/p>\n<p style=\"color: rgb(34, 34, 34); font-family: Arial, Helvetica, sans-serif; font-size: small;\">Ovaj gangway mo\u017ee poduprijeti maksimalnu te\u017einu od 130 kg (oko 286 lbs) i ima povr\u0161inu otpornu na klizanje dodatno osiguranje. Pri\u010dvr\u0161\u0107en je na mjestu pomo\u0107u klina koji se uklapa u odre\u0111enu uti\u010dnicu na va\u0161em \u010damcu. Aluminijski gangway opremljen je stazama otpornim na klizanje i mo\u017ee se sklopiti radi lak\u0161eg spremanja. Jedan kraj ima kota\u010de za mobilnost, dok drugi kraj uklju\u010duje rotiraju\u0107i spoj s 360 stupnjeva koji se uklapa u udubljenu uti\u010dnicu od 25 mm, koja je uklju\u010dena. Nadalje, dva uti\u010dnica montirana sa strane na okviru omogu\u0107uju instalaciju opcijelnog kompleta rukohvata.<\/p>\n<p style=\"color: rgb(34, 34, 34); font-family: Arial, Helvetica, sans-serif; font-size: small;\">Dr\u017ea\u010di za rukohvatu ve\u0107 su pri\u010dvr\u0161\u0107eni na strane gangwaya, a rukohvat je dostupan za kupnju odvojeno.<\/p>\n<p style=\"color: rgb(34, 34, 34); font-family: Arial, Helvetica, sans-serif; font-size: small;\">Za monta\u017eu na krmi, uti\u010dnice se mogu nabaviti u verziji pozitivno-negativno ili vertikalnoj verziji.<\/p>\n<p style=\"color: rgb(34, 34, 34); font-family: Arial, Helvetica, sans-serif; font-size: small;\"><strong>Tehni\u010dke specifikacije:<\/strong><\/p>\n<ul style=\"color: rgb(34, 34, 34); font-family: Arial, Helvetica, sans-serif; font-size: small;\">\n<li>Maksimalna nosivost: 130 kg (otprilike 286 lbs)<\/li>\n<li>Sklopivo: 2 dijela<\/li>\n<li>Dimenzije: 200 cm x 37 cm (otprilike 78.7 in x 14.6 in)<\/li>\n<li>Sklopljene dimenzije: 100 cm x 50 cm (otprilike 39.4 in x 19.7 in)<\/li>\n<li>Te\u017eina: 9.7 kg (otprilike 21.4 lbs)<\/li>\n<\/ul>\n","protected":false},"excerpt":{"rendered":"<p>Mosti\u0107 aluminijski sklopivi 200cm &#8211; S ponosom predstavljamo na\u0161 aluminijski sklopivi gangway s anodiziranim zavr\u0161nim obradama, pa\u017eljivo dizajniran s hodnikom<\/p>\n","protected":false},"featured_media":5938232,"comment_status":"open","ping_status":"closed","template":"","meta":[],"product_brand":[3491],"product_cat":[1612],"product_tag":[],"class_list":{"0":"post-740168","1":"product","2":"type-product","3":"status-publish","4":"has-post-thumbnail","6":"product_brand-trem-hr","7":"product_cat-gangways-za-brodove","9":"first","10":"instock","11":"shipping-taxable","12":"purchasable","13":"product-type-simple"},"_links":{"self":[{"href":"https:\/\/stoic-curie.212-227-153-4.plesk.page\/hr\/wp-json\/wp\/v2\/product\/740168","targetHints":{"allow":["GET"]}}],"collection":[{"href":"https:\/\/stoic-curie.212-227-153-4.plesk.page\/hr\/wp-json\/wp\/v2\/product"}],"about":[{"href":"https:\/\/stoic-curie.212-227-153-4.plesk.page\/hr\/wp-json\/wp\/v2\/types\/product"}],"replies":[{"embeddable":true,"href":"https:\/\/stoic-curie.212-227-153-4.plesk.page\/hr\/wp-json\/wp\/v2\/comments?post=740168"}],"version-history":[{"count":0,"href":"https:\/\/stoic-curie.212-227-153-4.plesk.page\/hr\/wp-json\/wp\/v2\/product\/740168\/revisions"}],"wp:featuredmedia":[{"embeddable":true,"href":"https:\/\/stoic-curie.212-227-153-4.plesk.page\/hr\/wp-json\/wp\/v2\/media\/5938232"}],"wp:attachment":[{"href":"https:\/\/stoic-curie.212-227-153-4.plesk.page\/hr\/wp-json\/wp\/v2\/media?parent=740168"}],"wp:term":[{"taxonomy":"product_brand","embeddable":true,"href":"https:\/\/stoic-curie.212-227-153-4.plesk.page\/hr\/wp-json\/wp\/v2\/product_brand?post=740168"},{"taxonomy":"product_cat","embeddable":true,"href":"https:\/\/stoic-curie.212-227-153-4.plesk.page\/hr\/wp-json\/wp\/v2\/product_cat?post=740168"},{"taxonomy":"product_tag","embeddable":true,"href":"https:\/\/stoic-curie.212-227-153-4.plesk.page\/hr\/wp-json\/wp\/v2\/product_tag?post=740168"}],"curies":[{"name":"wp","href":"https:\/\/api.w.org\/{rel}","templated":true}]}}