{"id":740169,"date":"2025-03-03T18:07:12","date_gmt":"2025-03-03T17:07:12","guid":{"rendered":"https:\/\/stoic-curie.212-227-153-4.plesk.page\/producto\/mostic-aluminijski-sklopivi-190x37cm\/"},"modified":"2026-02-25T00:00:42","modified_gmt":"2026-02-25T00:00:42","slug":"mostic-aluminijski-sklopivi-190x37cm","status":"publish","type":"product","link":"https:\/\/stoic-curie.212-227-153-4.plesk.page\/hr\/product\/mostic-aluminijski-sklopivi-190x37cm\/","title":{"rendered":"Mosti\u0107 aluminijski sklopivi 190x37cm"},"content":{"rendered":"<p>Mosti\u0107 aluminijski sklopivi 190x37cm &#8211; <\/p>\n<p>Uzbu\u0111eni smo \u0161to vam mo\u017eemo predstaviti na\u0161 preklopni gangway od anodiziranog aluminija, koji sadr\u017ei drvenu stazu otpornu na more. Ovaj proizvod uklju\u010duje sigurnosnu iglu i kota\u010de, \u0161to ga \u010dini izvrsnim izborom za one koji cijene funkcionalnost, izdr\u017eljivost i stil u svom plovilu.<\/p>\n<p>Ovaj gangway kombinira \u010dvrstu konstrukciju i elegantan dizajn, \u0161to ga \u010dini neizostavnim dodatkom za svakog ljubitelja jedrenja.<\/p>\n<p><strong>Klju\u010dne karakteristike:<\/strong><\/p>\n<ul>\n<li><strong>Izdr\u017eljiva drvena podloga:<\/strong> Debljine 2 cm, pru\u017ea izvanrednu izdr\u017eljivost u raznim vremenskim uvjetima.<\/li>\n<li><strong>Idealna \u0161irina:<\/strong> Sa \u0161irinom od 37 cm, osigurava izvrsnu stabilnost i sigurnost za korisnike.<\/li>\n<li><strong>Preklopni dizajn:<\/strong> Gangway se preklapa na sredini radi lak\u0161eg pohranjivanja i transporta.<\/li>\n<li><strong>Kota\u010di za manevriranje:<\/strong> Opremljen s dva \u010dvrsta kota\u010da (promjera 8 cm i \u0161irine 2 cm), omogu\u0107ava glatko kretanje bez proklizavanja.<\/li>\n<li><strong>Univerzalna monta\u017ea:<\/strong> Standardna monta\u017ena podloga omogu\u0107ava brzu i jednostavnu instalaciju na bilo koju vrstu \u010damca.<\/li>\n<li><strong>Bo\u010dne ru\u010dke:<\/strong> Dvije bo\u010dne ru\u010dke olak\u0161avaju podizanje i rukovanje gangwayem, \u010dak i kada je preklopljen, \u0161to pobolj\u0161ava njegovu funkcionalnost.<\/li>\n<\/ul>\n<p>Ovaj gangway nije samo izuzetno \u010dvrst nego i elegantan, s poliranim drvenim povr\u0161inama koje dodaju da\u0161ak elegancije va\u0161em plovilu. Bilo da ulazite ili izlazite, njegov korisni\u010dki dizajn i moderni dodaci osiguravaju ugodno i lako iskustvo.<\/p>\n","protected":false},"excerpt":{"rendered":"<p>Mosti\u0107 aluminijski sklopivi 190x37cm &#8211; Uzbu\u0111eni smo \u0161to vam mo\u017eemo predstaviti na\u0161 preklopni gangway od anodiziranog aluminija, koji sadr\u017ei drvenu<\/p>\n","protected":false},"featured_media":5938234,"comment_status":"open","ping_status":"closed","template":"","meta":[],"product_brand":[3491],"product_cat":[1612],"product_tag":[],"class_list":{"0":"post-740169","1":"product","2":"type-product","3":"status-publish","4":"has-post-thumbnail","6":"product_brand-trem-hr","7":"product_cat-gangways-za-brodove","9":"first","10":"instock","11":"shipping-taxable","12":"purchasable","13":"product-type-simple"},"_links":{"self":[{"href":"https:\/\/stoic-curie.212-227-153-4.plesk.page\/hr\/wp-json\/wp\/v2\/product\/740169","targetHints":{"allow":["GET"]}}],"collection":[{"href":"https:\/\/stoic-curie.212-227-153-4.plesk.page\/hr\/wp-json\/wp\/v2\/product"}],"about":[{"href":"https:\/\/stoic-curie.212-227-153-4.plesk.page\/hr\/wp-json\/wp\/v2\/types\/product"}],"replies":[{"embeddable":true,"href":"https:\/\/stoic-curie.212-227-153-4.plesk.page\/hr\/wp-json\/wp\/v2\/comments?post=740169"}],"version-history":[{"count":0,"href":"https:\/\/stoic-curie.212-227-153-4.plesk.page\/hr\/wp-json\/wp\/v2\/product\/740169\/revisions"}],"wp:featuredmedia":[{"embeddable":true,"href":"https:\/\/stoic-curie.212-227-153-4.plesk.page\/hr\/wp-json\/wp\/v2\/media\/5938234"}],"wp:attachment":[{"href":"https:\/\/stoic-curie.212-227-153-4.plesk.page\/hr\/wp-json\/wp\/v2\/media?parent=740169"}],"wp:term":[{"taxonomy":"product_brand","embeddable":true,"href":"https:\/\/stoic-curie.212-227-153-4.plesk.page\/hr\/wp-json\/wp\/v2\/product_brand?post=740169"},{"taxonomy":"product_cat","embeddable":true,"href":"https:\/\/stoic-curie.212-227-153-4.plesk.page\/hr\/wp-json\/wp\/v2\/product_cat?post=740169"},{"taxonomy":"product_tag","embeddable":true,"href":"https:\/\/stoic-curie.212-227-153-4.plesk.page\/hr\/wp-json\/wp\/v2\/product_tag?post=740169"}],"curies":[{"name":"wp","href":"https:\/\/api.w.org\/{rel}","templated":true}]}}