{"id":740170,"date":"2025-03-03T18:07:13","date_gmt":"2025-03-03T17:07:13","guid":{"rendered":"https:\/\/stoic-curie.212-227-153-4.plesk.page\/producto\/mostic-aluminijski-sklopivi-250x37cm\/"},"modified":"2026-02-25T00:00:42","modified_gmt":"2026-02-25T00:00:42","slug":"mostic-aluminijski-sklopivi-250x37cm","status":"publish","type":"product","link":"https:\/\/stoic-curie.212-227-153-4.plesk.page\/hr\/product\/mostic-aluminijski-sklopivi-250x37cm\/","title":{"rendered":"Mostic aluminijski sklopivi 250x37cm"},"content":{"rendered":"<p>Mostic aluminijski sklopivi 250x37cm &#8211; <\/p>\n<p style=\"color: rgb(34, 34, 34); font-family: Arial, Helvetica, sans-serif; font-size: small;\">S ponosom predstavljamo na\u0161 sklopivi gangway od anodiziranog aluminija, koji uklju\u010duje drveni hodnik od morskog drva. Ovaj proizvod opremljen je kontrolnom iglom i kota\u010dima, \u0161to ga \u010dini savr\u0161enim za sve koje cijene funkcionalnost, izdr\u017eljivost i estetiku u svom morskom izdanju.<\/p>\n<p style=\"color: rgb(34, 34, 34); font-family: Arial, Helvetica, sans-serif; font-size: small;\">Ovaj gangway kombinira robusnu snagu s sofisticiranim dizajnom, \u0161to ga \u010dini vitalnim izborom za svakog ljubitelja plovidbe.<\/p>\n<p style=\"color: rgb(34, 34, 34); font-family: Arial, Helvetica, sans-serif; font-size: small;\"><strong>Klju\u010dne zna\u010dajke:<\/strong><\/p>\n<ul style=\"color: rgb(34, 34, 34); font-family: Arial, Helvetica, sans-serif; font-size: small;\">\n<li><strong>Izdr\u017eljiva drvena podloga:<\/strong>&nbsp;S debljinom od 2 cm, jam\u010di izvanrednu izdr\u017eljivost u raznim vremenskim uvjetima.<\/li>\n<li><strong>Idealna \u0161irina:<\/strong>&nbsp;\u0160irina od 37 cm nudi izvrsnu stabilnost i sigurnost za korisnike.<\/li>\n<li><strong>Sklopivi dizajn:<\/strong>&nbsp;Gangway se prakti\u010dno preklapa na sredini, omogu\u0107uju\u0107i lako pohranjivanje i transport.<\/li>\n<li><strong>Kota\u010di za manevar:<\/strong>&nbsp;Opremljen s dva jaka kota\u010da (8 cm promjera i 2 cm \u0161irine), omogu\u0107ava beznaporno pomicanje bez klizanja.<\/li>\n<li><strong>Univerzalno monta\u017eno rje\u0161enje:<\/strong>&nbsp;Standardna monta\u017ena podloga omogu\u0107ava brzu i jednostavnu instalaciju na bilo koju vrstu \u010damca.<\/li>\n<li><strong>Bocne ru\u010dke:<\/strong>&nbsp;Dvije bo\u010dne ru\u010dke olak\u0161avaju podizanje i rukovanje gangway-em, \u010dak i kada je sklopljen, \u010dime se pove\u0107ava njegova upotrebljivost.<\/li>\n<\/ul>\n<p style=\"color: rgb(34, 34, 34); font-family: Arial, Helvetica, sans-serif; font-size: small;\">Ovaj gangway nije samo nevjerojatno \u010dvrst, ve\u0107 i stiliziran, s poliranom drvenom povr\u0161inom koja donosi da\u0161ak elegancije va\u0161em plovilu. Bilo da se ukrcavate ili iskrcavate, njegov korisni\u010dki dizajn i suvremene zna\u010dajke osiguravaju neometanu i ugodnu iskustvo.<\/p>\n","protected":false},"excerpt":{"rendered":"<p>Mostic aluminijski sklopivi 250x37cm &#8211; S ponosom predstavljamo na\u0161 sklopivi gangway od anodiziranog aluminija, koji uklju\u010duje drveni hodnik od morskog<\/p>\n","protected":false},"featured_media":5938234,"comment_status":"open","ping_status":"closed","template":"","meta":[],"product_brand":[3491],"product_cat":[1612],"product_tag":[],"class_list":{"0":"post-740170","1":"product","2":"type-product","3":"status-publish","4":"has-post-thumbnail","6":"product_brand-trem-hr","7":"product_cat-gangways-za-brodove","9":"first","10":"instock","11":"shipping-taxable","12":"purchasable","13":"product-type-simple"},"_links":{"self":[{"href":"https:\/\/stoic-curie.212-227-153-4.plesk.page\/hr\/wp-json\/wp\/v2\/product\/740170","targetHints":{"allow":["GET"]}}],"collection":[{"href":"https:\/\/stoic-curie.212-227-153-4.plesk.page\/hr\/wp-json\/wp\/v2\/product"}],"about":[{"href":"https:\/\/stoic-curie.212-227-153-4.plesk.page\/hr\/wp-json\/wp\/v2\/types\/product"}],"replies":[{"embeddable":true,"href":"https:\/\/stoic-curie.212-227-153-4.plesk.page\/hr\/wp-json\/wp\/v2\/comments?post=740170"}],"version-history":[{"count":0,"href":"https:\/\/stoic-curie.212-227-153-4.plesk.page\/hr\/wp-json\/wp\/v2\/product\/740170\/revisions"}],"wp:featuredmedia":[{"embeddable":true,"href":"https:\/\/stoic-curie.212-227-153-4.plesk.page\/hr\/wp-json\/wp\/v2\/media\/5938234"}],"wp:attachment":[{"href":"https:\/\/stoic-curie.212-227-153-4.plesk.page\/hr\/wp-json\/wp\/v2\/media?parent=740170"}],"wp:term":[{"taxonomy":"product_brand","embeddable":true,"href":"https:\/\/stoic-curie.212-227-153-4.plesk.page\/hr\/wp-json\/wp\/v2\/product_brand?post=740170"},{"taxonomy":"product_cat","embeddable":true,"href":"https:\/\/stoic-curie.212-227-153-4.plesk.page\/hr\/wp-json\/wp\/v2\/product_cat?post=740170"},{"taxonomy":"product_tag","embeddable":true,"href":"https:\/\/stoic-curie.212-227-153-4.plesk.page\/hr\/wp-json\/wp\/v2\/product_tag?post=740170"}],"curies":[{"name":"wp","href":"https:\/\/api.w.org\/{rel}","templated":true}]}}