{"id":740171,"date":"2025-03-03T18:07:13","date_gmt":"2025-03-03T17:07:13","guid":{"rendered":"https:\/\/stoic-curie.212-227-153-4.plesk.page\/producto\/rollbar-s-dvostrukom-cijevi-d40-l1700-2050-v1200mm\/"},"modified":"2026-02-25T00:00:42","modified_gmt":"2026-02-25T00:00:42","slug":"rollbar-s-dvostrukom-cijevi-d40-l1700-2050-v1200mm","status":"publish","type":"product","link":"https:\/\/stoic-curie.212-227-153-4.plesk.page\/hr\/product\/rollbar-s-dvostrukom-cijevi-d40-l1700-2050-v1200mm\/","title":{"rendered":"Rollbar s dvostrukom cijevi D40 L1700-2050 V1200mm"},"content":{"rendered":"<p>Rollbar s dvostrukom cijevi D40 L1700-2050 V1200mm &#8211; <\/p>\n<p>Poli\u010dena dvostruka \u0161ipka od nehr\u0111aju\u0107eg \u010delika u obliku rollbara. Idealna za monta\u017eu na napuhavanje zahvaljuju\u0107i cijevastom obliku.<\/p>\n","protected":false},"excerpt":{"rendered":"<p>Rollbar s dvostrukom cijevi D40 L1700-2050 V1200mm &#8211; Poli\u010dena dvostruka \u0161ipka od nehr\u0111aju\u0107eg \u010delika u obliku rollbara. Idealna za monta\u017eu<\/p>\n","protected":false},"featured_media":5938237,"comment_status":"open","ping_status":"closed","template":"","meta":[],"product_brand":[3121],"product_cat":[1837],"product_tag":[],"class_list":{"0":"post-740171","1":"product","2":"type-product","3":"status-publish","4":"has-post-thumbnail","6":"product_brand-marinetech-hr","7":"product_cat-roll-bar-pomocni-camci-i-pribor","9":"first","10":"instock","11":"shipping-taxable","12":"purchasable","13":"product-type-simple"},"_links":{"self":[{"href":"https:\/\/stoic-curie.212-227-153-4.plesk.page\/hr\/wp-json\/wp\/v2\/product\/740171","targetHints":{"allow":["GET"]}}],"collection":[{"href":"https:\/\/stoic-curie.212-227-153-4.plesk.page\/hr\/wp-json\/wp\/v2\/product"}],"about":[{"href":"https:\/\/stoic-curie.212-227-153-4.plesk.page\/hr\/wp-json\/wp\/v2\/types\/product"}],"replies":[{"embeddable":true,"href":"https:\/\/stoic-curie.212-227-153-4.plesk.page\/hr\/wp-json\/wp\/v2\/comments?post=740171"}],"version-history":[{"count":0,"href":"https:\/\/stoic-curie.212-227-153-4.plesk.page\/hr\/wp-json\/wp\/v2\/product\/740171\/revisions"}],"wp:featuredmedia":[{"embeddable":true,"href":"https:\/\/stoic-curie.212-227-153-4.plesk.page\/hr\/wp-json\/wp\/v2\/media\/5938237"}],"wp:attachment":[{"href":"https:\/\/stoic-curie.212-227-153-4.plesk.page\/hr\/wp-json\/wp\/v2\/media?parent=740171"}],"wp:term":[{"taxonomy":"product_brand","embeddable":true,"href":"https:\/\/stoic-curie.212-227-153-4.plesk.page\/hr\/wp-json\/wp\/v2\/product_brand?post=740171"},{"taxonomy":"product_cat","embeddable":true,"href":"https:\/\/stoic-curie.212-227-153-4.plesk.page\/hr\/wp-json\/wp\/v2\/product_cat?post=740171"},{"taxonomy":"product_tag","embeddable":true,"href":"https:\/\/stoic-curie.212-227-153-4.plesk.page\/hr\/wp-json\/wp\/v2\/product_tag?post=740171"}],"curies":[{"name":"wp","href":"https:\/\/api.w.org\/{rel}","templated":true}]}}