{"id":740172,"date":"2025-03-03T18:07:13","date_gmt":"2025-03-03T17:07:13","guid":{"rendered":"https:\/\/stoic-curie.212-227-153-4.plesk.page\/producto\/lahna-seamodule-vesla-od-plastike-180cm\/"},"modified":"2026-02-25T00:00:42","modified_gmt":"2026-02-25T00:00:42","slug":"lahna-seamodule-vesla-od-plastike-180cm","status":"publish","type":"product","link":"https:\/\/stoic-curie.212-227-153-4.plesk.page\/hr\/product\/lahna-seamodule-vesla-od-plastike-180cm\/","title":{"rendered":"Lahna SeaModule vesla od plastike 180cm"},"content":{"rendered":"<p>Lahna SeaModule vesla od plastike 180cm &#8211; <\/p>\n<p>Vrhunska kvalitetna lagana vesla s oja\u010danim plasti\u010dnim odvojivim lopaticama. S izdr\u017eljivom dr\u0161kom za te\u0161ke pomorske uvjete, ergonomskim hvatom i zavr\u0161nom obradom od poliuretanske boje.<\/p>\n","protected":false},"excerpt":{"rendered":"<p>Lahna SeaModule vesla od plastike 180cm &#8211; Vrhunska kvalitetna lagana vesla s oja\u010danim plasti\u010dnim odvojivim lopaticama. S izdr\u017eljivom dr\u0161kom za<\/p>\n","protected":false},"featured_media":5938260,"comment_status":"open","ping_status":"closed","template":"","meta":[],"product_brand":[3061],"product_cat":[1836],"product_tag":[],"class_list":{"0":"post-740172","1":"product","2":"type-product","3":"status-publish","4":"has-post-thumbnail","6":"product_brand-lahna-hr","7":"product_cat-vesla","9":"first","10":"instock","11":"shipping-taxable","12":"purchasable","13":"product-type-simple"},"_links":{"self":[{"href":"https:\/\/stoic-curie.212-227-153-4.plesk.page\/hr\/wp-json\/wp\/v2\/product\/740172","targetHints":{"allow":["GET"]}}],"collection":[{"href":"https:\/\/stoic-curie.212-227-153-4.plesk.page\/hr\/wp-json\/wp\/v2\/product"}],"about":[{"href":"https:\/\/stoic-curie.212-227-153-4.plesk.page\/hr\/wp-json\/wp\/v2\/types\/product"}],"replies":[{"embeddable":true,"href":"https:\/\/stoic-curie.212-227-153-4.plesk.page\/hr\/wp-json\/wp\/v2\/comments?post=740172"}],"version-history":[{"count":0,"href":"https:\/\/stoic-curie.212-227-153-4.plesk.page\/hr\/wp-json\/wp\/v2\/product\/740172\/revisions"}],"wp:featuredmedia":[{"embeddable":true,"href":"https:\/\/stoic-curie.212-227-153-4.plesk.page\/hr\/wp-json\/wp\/v2\/media\/5938260"}],"wp:attachment":[{"href":"https:\/\/stoic-curie.212-227-153-4.plesk.page\/hr\/wp-json\/wp\/v2\/media?parent=740172"}],"wp:term":[{"taxonomy":"product_brand","embeddable":true,"href":"https:\/\/stoic-curie.212-227-153-4.plesk.page\/hr\/wp-json\/wp\/v2\/product_brand?post=740172"},{"taxonomy":"product_cat","embeddable":true,"href":"https:\/\/stoic-curie.212-227-153-4.plesk.page\/hr\/wp-json\/wp\/v2\/product_cat?post=740172"},{"taxonomy":"product_tag","embeddable":true,"href":"https:\/\/stoic-curie.212-227-153-4.plesk.page\/hr\/wp-json\/wp\/v2\/product_tag?post=740172"}],"curies":[{"name":"wp","href":"https:\/\/api.w.org\/{rel}","templated":true}]}}