{"id":740174,"date":"2025-03-03T18:07:14","date_gmt":"2025-03-03T17:07:14","guid":{"rendered":"https:\/\/stoic-curie.212-227-153-4.plesk.page\/producto\/lahna-seagrade-vesla-uravnotezena-lopatica-180cm\/"},"modified":"2026-02-25T00:00:42","modified_gmt":"2026-02-25T00:00:42","slug":"lahna-seagrade-vesla-uravnotezena-lopatica-180cm","status":"publish","type":"product","link":"https:\/\/stoic-curie.212-227-153-4.plesk.page\/hr\/product\/lahna-seagrade-vesla-uravnotezena-lopatica-180cm\/","title":{"rendered":"Lahna SeaGrade vesla uravnote\u017eena lopatica 180cm"},"content":{"rendered":"<p>Lahna SeaGrade vesla uravnote\u017eena lopatica 180cm &#8211; <\/p>\n<p>Kvalitetni, lagani i otporni vesla, najbolji za te\u0161ke morske uvjete. Ergonomi\u010dna dr\u0161ka, uravnote\u017eena o\u0161trica, zavr\u0161na obrada od poliuretanske lak. Potpuno s rukavcem za veslo.<\/p>\n","protected":false},"excerpt":{"rendered":"<p>Lahna SeaGrade vesla uravnote\u017eena lopatica 180cm &#8211; Kvalitetni, lagani i otporni vesla, najbolji za te\u0161ke morske uvjete. Ergonomi\u010dna dr\u0161ka, uravnote\u017eena<\/p>\n","protected":false},"featured_media":5938262,"comment_status":"open","ping_status":"closed","template":"","meta":[],"product_brand":[3061],"product_cat":[1836],"product_tag":[],"class_list":{"0":"post-740174","1":"product","2":"type-product","3":"status-publish","4":"has-post-thumbnail","6":"product_brand-lahna-hr","7":"product_cat-vesla","9":"first","10":"instock","11":"shipping-taxable","12":"purchasable","13":"product-type-simple"},"_links":{"self":[{"href":"https:\/\/stoic-curie.212-227-153-4.plesk.page\/hr\/wp-json\/wp\/v2\/product\/740174","targetHints":{"allow":["GET"]}}],"collection":[{"href":"https:\/\/stoic-curie.212-227-153-4.plesk.page\/hr\/wp-json\/wp\/v2\/product"}],"about":[{"href":"https:\/\/stoic-curie.212-227-153-4.plesk.page\/hr\/wp-json\/wp\/v2\/types\/product"}],"replies":[{"embeddable":true,"href":"https:\/\/stoic-curie.212-227-153-4.plesk.page\/hr\/wp-json\/wp\/v2\/comments?post=740174"}],"version-history":[{"count":0,"href":"https:\/\/stoic-curie.212-227-153-4.plesk.page\/hr\/wp-json\/wp\/v2\/product\/740174\/revisions"}],"wp:featuredmedia":[{"embeddable":true,"href":"https:\/\/stoic-curie.212-227-153-4.plesk.page\/hr\/wp-json\/wp\/v2\/media\/5938262"}],"wp:attachment":[{"href":"https:\/\/stoic-curie.212-227-153-4.plesk.page\/hr\/wp-json\/wp\/v2\/media?parent=740174"}],"wp:term":[{"taxonomy":"product_brand","embeddable":true,"href":"https:\/\/stoic-curie.212-227-153-4.plesk.page\/hr\/wp-json\/wp\/v2\/product_brand?post=740174"},{"taxonomy":"product_cat","embeddable":true,"href":"https:\/\/stoic-curie.212-227-153-4.plesk.page\/hr\/wp-json\/wp\/v2\/product_cat?post=740174"},{"taxonomy":"product_tag","embeddable":true,"href":"https:\/\/stoic-curie.212-227-153-4.plesk.page\/hr\/wp-json\/wp\/v2\/product_tag?post=740174"}],"curies":[{"name":"wp","href":"https:\/\/api.w.org\/{rel}","templated":true}]}}