{"id":740175,"date":"2025-03-03T18:07:14","date_gmt":"2025-03-03T17:07:14","guid":{"rendered":"https:\/\/stoic-curie.212-227-153-4.plesk.page\/producto\/lahna-seagrade-vesla-uravnotezena-lopatica-200cm\/"},"modified":"2026-02-25T00:00:42","modified_gmt":"2026-02-25T00:00:42","slug":"lahna-seagrade-vesla-uravnotezena-lopatica-200cm","status":"publish","type":"product","link":"https:\/\/stoic-curie.212-227-153-4.plesk.page\/hr\/product\/lahna-seagrade-vesla-uravnotezena-lopatica-200cm\/","title":{"rendered":"Lahna SeaGrade vesla uravnote\u017eena lopatica 200cm"},"content":{"rendered":"<p>Lahna SeaGrade vesla uravnote\u017eena lopatica 200cm &#8211; <\/p>\n<p>Kvalitetne, lagane i otporne vesla, najbolja za te\u0161ke morske uvjete. Ergonomski dr\u017eak, uravnote\u017een lopatice i zavr\u0161na obrada s poliuretanskim lakom. Dolazi s rukavom za dr\u017ea\u010d vesla.<\/p>\n","protected":false},"excerpt":{"rendered":"<p>Lahna SeaGrade vesla uravnote\u017eena lopatica 200cm &#8211; Kvalitetne, lagane i otporne vesla, najbolja za te\u0161ke morske uvjete. Ergonomski dr\u017eak, uravnote\u017een<\/p>\n","protected":false},"featured_media":5938264,"comment_status":"open","ping_status":"closed","template":"","meta":[],"product_brand":[3061],"product_cat":[1836],"product_tag":[],"class_list":{"0":"post-740175","1":"product","2":"type-product","3":"status-publish","4":"has-post-thumbnail","6":"product_brand-lahna-hr","7":"product_cat-vesla","9":"first","10":"instock","11":"shipping-taxable","12":"purchasable","13":"product-type-simple"},"_links":{"self":[{"href":"https:\/\/stoic-curie.212-227-153-4.plesk.page\/hr\/wp-json\/wp\/v2\/product\/740175","targetHints":{"allow":["GET"]}}],"collection":[{"href":"https:\/\/stoic-curie.212-227-153-4.plesk.page\/hr\/wp-json\/wp\/v2\/product"}],"about":[{"href":"https:\/\/stoic-curie.212-227-153-4.plesk.page\/hr\/wp-json\/wp\/v2\/types\/product"}],"replies":[{"embeddable":true,"href":"https:\/\/stoic-curie.212-227-153-4.plesk.page\/hr\/wp-json\/wp\/v2\/comments?post=740175"}],"version-history":[{"count":0,"href":"https:\/\/stoic-curie.212-227-153-4.plesk.page\/hr\/wp-json\/wp\/v2\/product\/740175\/revisions"}],"wp:featuredmedia":[{"embeddable":true,"href":"https:\/\/stoic-curie.212-227-153-4.plesk.page\/hr\/wp-json\/wp\/v2\/media\/5938264"}],"wp:attachment":[{"href":"https:\/\/stoic-curie.212-227-153-4.plesk.page\/hr\/wp-json\/wp\/v2\/media?parent=740175"}],"wp:term":[{"taxonomy":"product_brand","embeddable":true,"href":"https:\/\/stoic-curie.212-227-153-4.plesk.page\/hr\/wp-json\/wp\/v2\/product_brand?post=740175"},{"taxonomy":"product_cat","embeddable":true,"href":"https:\/\/stoic-curie.212-227-153-4.plesk.page\/hr\/wp-json\/wp\/v2\/product_cat?post=740175"},{"taxonomy":"product_tag","embeddable":true,"href":"https:\/\/stoic-curie.212-227-153-4.plesk.page\/hr\/wp-json\/wp\/v2\/product_tag?post=740175"}],"curies":[{"name":"wp","href":"https:\/\/api.w.org\/{rel}","templated":true}]}}