{"id":740178,"date":"2025-03-03T18:07:14","date_gmt":"2025-03-03T17:07:14","guid":{"rendered":"https:\/\/stoic-curie.212-227-153-4.plesk.page\/producto\/veslo-lahna-inditour-125cm-620gr\/"},"modified":"2026-02-25T00:00:42","modified_gmt":"2026-02-25T00:00:42","slug":"veslo-lahna-inditour-125cm-620gr","status":"publish","type":"product","link":"https:\/\/stoic-curie.212-227-153-4.plesk.page\/hr\/product\/veslo-lahna-inditour-125cm-620gr\/","title":{"rendered":"Veslo Lahna Inditour 125cm 620Gr"},"content":{"rendered":"<p>Veslo Lahna Inditour 125cm 620Gr &#8211; <\/p>\n<p>Jasno lamelirano paddlo od finskog drva. Najbolje za te\u0161ke morske uvjete. Oblikovana dr\u0161ka, vrh o\u0161trice oja\u010dan klinom. Zavr\u0161eno s vremenskom poliuretanskom lakom. Pogodno za kanue i \u010damce.<\/p>\n","protected":false},"excerpt":{"rendered":"<p>Veslo Lahna Inditour 125cm 620Gr &#8211; Jasno lamelirano paddlo od finskog drva. Najbolje za te\u0161ke morske uvjete. Oblikovana dr\u0161ka, vrh<\/p>\n","protected":false},"featured_media":5938267,"comment_status":"open","ping_status":"closed","template":"","meta":[],"product_brand":[3061],"product_cat":[1836],"product_tag":[],"class_list":{"0":"post-740178","1":"product","2":"type-product","3":"status-publish","4":"has-post-thumbnail","6":"product_brand-lahna-hr","7":"product_cat-vesla","9":"first","10":"instock","11":"shipping-taxable","12":"purchasable","13":"product-type-simple"},"_links":{"self":[{"href":"https:\/\/stoic-curie.212-227-153-4.plesk.page\/hr\/wp-json\/wp\/v2\/product\/740178","targetHints":{"allow":["GET"]}}],"collection":[{"href":"https:\/\/stoic-curie.212-227-153-4.plesk.page\/hr\/wp-json\/wp\/v2\/product"}],"about":[{"href":"https:\/\/stoic-curie.212-227-153-4.plesk.page\/hr\/wp-json\/wp\/v2\/types\/product"}],"replies":[{"embeddable":true,"href":"https:\/\/stoic-curie.212-227-153-4.plesk.page\/hr\/wp-json\/wp\/v2\/comments?post=740178"}],"version-history":[{"count":0,"href":"https:\/\/stoic-curie.212-227-153-4.plesk.page\/hr\/wp-json\/wp\/v2\/product\/740178\/revisions"}],"wp:featuredmedia":[{"embeddable":true,"href":"https:\/\/stoic-curie.212-227-153-4.plesk.page\/hr\/wp-json\/wp\/v2\/media\/5938267"}],"wp:attachment":[{"href":"https:\/\/stoic-curie.212-227-153-4.plesk.page\/hr\/wp-json\/wp\/v2\/media?parent=740178"}],"wp:term":[{"taxonomy":"product_brand","embeddable":true,"href":"https:\/\/stoic-curie.212-227-153-4.plesk.page\/hr\/wp-json\/wp\/v2\/product_brand?post=740178"},{"taxonomy":"product_cat","embeddable":true,"href":"https:\/\/stoic-curie.212-227-153-4.plesk.page\/hr\/wp-json\/wp\/v2\/product_cat?post=740178"},{"taxonomy":"product_tag","embeddable":true,"href":"https:\/\/stoic-curie.212-227-153-4.plesk.page\/hr\/wp-json\/wp\/v2\/product_tag?post=740178"}],"curies":[{"name":"wp","href":"https:\/\/api.w.org\/{rel}","templated":true}]}}