{"id":740190,"date":"2025-03-03T18:07:17","date_gmt":"2025-03-03T17:07:17","guid":{"rendered":"https:\/\/stoic-curie.212-227-153-4.plesk.page\/producto\/drzac-stapa-za-pecanje-podesivi-kromirani-mesing-sa-stegom-za-tracnice-22-28-mm-h250-mm-d40-mm\/"},"modified":"2026-02-25T00:00:42","modified_gmt":"2026-02-25T00:00:42","slug":"drzac-stapa-za-pecanje-podesivi-kromirani-mesing-sa-stegom-za-tracnice-22-28-mm-h250-mm-d40-mm","status":"publish","type":"product","link":"https:\/\/stoic-curie.212-227-153-4.plesk.page\/hr\/product\/drzac-stapa-za-pecanje-podesivi-kromirani-mesing-sa-stegom-za-tracnice-22-28-mm-h250-mm-d40-mm\/","title":{"rendered":"Dr\u017eac \u0161tapa za pecanje podesivi, kromirani mesing, sa stegom za tra\u010dnice 22-28 mm H250 mm D40 mm"},"content":{"rendered":"<p>Dr\u017eac \u0161tapa za pecanje podesivi, kromirani mesing, sa stegom za tra\u010dnice 22-28 mm H250 mm D40 mm &#8211; <\/p>\n<p>Chromirani mesingasti pode\u0161eni dr\u017ea\u010d. Dr\u017ea\u010d za \u0161tapove na tra\u010dnici s gumenom \u010da\u0161om za za\u0161titu \u0161tapa.<\/p>\n","protected":false},"excerpt":{"rendered":"<p>Dr\u017eac \u0161tapa za pecanje podesivi, kromirani mesing, sa stegom za tra\u010dnice 22-28 mm H250 mm D40 mm &#8211; Chromirani mesingasti<\/p>\n","protected":false},"featured_media":5938341,"comment_status":"open","ping_status":"closed","template":"","meta":[],"product_brand":[2946],"product_cat":[1680,1843],"product_tag":[],"class_list":{"0":"post-740190","1":"product","2":"type-product","3":"status-publish","4":"has-post-thumbnail","6":"product_brand-foresti-suardi-hr","7":"product_cat-drzaci-stapova-za-ribolov","8":"product_cat-oprema-za-ribolov-na-brodu","10":"first","11":"instock","12":"shipping-taxable","13":"purchasable","14":"product-type-simple"},"_links":{"self":[{"href":"https:\/\/stoic-curie.212-227-153-4.plesk.page\/hr\/wp-json\/wp\/v2\/product\/740190","targetHints":{"allow":["GET"]}}],"collection":[{"href":"https:\/\/stoic-curie.212-227-153-4.plesk.page\/hr\/wp-json\/wp\/v2\/product"}],"about":[{"href":"https:\/\/stoic-curie.212-227-153-4.plesk.page\/hr\/wp-json\/wp\/v2\/types\/product"}],"replies":[{"embeddable":true,"href":"https:\/\/stoic-curie.212-227-153-4.plesk.page\/hr\/wp-json\/wp\/v2\/comments?post=740190"}],"version-history":[{"count":0,"href":"https:\/\/stoic-curie.212-227-153-4.plesk.page\/hr\/wp-json\/wp\/v2\/product\/740190\/revisions"}],"wp:featuredmedia":[{"embeddable":true,"href":"https:\/\/stoic-curie.212-227-153-4.plesk.page\/hr\/wp-json\/wp\/v2\/media\/5938341"}],"wp:attachment":[{"href":"https:\/\/stoic-curie.212-227-153-4.plesk.page\/hr\/wp-json\/wp\/v2\/media?parent=740190"}],"wp:term":[{"taxonomy":"product_brand","embeddable":true,"href":"https:\/\/stoic-curie.212-227-153-4.plesk.page\/hr\/wp-json\/wp\/v2\/product_brand?post=740190"},{"taxonomy":"product_cat","embeddable":true,"href":"https:\/\/stoic-curie.212-227-153-4.plesk.page\/hr\/wp-json\/wp\/v2\/product_cat?post=740190"},{"taxonomy":"product_tag","embeddable":true,"href":"https:\/\/stoic-curie.212-227-153-4.plesk.page\/hr\/wp-json\/wp\/v2\/product_tag?post=740190"}],"curies":[{"name":"wp","href":"https:\/\/api.w.org\/{rel}","templated":true}]}}