{"id":740192,"date":"2025-03-03T18:07:18","date_gmt":"2025-03-03T17:07:18","guid":{"rendered":"https:\/\/stoic-curie.212-227-153-4.plesk.page\/producto\/drzac-stapa-za-pecanje-od-kromiranog-mesinga-s-podesivom-stezaljkom-i-dvostrukim-zglobom-h400mm-d40mm\/"},"modified":"2026-02-25T00:00:42","modified_gmt":"2026-02-25T00:00:42","slug":"drzac-stapa-za-pecanje-od-kromiranog-mesinga-s-podesivom-stezaljkom-i-dvostrukim-zglobom-h400mm-d40mm","status":"publish","type":"product","link":"https:\/\/stoic-curie.212-227-153-4.plesk.page\/hr\/product\/drzac-stapa-za-pecanje-od-kromiranog-mesinga-s-podesivom-stezaljkom-i-dvostrukim-zglobom-h400mm-d40mm\/","title":{"rendered":"Dr\u017eac \u0161tapa za pecanje od kromiranog mesinga s podesivom stezaljkom i dvostrukim zglobom H400mm D40mm"},"content":{"rendered":"<p>Dr\u017eac \u0161tapa za pecanje od kromiranog mesinga s podesivom stezaljkom i dvostrukim zglobom H400mm D40mm &#8211; <\/p>\n<p>Podesivi dr\u017ea\u010d \u0161tapova od kromiranog mesinga s dvostrukom rotiraju\u0107om stezaljkom i za\u0161titnom gumom za \u0161tap.<\/p>\n","protected":false},"excerpt":{"rendered":"<p>Dr\u017eac \u0161tapa za pecanje od kromiranog mesinga s podesivom stezaljkom i dvostrukim zglobom H400mm D40mm &#8211; Podesivi dr\u017ea\u010d \u0161tapova od<\/p>\n","protected":false},"featured_media":5938344,"comment_status":"open","ping_status":"closed","template":"","meta":[],"product_brand":[2946],"product_cat":[1680,1843],"product_tag":[],"class_list":{"0":"post-740192","1":"product","2":"type-product","3":"status-publish","4":"has-post-thumbnail","6":"product_brand-foresti-suardi-hr","7":"product_cat-drzaci-stapova-za-ribolov","8":"product_cat-oprema-za-ribolov-na-brodu","10":"first","11":"instock","12":"shipping-taxable","13":"purchasable","14":"product-type-simple"},"_links":{"self":[{"href":"https:\/\/stoic-curie.212-227-153-4.plesk.page\/hr\/wp-json\/wp\/v2\/product\/740192","targetHints":{"allow":["GET"]}}],"collection":[{"href":"https:\/\/stoic-curie.212-227-153-4.plesk.page\/hr\/wp-json\/wp\/v2\/product"}],"about":[{"href":"https:\/\/stoic-curie.212-227-153-4.plesk.page\/hr\/wp-json\/wp\/v2\/types\/product"}],"replies":[{"embeddable":true,"href":"https:\/\/stoic-curie.212-227-153-4.plesk.page\/hr\/wp-json\/wp\/v2\/comments?post=740192"}],"version-history":[{"count":0,"href":"https:\/\/stoic-curie.212-227-153-4.plesk.page\/hr\/wp-json\/wp\/v2\/product\/740192\/revisions"}],"wp:featuredmedia":[{"embeddable":true,"href":"https:\/\/stoic-curie.212-227-153-4.plesk.page\/hr\/wp-json\/wp\/v2\/media\/5938344"}],"wp:attachment":[{"href":"https:\/\/stoic-curie.212-227-153-4.plesk.page\/hr\/wp-json\/wp\/v2\/media?parent=740192"}],"wp:term":[{"taxonomy":"product_brand","embeddable":true,"href":"https:\/\/stoic-curie.212-227-153-4.plesk.page\/hr\/wp-json\/wp\/v2\/product_brand?post=740192"},{"taxonomy":"product_cat","embeddable":true,"href":"https:\/\/stoic-curie.212-227-153-4.plesk.page\/hr\/wp-json\/wp\/v2\/product_cat?post=740192"},{"taxonomy":"product_tag","embeddable":true,"href":"https:\/\/stoic-curie.212-227-153-4.plesk.page\/hr\/wp-json\/wp\/v2\/product_tag?post=740192"}],"curies":[{"name":"wp","href":"https:\/\/api.w.org\/{rel}","templated":true}]}}