{"id":740195,"date":"2025-03-03T18:07:19","date_gmt":"2025-03-03T17:07:19","guid":{"rendered":"https:\/\/stoic-curie.212-227-153-4.plesk.page\/producto\/stalak-za-stol-od-nehrdajuceg-celika-50-mm-x-70-cm-baza-16-cm\/"},"modified":"2026-02-25T00:00:42","modified_gmt":"2026-02-25T00:00:42","slug":"stalak-za-stol-od-nehrdajuceg-celika-50-mm-x-70-cm-baza-16-cm","status":"publish","type":"product","link":"https:\/\/stoic-curie.212-227-153-4.plesk.page\/hr\/product\/stalak-za-stol-od-nehrdajuceg-celika-50-mm-x-70-cm-baza-16-cm\/","title":{"rendered":"Stalak za stol od nehr\u0111aju\u0107eg \u010delika 50 mm x 70 cm (baza 16 cm)"},"content":{"rendered":"<p>Stalak za stol od nehr\u0111aju\u0107eg \u010delika 50 mm x 70 cm (baza 16 cm) &#8211; <\/p>\n<p>Ugradna baza, polirani nehr\u0111aju\u0107i \u010delik, sklopivi postolje za stol. Visina: 70 cm.<\/p>\n","protected":false},"excerpt":{"rendered":"<p>Stalak za stol od nehr\u0111aju\u0107eg \u010delika 50 mm x 70 cm (baza 16 cm) &#8211; Ugradna baza, polirani nehr\u0111aju\u0107i \u010delik,<\/p>\n","protected":false},"featured_media":5938361,"comment_status":"open","ping_status":"closed","template":"","meta":[],"product_brand":[2966],"product_cat":[1642],"product_tag":[],"class_list":{"0":"post-740195","1":"product","2":"type-product","3":"status-publish","4":"has-post-thumbnail","6":"product_brand-garelick-hr","7":"product_cat-brodske-stolice-i-stolovi","9":"first","10":"instock","11":"shipping-taxable","12":"purchasable","13":"product-type-simple"},"_links":{"self":[{"href":"https:\/\/stoic-curie.212-227-153-4.plesk.page\/hr\/wp-json\/wp\/v2\/product\/740195","targetHints":{"allow":["GET"]}}],"collection":[{"href":"https:\/\/stoic-curie.212-227-153-4.plesk.page\/hr\/wp-json\/wp\/v2\/product"}],"about":[{"href":"https:\/\/stoic-curie.212-227-153-4.plesk.page\/hr\/wp-json\/wp\/v2\/types\/product"}],"replies":[{"embeddable":true,"href":"https:\/\/stoic-curie.212-227-153-4.plesk.page\/hr\/wp-json\/wp\/v2\/comments?post=740195"}],"version-history":[{"count":0,"href":"https:\/\/stoic-curie.212-227-153-4.plesk.page\/hr\/wp-json\/wp\/v2\/product\/740195\/revisions"}],"wp:featuredmedia":[{"embeddable":true,"href":"https:\/\/stoic-curie.212-227-153-4.plesk.page\/hr\/wp-json\/wp\/v2\/media\/5938361"}],"wp:attachment":[{"href":"https:\/\/stoic-curie.212-227-153-4.plesk.page\/hr\/wp-json\/wp\/v2\/media?parent=740195"}],"wp:term":[{"taxonomy":"product_brand","embeddable":true,"href":"https:\/\/stoic-curie.212-227-153-4.plesk.page\/hr\/wp-json\/wp\/v2\/product_brand?post=740195"},{"taxonomy":"product_cat","embeddable":true,"href":"https:\/\/stoic-curie.212-227-153-4.plesk.page\/hr\/wp-json\/wp\/v2\/product_cat?post=740195"},{"taxonomy":"product_tag","embeddable":true,"href":"https:\/\/stoic-curie.212-227-153-4.plesk.page\/hr\/wp-json\/wp\/v2\/product_tag?post=740195"}],"curies":[{"name":"wp","href":"https:\/\/api.w.org\/{rel}","templated":true}]}}