{"id":740199,"date":"2025-03-03T18:07:20","date_gmt":"2025-03-03T17:07:20","guid":{"rendered":"https:\/\/stoic-curie.212-227-153-4.plesk.page\/producto\/podesivo-postolje-sjedala-ocean-h435-635-mm-baza-300-mm\/"},"modified":"2026-02-25T00:00:42","modified_gmt":"2026-02-25T00:00:42","slug":"podesivo-postolje-sjedala-ocean-h435-635-mm-baza-300-mm","status":"publish","type":"product","link":"https:\/\/stoic-curie.212-227-153-4.plesk.page\/hr\/product\/podesivo-postolje-sjedala-ocean-h435-635-mm-baza-300-mm\/","title":{"rendered":"Podesivo postolje sjedala Ocean H435 \/ 635 mm baza 300 mm"},"content":{"rendered":"<p>Podesivo postolje sjedala Ocean H435 \/ 635 mm baza 300 mm &#8211; <\/p>\n<p>Anodizirani aluminijski morski sjedalo glavna potpora sa ru\u010dnim pode\u0161avanjem visine. \u0160iroka baza s vrlo \u010dvrstom strukturom idealnom za visoke optere\u0107enja i stres. Rotiraju\u0107a glava s klizanjem naprijed-natrag, univerzalna monta\u017ea za sve sjedalice.<\/p>\n","protected":false},"excerpt":{"rendered":"<p>Podesivo postolje sjedala Ocean H435 \/ 635 mm baza 300 mm &#8211; Anodizirani aluminijski morski sjedalo glavna potpora sa ru\u010dnim<\/p>\n","protected":false},"featured_media":5938380,"comment_status":"open","ping_status":"closed","template":"","meta":[],"product_brand":[2966],"product_cat":[1678,1698],"product_tag":[],"class_list":{"0":"post-740199","1":"product","2":"type-product","3":"status-publish","4":"has-post-thumbnail","6":"product_brand-garelick-hr","7":"product_cat-brodska-sjedala","8":"product_cat-stalci-za-sjedala","10":"first","11":"instock","12":"shipping-taxable","13":"purchasable","14":"product-type-simple"},"_links":{"self":[{"href":"https:\/\/stoic-curie.212-227-153-4.plesk.page\/hr\/wp-json\/wp\/v2\/product\/740199","targetHints":{"allow":["GET"]}}],"collection":[{"href":"https:\/\/stoic-curie.212-227-153-4.plesk.page\/hr\/wp-json\/wp\/v2\/product"}],"about":[{"href":"https:\/\/stoic-curie.212-227-153-4.plesk.page\/hr\/wp-json\/wp\/v2\/types\/product"}],"replies":[{"embeddable":true,"href":"https:\/\/stoic-curie.212-227-153-4.plesk.page\/hr\/wp-json\/wp\/v2\/comments?post=740199"}],"version-history":[{"count":0,"href":"https:\/\/stoic-curie.212-227-153-4.plesk.page\/hr\/wp-json\/wp\/v2\/product\/740199\/revisions"}],"wp:featuredmedia":[{"embeddable":true,"href":"https:\/\/stoic-curie.212-227-153-4.plesk.page\/hr\/wp-json\/wp\/v2\/media\/5938380"}],"wp:attachment":[{"href":"https:\/\/stoic-curie.212-227-153-4.plesk.page\/hr\/wp-json\/wp\/v2\/media?parent=740199"}],"wp:term":[{"taxonomy":"product_brand","embeddable":true,"href":"https:\/\/stoic-curie.212-227-153-4.plesk.page\/hr\/wp-json\/wp\/v2\/product_brand?post=740199"},{"taxonomy":"product_cat","embeddable":true,"href":"https:\/\/stoic-curie.212-227-153-4.plesk.page\/hr\/wp-json\/wp\/v2\/product_cat?post=740199"},{"taxonomy":"product_tag","embeddable":true,"href":"https:\/\/stoic-curie.212-227-153-4.plesk.page\/hr\/wp-json\/wp\/v2\/product_tag?post=740199"}],"curies":[{"name":"wp","href":"https:\/\/api.w.org\/{rel}","templated":true}]}}