{"id":740207,"date":"2025-03-03T18:07:23","date_gmt":"2025-03-03T17:07:23","guid":{"rendered":"https:\/\/stoic-curie.212-227-153-4.plesk.page\/producto\/par-zjevaca-lijeva-i-desna-anodizirani-aluminij-140x-30-mm\/"},"modified":"2026-02-25T00:00:42","modified_gmt":"2026-02-25T00:00:42","slug":"par-zjevaca-lijeva-i-desna-anodizirani-aluminij-140x-30-mm","status":"publish","type":"product","link":"https:\/\/stoic-curie.212-227-153-4.plesk.page\/hr\/product\/par-zjevaca-lijeva-i-desna-anodizirani-aluminij-140x-30-mm\/","title":{"rendered":"Par zjeva\u010da (lijeva i desna), anodizirani aluminij, 140x 30 mm"},"content":{"rendered":"<p>Par zjeva\u010da (lijeva i desna), anodizirani aluminij, 140x 30 mm &#8211; <\/p>\n<p>Parni (desni i lijevi) anodizirani aluminijski \u0161uplji \u010depovi. 2 monta\u017ena otvora na bazi.<\/p>\n","protected":false},"excerpt":{"rendered":"<p>Par zjeva\u010da (lijeva i desna), anodizirani aluminij, 140x 30 mm &#8211; Parni (desni i lijevi) anodizirani aluminijski \u0161uplji \u010depovi. 2<\/p>\n","protected":false},"featured_media":5938412,"comment_status":"open","ping_status":"closed","template":"","meta":[],"product_brand":[3206],"product_cat":[1677],"product_tag":[],"class_list":{"0":"post-740207","1":"product","2":"type-product","3":"status-publish","4":"has-post-thumbnail","6":"product_brand-nova-argonautica-hr","7":"product_cat-palubne-zjevace","9":"first","10":"instock","11":"shipping-taxable","12":"purchasable","13":"product-type-simple"},"_links":{"self":[{"href":"https:\/\/stoic-curie.212-227-153-4.plesk.page\/hr\/wp-json\/wp\/v2\/product\/740207","targetHints":{"allow":["GET"]}}],"collection":[{"href":"https:\/\/stoic-curie.212-227-153-4.plesk.page\/hr\/wp-json\/wp\/v2\/product"}],"about":[{"href":"https:\/\/stoic-curie.212-227-153-4.plesk.page\/hr\/wp-json\/wp\/v2\/types\/product"}],"replies":[{"embeddable":true,"href":"https:\/\/stoic-curie.212-227-153-4.plesk.page\/hr\/wp-json\/wp\/v2\/comments?post=740207"}],"version-history":[{"count":0,"href":"https:\/\/stoic-curie.212-227-153-4.plesk.page\/hr\/wp-json\/wp\/v2\/product\/740207\/revisions"}],"wp:featuredmedia":[{"embeddable":true,"href":"https:\/\/stoic-curie.212-227-153-4.plesk.page\/hr\/wp-json\/wp\/v2\/media\/5938412"}],"wp:attachment":[{"href":"https:\/\/stoic-curie.212-227-153-4.plesk.page\/hr\/wp-json\/wp\/v2\/media?parent=740207"}],"wp:term":[{"taxonomy":"product_brand","embeddable":true,"href":"https:\/\/stoic-curie.212-227-153-4.plesk.page\/hr\/wp-json\/wp\/v2\/product_brand?post=740207"},{"taxonomy":"product_cat","embeddable":true,"href":"https:\/\/stoic-curie.212-227-153-4.plesk.page\/hr\/wp-json\/wp\/v2\/product_cat?post=740207"},{"taxonomy":"product_tag","embeddable":true,"href":"https:\/\/stoic-curie.212-227-153-4.plesk.page\/hr\/wp-json\/wp\/v2\/product_tag?post=740207"}],"curies":[{"name":"wp","href":"https:\/\/api.w.org\/{rel}","templated":true}]}}