{"id":740212,"date":"2025-03-03T18:07:24","date_gmt":"2025-03-03T17:07:24","guid":{"rendered":"https:\/\/stoic-curie.212-227-153-4.plesk.page\/producto\/zjevace-od-nehrdajuceg-celika-250x44-mm-par\/"},"modified":"2026-02-25T00:00:42","modified_gmt":"2026-02-25T00:00:42","slug":"zjevace-od-nehrdajuceg-celika-250x44-mm-par","status":"publish","type":"product","link":"https:\/\/stoic-curie.212-227-153-4.plesk.page\/hr\/product\/zjevace-od-nehrdajuceg-celika-250x44-mm-par\/","title":{"rendered":"Zjeva\u010de od nehr\u0111aju\u0107eg \u010delika 250&#215;44 mm (par)"},"content":{"rendered":"<p>Zjeva\u010de od nehr\u0111aju\u0107eg \u010delika 250&#215;44 mm (par) &#8211; <\/p>\n<p>Paire (desna i lijeva) Skene blokova od nehr\u0111aju\u0107eg \u010delika.<br \/>2 monta\u017ene rupe na podlozi.<\/p>\n","protected":false},"excerpt":{"rendered":"<p>Zjeva\u010de od nehr\u0111aju\u0107eg \u010delika 250&#215;44 mm (par) &#8211; Paire (desna i lijeva) Skene blokova od nehr\u0111aju\u0107eg \u010delika.2 monta\u017ene rupe na<\/p>\n","protected":false},"featured_media":5938411,"comment_status":"open","ping_status":"closed","template":"","meta":[],"product_brand":[3121],"product_cat":[1677],"product_tag":[],"class_list":{"0":"post-740212","1":"product","2":"type-product","3":"status-publish","4":"has-post-thumbnail","6":"product_brand-marinetech-hr","7":"product_cat-palubne-zjevace","9":"first","10":"instock","11":"shipping-taxable","12":"purchasable","13":"product-type-simple"},"_links":{"self":[{"href":"https:\/\/stoic-curie.212-227-153-4.plesk.page\/hr\/wp-json\/wp\/v2\/product\/740212","targetHints":{"allow":["GET"]}}],"collection":[{"href":"https:\/\/stoic-curie.212-227-153-4.plesk.page\/hr\/wp-json\/wp\/v2\/product"}],"about":[{"href":"https:\/\/stoic-curie.212-227-153-4.plesk.page\/hr\/wp-json\/wp\/v2\/types\/product"}],"replies":[{"embeddable":true,"href":"https:\/\/stoic-curie.212-227-153-4.plesk.page\/hr\/wp-json\/wp\/v2\/comments?post=740212"}],"version-history":[{"count":0,"href":"https:\/\/stoic-curie.212-227-153-4.plesk.page\/hr\/wp-json\/wp\/v2\/product\/740212\/revisions"}],"wp:featuredmedia":[{"embeddable":true,"href":"https:\/\/stoic-curie.212-227-153-4.plesk.page\/hr\/wp-json\/wp\/v2\/media\/5938411"}],"wp:attachment":[{"href":"https:\/\/stoic-curie.212-227-153-4.plesk.page\/hr\/wp-json\/wp\/v2\/media?parent=740212"}],"wp:term":[{"taxonomy":"product_brand","embeddable":true,"href":"https:\/\/stoic-curie.212-227-153-4.plesk.page\/hr\/wp-json\/wp\/v2\/product_brand?post=740212"},{"taxonomy":"product_cat","embeddable":true,"href":"https:\/\/stoic-curie.212-227-153-4.plesk.page\/hr\/wp-json\/wp\/v2\/product_cat?post=740212"},{"taxonomy":"product_tag","embeddable":true,"href":"https:\/\/stoic-curie.212-227-153-4.plesk.page\/hr\/wp-json\/wp\/v2\/product_tag?post=740212"}],"curies":[{"name":"wp","href":"https:\/\/api.w.org\/{rel}","templated":true}]}}