{"id":740226,"date":"2025-03-03T18:07:27","date_gmt":"2025-03-03T17:07:27","guid":{"rendered":"https:\/\/stoic-curie.212-227-153-4.plesk.page\/producto\/pramcani-valjak-model-xl-zakretni-od-nehrdajuceg-celika-l950-x-w95\/"},"modified":"2026-02-25T00:00:42","modified_gmt":"2026-02-25T00:00:42","slug":"pramcani-valjak-model-xl-zakretni-od-nehrdajuceg-celika-l950-x-w95","status":"publish","type":"product","link":"https:\/\/stoic-curie.212-227-153-4.plesk.page\/hr\/product\/pramcani-valjak-model-xl-zakretni-od-nehrdajuceg-celika-l950-x-w95\/","title":{"rendered":"Pram\u010dani valjak  model XL, zakretni, od nehr\u0111aju\u0107eg \u010delika L950 x W95"},"content":{"rendered":"<p>Pram\u010dani valjak  model XL, zakretni, od nehr\u0111aju\u0107eg \u010delika L950 x W95 &#8211; <\/p>\n<p>Pivotiraju\u0107i kliznik od nehr\u0111aju\u0107eg \u010delika. Za Bruce &#8211; Delta &#8211; CQR \u2013 Rocna &#8211; Spade sidra. Zaklju\u010davanje sidra (opcionalno). L = Duljina, W = \u0160irina<\/p>\n","protected":false},"excerpt":{"rendered":"<p>Pram\u010dani valjak model XL, zakretni, od nehr\u0111aju\u0107eg \u010delika L950 x W95 &#8211; Pivotiraju\u0107i kliznik od nehr\u0111aju\u0107eg \u010delika. Za Bruce &#8211;<\/p>\n","protected":false},"featured_media":5938429,"comment_status":"open","ping_status":"closed","template":"","meta":[],"product_brand":[3121],"product_cat":[1709],"product_tag":[],"class_list":{"0":"post-740226","1":"product","2":"type-product","3":"status-publish","4":"has-post-thumbnail","6":"product_brand-marinetech-hr","7":"product_cat-pramcane-koloture","9":"first","10":"instock","11":"shipping-taxable","12":"purchasable","13":"product-type-simple"},"_links":{"self":[{"href":"https:\/\/stoic-curie.212-227-153-4.plesk.page\/hr\/wp-json\/wp\/v2\/product\/740226","targetHints":{"allow":["GET"]}}],"collection":[{"href":"https:\/\/stoic-curie.212-227-153-4.plesk.page\/hr\/wp-json\/wp\/v2\/product"}],"about":[{"href":"https:\/\/stoic-curie.212-227-153-4.plesk.page\/hr\/wp-json\/wp\/v2\/types\/product"}],"replies":[{"embeddable":true,"href":"https:\/\/stoic-curie.212-227-153-4.plesk.page\/hr\/wp-json\/wp\/v2\/comments?post=740226"}],"version-history":[{"count":0,"href":"https:\/\/stoic-curie.212-227-153-4.plesk.page\/hr\/wp-json\/wp\/v2\/product\/740226\/revisions"}],"wp:featuredmedia":[{"embeddable":true,"href":"https:\/\/stoic-curie.212-227-153-4.plesk.page\/hr\/wp-json\/wp\/v2\/media\/5938429"}],"wp:attachment":[{"href":"https:\/\/stoic-curie.212-227-153-4.plesk.page\/hr\/wp-json\/wp\/v2\/media?parent=740226"}],"wp:term":[{"taxonomy":"product_brand","embeddable":true,"href":"https:\/\/stoic-curie.212-227-153-4.plesk.page\/hr\/wp-json\/wp\/v2\/product_brand?post=740226"},{"taxonomy":"product_cat","embeddable":true,"href":"https:\/\/stoic-curie.212-227-153-4.plesk.page\/hr\/wp-json\/wp\/v2\/product_cat?post=740226"},{"taxonomy":"product_tag","embeddable":true,"href":"https:\/\/stoic-curie.212-227-153-4.plesk.page\/hr\/wp-json\/wp\/v2\/product_tag?post=740226"}],"curies":[{"name":"wp","href":"https:\/\/api.w.org\/{rel}","templated":true}]}}