{"id":740227,"date":"2025-03-03T18:07:28","date_gmt":"2025-03-03T17:07:28","guid":{"rendered":"https:\/\/stoic-curie.212-227-153-4.plesk.page\/producto\/pramcani-valjak-model-aster-zakretni-330x125mm-nehrdajuci-celik\/"},"modified":"2026-02-25T00:00:42","modified_gmt":"2026-02-25T00:00:42","slug":"pramcani-valjak-model-aster-zakretni-330x125mm-nehrdajuci-celik","status":"publish","type":"product","link":"https:\/\/stoic-curie.212-227-153-4.plesk.page\/hr\/product\/pramcani-valjak-model-aster-zakretni-330x125mm-nehrdajuci-celik\/","title":{"rendered":"Pramcani valjak model Aster, zakretni, 330x125mm, nehr\u0111aju\u0107i \u010delik"},"content":{"rendered":"<p>Pramcani valjak model Aster, zakretni, 330x125mm, nehr\u0111aju\u0107i \u010delik &#8211; <\/p>\n<p>Iznimno zavr\u0161ena inoxna aktivna uloga za sidro. Za sidra Bruce &#8211; Delta &#8211; CQR &#8211; Rocna &#8211; Spade. Zaklju\u010davanje sidra (opcionalno). D= Duljina \u0160= \u0160irina<\/p>\n","protected":false},"excerpt":{"rendered":"<p>Pramcani valjak model Aster, zakretni, 330x125mm, nehr\u0111aju\u0107i \u010delik &#8211; Iznimno zavr\u0161ena inoxna aktivna uloga za sidro. Za sidra Bruce &#8211;<\/p>\n","protected":false},"featured_media":5938440,"comment_status":"open","ping_status":"closed","template":"","meta":[],"product_brand":[3121],"product_cat":[1709],"product_tag":[],"class_list":{"0":"post-740227","1":"product","2":"type-product","3":"status-publish","4":"has-post-thumbnail","6":"product_brand-marinetech-hr","7":"product_cat-pramcane-koloture","9":"first","10":"instock","11":"shipping-taxable","12":"purchasable","13":"product-type-simple"},"_links":{"self":[{"href":"https:\/\/stoic-curie.212-227-153-4.plesk.page\/hr\/wp-json\/wp\/v2\/product\/740227","targetHints":{"allow":["GET"]}}],"collection":[{"href":"https:\/\/stoic-curie.212-227-153-4.plesk.page\/hr\/wp-json\/wp\/v2\/product"}],"about":[{"href":"https:\/\/stoic-curie.212-227-153-4.plesk.page\/hr\/wp-json\/wp\/v2\/types\/product"}],"replies":[{"embeddable":true,"href":"https:\/\/stoic-curie.212-227-153-4.plesk.page\/hr\/wp-json\/wp\/v2\/comments?post=740227"}],"version-history":[{"count":0,"href":"https:\/\/stoic-curie.212-227-153-4.plesk.page\/hr\/wp-json\/wp\/v2\/product\/740227\/revisions"}],"wp:featuredmedia":[{"embeddable":true,"href":"https:\/\/stoic-curie.212-227-153-4.plesk.page\/hr\/wp-json\/wp\/v2\/media\/5938440"}],"wp:attachment":[{"href":"https:\/\/stoic-curie.212-227-153-4.plesk.page\/hr\/wp-json\/wp\/v2\/media?parent=740227"}],"wp:term":[{"taxonomy":"product_brand","embeddable":true,"href":"https:\/\/stoic-curie.212-227-153-4.plesk.page\/hr\/wp-json\/wp\/v2\/product_brand?post=740227"},{"taxonomy":"product_cat","embeddable":true,"href":"https:\/\/stoic-curie.212-227-153-4.plesk.page\/hr\/wp-json\/wp\/v2\/product_cat?post=740227"},{"taxonomy":"product_tag","embeddable":true,"href":"https:\/\/stoic-curie.212-227-153-4.plesk.page\/hr\/wp-json\/wp\/v2\/product_tag?post=740227"}],"curies":[{"name":"wp","href":"https:\/\/api.w.org\/{rel}","templated":true}]}}