{"id":740229,"date":"2025-03-03T18:07:28","date_gmt":"2025-03-03T17:07:28","guid":{"rendered":"https:\/\/stoic-curie.212-227-153-4.plesk.page\/producto\/valjak-za-pramcanu-platformu-200x140mm-nehrdajuci-celik\/"},"modified":"2026-02-25T00:00:42","modified_gmt":"2026-02-25T00:00:42","slug":"valjak-za-pramcanu-platformu-200x140mm-nehrdajuci-celik","status":"publish","type":"product","link":"https:\/\/stoic-curie.212-227-153-4.plesk.page\/hr\/product\/valjak-za-pramcanu-platformu-200x140mm-nehrdajuci-celik\/","title":{"rendered":"Valjak za pramcanu platformu, 200x140mm, nehr\u0111aju\u0107i \u010delik"},"content":{"rendered":"<p>Valjak za pramcanu platformu, 200x140mm, nehr\u0111aju\u0107i \u010delik  &#8211; <\/p>\n<p>Valjci od nehr\u0111aju\u0107eg \u010delika za platforme \u010damaca.<\/p>\n","protected":false},"excerpt":{"rendered":"<p>Valjak za pramcanu platformu, 200x140mm, nehr\u0111aju\u0107i \u010delik &#8211; Valjci od nehr\u0111aju\u0107eg \u010delika za platforme \u010damaca.<\/p>\n","protected":false},"featured_media":5938441,"comment_status":"open","ping_status":"closed","template":"","meta":[],"product_brand":[3121,2172],"product_cat":[1709],"product_tag":[],"class_list":{"0":"post-740229","1":"product","2":"type-product","3":"status-publish","4":"has-post-thumbnail","6":"product_brand-marinetech-hr","7":"product_brand-nova-argonautica","8":"product_cat-pramcane-koloture","10":"first","11":"instock","12":"shipping-taxable","13":"purchasable","14":"product-type-simple"},"_links":{"self":[{"href":"https:\/\/stoic-curie.212-227-153-4.plesk.page\/hr\/wp-json\/wp\/v2\/product\/740229","targetHints":{"allow":["GET"]}}],"collection":[{"href":"https:\/\/stoic-curie.212-227-153-4.plesk.page\/hr\/wp-json\/wp\/v2\/product"}],"about":[{"href":"https:\/\/stoic-curie.212-227-153-4.plesk.page\/hr\/wp-json\/wp\/v2\/types\/product"}],"replies":[{"embeddable":true,"href":"https:\/\/stoic-curie.212-227-153-4.plesk.page\/hr\/wp-json\/wp\/v2\/comments?post=740229"}],"version-history":[{"count":0,"href":"https:\/\/stoic-curie.212-227-153-4.plesk.page\/hr\/wp-json\/wp\/v2\/product\/740229\/revisions"}],"wp:featuredmedia":[{"embeddable":true,"href":"https:\/\/stoic-curie.212-227-153-4.plesk.page\/hr\/wp-json\/wp\/v2\/media\/5938441"}],"wp:attachment":[{"href":"https:\/\/stoic-curie.212-227-153-4.plesk.page\/hr\/wp-json\/wp\/v2\/media?parent=740229"}],"wp:term":[{"taxonomy":"product_brand","embeddable":true,"href":"https:\/\/stoic-curie.212-227-153-4.plesk.page\/hr\/wp-json\/wp\/v2\/product_brand?post=740229"},{"taxonomy":"product_cat","embeddable":true,"href":"https:\/\/stoic-curie.212-227-153-4.plesk.page\/hr\/wp-json\/wp\/v2\/product_cat?post=740229"},{"taxonomy":"product_tag","embeddable":true,"href":"https:\/\/stoic-curie.212-227-153-4.plesk.page\/hr\/wp-json\/wp\/v2\/product_tag?post=740229"}],"curies":[{"name":"wp","href":"https:\/\/api.w.org\/{rel}","templated":true}]}}