{"id":740230,"date":"2025-03-03T18:07:28","date_gmt":"2025-03-03T17:07:28","guid":{"rendered":"https:\/\/stoic-curie.212-227-153-4.plesk.page\/producto\/sidreno-vitlo-quick-prince-dp2e-500w-12v-nizak-profil-lanac-od-6-mm\/"},"modified":"2026-02-25T00:00:42","modified_gmt":"2026-02-25T00:00:42","slug":"sidreno-vitlo-quick-prince-dp2e-500w-12v-nizak-profil-lanac-od-6-mm","status":"publish","type":"product","link":"https:\/\/stoic-curie.212-227-153-4.plesk.page\/hr\/product\/sidreno-vitlo-quick-prince-dp2e-500w-12v-nizak-profil-lanac-od-6-mm\/","title":{"rendered":"Sidreno vitlo Quick prince DP2E 500W 12v nizak profil &#8211; lanac od 6 mm"},"content":{"rendered":"<p>Sidreno vitlo Quick prince DP2E 500W 12v nizak profil &#8211; lanac od 6 mm &#8211; <\/p>\n<p><strong>Prince DP2E 600 &#8211; Samo Gypsy<\/strong><\/p>\n<p>Ova uva\u010d za sidro dizajniran je za \u010damce du\u017eine izme\u0111u 6 i 10 metara (20-33 stope). Ima sustav sidra s konopcem i lancem s izdr\u017eljivim komponentama od bronce i nehr\u0111aju\u0107eg \u010delika.<\/p>\n<p>Ova sidrena vitla uklju\u010duje senzor mjera\u010da lanca i ru\u010dni slobodni pad sustava lanca. Njegova baza i ku\u0107i\u0161te napravljeni su od anodiziranog aluminija, \u0161to osigurava \u010dvrstu unutra\u0161nju kompozitnu strukturu. Motor ima ocjenu IP67, \u0161to osigurava otpornost na vodu. Instalacija je jednostavna i mo\u017ee se izvr\u0161iti s gornje strane. Paket dolazi s kutijom za upravljanje i ru\u010dkom.<\/p>\n<p>Klju\u010dne zna\u010dajke uklju\u010duju osnovu od nehr\u0111aju\u0107eg \u010delika 316 i anodiziranu aluminijsku epikli\u010dnu mjenja\u010d. Amina konopac\/lanci opremljena je senzorom mjera\u010da lanca, a postoji i inspekcijski poklopac zajedno s pritiskom. Ure\u0111aj se isporu\u010duje s relejnom kutijom i gypsyjem, koji mo\u017ee biti dostavljen s ili bez bubnja.<\/p>\n<p><strong>Specifikacije:<\/strong><\/p>\n<ul>\n<li><strong>Bubanj:<\/strong> Ne<\/li>\n<li><strong>Snaga motora:<\/strong> 500 W<\/li>\n<li><strong>Napon ulaza:<\/strong> 12 V<\/li>\n<li><strong>Maksimalna vu\u010dna sila:<\/strong> 620 kg<\/li>\n<li><strong>Maksimalna radna optere\u0107enja:<\/strong> 200 kg<\/li>\n<li><strong>Radno optere\u0107enje:<\/strong> 65 kg<\/li>\n<li><strong>Brzina lanca pod radnim optere\u0107enjem:<\/strong> 18,6 m\/min<\/li>\n<li><strong>Apsorpcija struje pod radnim optere\u0107enjem:<\/strong> 60 A<\/li>\n<li><strong>Debljina palube:<\/strong> 20-40 mm<\/li>\n<li><strong>Te\u017eina:<\/strong> 9,5 kg<\/li>\n<li><strong>Veli\u010dina Gypsy:<\/strong> 8 mm<\/li>\n<\/ul>\n<p>Ova sidrena vitla kombinira kvalitetu i performanse, \u0161to je \u010dini izvrsnim izborom za va\u0161e potrebe plovidbe.<\/p>\n","protected":false},"excerpt":{"rendered":"<p>Sidreno vitlo Quick prince DP2E 500W 12v nizak profil &#8211; lanac od 6 mm &#8211; Prince DP2E 600 &#8211; Samo<\/p>\n","protected":false},"featured_media":5938442,"comment_status":"open","ping_status":"closed","template":"","meta":[],"product_brand":[3281],"product_cat":[1611],"product_tag":[],"class_list":{"0":"post-740230","1":"product","2":"type-product","3":"status-publish","4":"has-post-thumbnail","6":"product_brand-quick-hr","7":"product_cat-vitla-quick","9":"first","10":"instock","11":"shipping-taxable","12":"purchasable","13":"product-type-simple"},"_links":{"self":[{"href":"https:\/\/stoic-curie.212-227-153-4.plesk.page\/hr\/wp-json\/wp\/v2\/product\/740230","targetHints":{"allow":["GET"]}}],"collection":[{"href":"https:\/\/stoic-curie.212-227-153-4.plesk.page\/hr\/wp-json\/wp\/v2\/product"}],"about":[{"href":"https:\/\/stoic-curie.212-227-153-4.plesk.page\/hr\/wp-json\/wp\/v2\/types\/product"}],"replies":[{"embeddable":true,"href":"https:\/\/stoic-curie.212-227-153-4.plesk.page\/hr\/wp-json\/wp\/v2\/comments?post=740230"}],"version-history":[{"count":0,"href":"https:\/\/stoic-curie.212-227-153-4.plesk.page\/hr\/wp-json\/wp\/v2\/product\/740230\/revisions"}],"wp:featuredmedia":[{"embeddable":true,"href":"https:\/\/stoic-curie.212-227-153-4.plesk.page\/hr\/wp-json\/wp\/v2\/media\/5938442"}],"wp:attachment":[{"href":"https:\/\/stoic-curie.212-227-153-4.plesk.page\/hr\/wp-json\/wp\/v2\/media?parent=740230"}],"wp:term":[{"taxonomy":"product_brand","embeddable":true,"href":"https:\/\/stoic-curie.212-227-153-4.plesk.page\/hr\/wp-json\/wp\/v2\/product_brand?post=740230"},{"taxonomy":"product_cat","embeddable":true,"href":"https:\/\/stoic-curie.212-227-153-4.plesk.page\/hr\/wp-json\/wp\/v2\/product_cat?post=740230"},{"taxonomy":"product_tag","embeddable":true,"href":"https:\/\/stoic-curie.212-227-153-4.plesk.page\/hr\/wp-json\/wp\/v2\/product_tag?post=740230"}],"curies":[{"name":"wp","href":"https:\/\/api.w.org\/{rel}","templated":true}]}}