{"id":740231,"date":"2025-03-03T18:07:29","date_gmt":"2025-03-03T17:07:29","guid":{"rendered":"https:\/\/stoic-curie.212-227-153-4.plesk.page\/producto\/sidreno-vitlo-quick-prince-dp2e-800w-12v-bez-bubnja-8mm-lanac\/"},"modified":"2026-02-25T00:00:42","modified_gmt":"2026-02-25T00:00:42","slug":"sidreno-vitlo-quick-prince-dp2e-800w-12v-bez-bubnja-8mm-lanac","status":"publish","type":"product","link":"https:\/\/stoic-curie.212-227-153-4.plesk.page\/hr\/product\/sidreno-vitlo-quick-prince-dp2e-800w-12v-bez-bubnja-8mm-lanac\/","title":{"rendered":"Sidreno vitlo Quick Prince DP2E 800W 12v bez bubnja -8mm lanac"},"content":{"rendered":"<p>Sidreno vitlo Quick Prince DP2E 800W 12v bez bubnja -8mm lanac &#8211; <\/p>\n<p>U\u017ee\u0107i ure\u0111aj za sidro Quick Prince DP2E 1000 &#8211; Samo Gypsy<\/p>\n<p>Ovaj ure\u0111aj za sidro dizajniran je za brodove duljine od 7 do 12 metara (23 do 40 stopa). Ima izdr\u017eljive dijelove za vu\u010du od bronze i nehr\u0111aju\u0107eg \u010delika.<\/p>\n<p>U\u017ee\u0107ak uklju\u010duje senzor broja\u010da lanca i ru\u010dni sustav slobodnog pada lanca. Njegova baza i ku\u0107i\u0161te su od anodiziranog aluminija, a ima i IP67 vodootporni motor, osiguravaju\u0107i pouzdanu izvedbu u raznim uvjetima. Instalacija je jednostavna i mo\u017ee se obaviti s vrha. Paket dolazi sa upravlja\u010dkom kutijom i ru\u010dkom.<\/p>\n<p>Klju\u010dne zna\u010dajke uklju\u010duju:<\/p>\n<ul>\n<li>Baza od nehr\u0111aju\u0107eg \u010delika 316 i anodizirani aluminijski epicycloidal prijenosnik.<\/li>\n<li>Gypsy za u\u017ead\/lanci opremljen senzorom broja\u010da lanca.<\/li>\n<li>Krov za inspekciju i pritisni ram.<\/li>\n<li>Kutija za releje i gypsy (dostupno s ili bez tamhura).<\/li>\n<li>IP67 vodootporni motor.<\/li>\n<\/ul>\n<p>Specifikacije:<\/p>\n<ul>\n<li>Tamhur: Ne<\/li>\n<li>Snaga motora: 800 W<\/li>\n<li>Napon ulaza: 12 V<\/li>\n<li>Maksimalna vu\u010dna snaga: 820 kg<\/li>\n<li>Maksimalna radna optere\u0107enje: 290 kg<\/li>\n<li>Radno optere\u0107enje: 95 kg<\/li>\n<li>Brzina lanca pri radnom optere\u0107enju: 15,2 m\/min<\/li>\n<li>Apserpcija struje pri radnom optere\u0107enju: 84 A<\/li>\n<li>Debljina palube: 20-40 mm<\/li>\n<li>Te\u017eina: 9,5 kg<\/li>\n<li>Veli\u010dina gypsy: 8 mm<\/li>\n<\/ul>\n<p>Ovaj u\u017ee\u0107ak kombinira kvalitetu i funkcionalnost, \u0161to ga \u010dini izvrsnim izborom za va\u0161e potrebe na moru.<\/p>\n","protected":false},"excerpt":{"rendered":"<p>Sidreno vitlo Quick Prince DP2E 800W 12v bez bubnja -8mm lanac &#8211; U\u017ee\u0107i ure\u0111aj za sidro Quick Prince DP2E 1000<\/p>\n","protected":false},"featured_media":5938444,"comment_status":"open","ping_status":"closed","template":"","meta":[],"product_brand":[3281],"product_cat":[1611],"product_tag":[],"class_list":{"0":"post-740231","1":"product","2":"type-product","3":"status-publish","4":"has-post-thumbnail","6":"product_brand-quick-hr","7":"product_cat-vitla-quick","9":"first","10":"instock","11":"shipping-taxable","12":"purchasable","13":"product-type-simple"},"_links":{"self":[{"href":"https:\/\/stoic-curie.212-227-153-4.plesk.page\/hr\/wp-json\/wp\/v2\/product\/740231","targetHints":{"allow":["GET"]}}],"collection":[{"href":"https:\/\/stoic-curie.212-227-153-4.plesk.page\/hr\/wp-json\/wp\/v2\/product"}],"about":[{"href":"https:\/\/stoic-curie.212-227-153-4.plesk.page\/hr\/wp-json\/wp\/v2\/types\/product"}],"replies":[{"embeddable":true,"href":"https:\/\/stoic-curie.212-227-153-4.plesk.page\/hr\/wp-json\/wp\/v2\/comments?post=740231"}],"version-history":[{"count":0,"href":"https:\/\/stoic-curie.212-227-153-4.plesk.page\/hr\/wp-json\/wp\/v2\/product\/740231\/revisions"}],"wp:featuredmedia":[{"embeddable":true,"href":"https:\/\/stoic-curie.212-227-153-4.plesk.page\/hr\/wp-json\/wp\/v2\/media\/5938444"}],"wp:attachment":[{"href":"https:\/\/stoic-curie.212-227-153-4.plesk.page\/hr\/wp-json\/wp\/v2\/media?parent=740231"}],"wp:term":[{"taxonomy":"product_brand","embeddable":true,"href":"https:\/\/stoic-curie.212-227-153-4.plesk.page\/hr\/wp-json\/wp\/v2\/product_brand?post=740231"},{"taxonomy":"product_cat","embeddable":true,"href":"https:\/\/stoic-curie.212-227-153-4.plesk.page\/hr\/wp-json\/wp\/v2\/product_cat?post=740231"},{"taxonomy":"product_tag","embeddable":true,"href":"https:\/\/stoic-curie.212-227-153-4.plesk.page\/hr\/wp-json\/wp\/v2\/product_tag?post=740231"}],"curies":[{"name":"wp","href":"https:\/\/api.w.org\/{rel}","templated":true}]}}