{"id":740232,"date":"2025-03-03T18:07:29","date_gmt":"2025-03-03T17:07:29","guid":{"rendered":"https:\/\/stoic-curie.212-227-153-4.plesk.page\/producto\/sidreno-vitlo-quick-prince-dp2e-500w-d-sa-bubnjem-12v-6mm-lanac\/"},"modified":"2026-02-25T00:00:42","modified_gmt":"2026-02-25T00:00:42","slug":"sidreno-vitlo-quick-prince-dp2e-500w-d-sa-bubnjem-12v-6mm-lanac","status":"publish","type":"product","link":"https:\/\/stoic-curie.212-227-153-4.plesk.page\/hr\/product\/sidreno-vitlo-quick-prince-dp2e-500w-d-sa-bubnjem-12v-6mm-lanac\/","title":{"rendered":"Sidreno vitlo Quick Prince DP2E 500W-D, sa bubnjem, 12v &#8211; 6mm Lanac"},"content":{"rendered":"<p>Sidreno vitlo Quick Prince DP2E 500W-D, sa bubnjem, 12v &#8211; 6mm Lanac &#8211; <\/p>\n<p>Sidri\u0161te Prince DP2E 600D &#8211; Gypsy i Bubanj<\/p>\n<p>Ovo sidri\u0161te je dizajnirano za \u010damce du\u017eine od 6 do 10 metara (20 do 33 stope) i ima izdr\u017eljive komponente od bronze i nehr\u0111aju\u0107eg \u010delika.<\/p>\n<p>Uklju\u010duje senzor brojila lanca i ru\u010dni sustav slobodnog pada za dodatnu udobnost. Osnova i ku\u0107i\u0161te su napravljeni od anodiziranog aluminija, pru\u017eaju\u0107i \u010dvrstu unutra\u0161nju kompozitnu strukturu. Motor je ocijenjen IP67 za vodootpornu za\u0161titu i lako se instalira s gornje strane. Pakiranje dolazi s kontrolnom kutijom i ru\u010dkom.<\/p>\n<p>Klju\u010dne zna\u010dajke uklju\u010duju osnovu od nehr\u0111aju\u0107eg \u010delika 316, anodiziranu aluminijsku epikli\u010dnu redukciju i gypsy za u\u017ead\/lance opremljenu senzorom brojila lanca. Sidri\u0161te tako\u0111er ima pokrov za inspekciju i pritisni rame. Dolazi s relej kutijom i gypsy koja je dostupna s ili bez bubnja.<\/p>\n<p>Tehni\u010dke specifikacije:<\/p>\n<ul>\n<li>Bubanj: Da<\/li>\n<li>Snaga motora: 500 W<\/li>\n<li>Naponski ulaz: 12 V<\/li>\n<li>Maksimalna vu\u010da: 620 kg<\/li>\n<li>Maksimalna radna optere\u0107enja: 200 kg<\/li>\n<li>Radna optere\u0107enja: 65 kg<\/li>\n<li>Brzina lanca pri radnom optere\u0107enju: 22,9 m\/min<\/li>\n<li>Struja pri radnom optere\u0107enju: 60 A<\/li>\n<li>Debljina palube: 20-40 mm<\/li>\n<li>Te\u017eina: 10,7 kg<\/li>\n<li>Veli\u010dina Gypsy: 6 mm<\/li>\n<\/ul>\n<p>Ovo sidri\u0161te kombinira kvalitetu i funkcionalnost, \u0161to ga \u010dini izvrsnim izborom za va\u0161e potrebe u plovidbi.<\/p>\n","protected":false},"excerpt":{"rendered":"<p>Sidreno vitlo Quick Prince DP2E 500W-D, sa bubnjem, 12v &#8211; 6mm Lanac &#8211; Sidri\u0161te Prince DP2E 600D &#8211; Gypsy i<\/p>\n","protected":false},"featured_media":5938446,"comment_status":"open","ping_status":"closed","template":"","meta":[],"product_brand":[3281],"product_cat":[1611],"product_tag":[],"class_list":{"0":"post-740232","1":"product","2":"type-product","3":"status-publish","4":"has-post-thumbnail","6":"product_brand-quick-hr","7":"product_cat-vitla-quick","9":"first","10":"instock","11":"shipping-taxable","12":"purchasable","13":"product-type-simple"},"_links":{"self":[{"href":"https:\/\/stoic-curie.212-227-153-4.plesk.page\/hr\/wp-json\/wp\/v2\/product\/740232","targetHints":{"allow":["GET"]}}],"collection":[{"href":"https:\/\/stoic-curie.212-227-153-4.plesk.page\/hr\/wp-json\/wp\/v2\/product"}],"about":[{"href":"https:\/\/stoic-curie.212-227-153-4.plesk.page\/hr\/wp-json\/wp\/v2\/types\/product"}],"replies":[{"embeddable":true,"href":"https:\/\/stoic-curie.212-227-153-4.plesk.page\/hr\/wp-json\/wp\/v2\/comments?post=740232"}],"version-history":[{"count":0,"href":"https:\/\/stoic-curie.212-227-153-4.plesk.page\/hr\/wp-json\/wp\/v2\/product\/740232\/revisions"}],"wp:featuredmedia":[{"embeddable":true,"href":"https:\/\/stoic-curie.212-227-153-4.plesk.page\/hr\/wp-json\/wp\/v2\/media\/5938446"}],"wp:attachment":[{"href":"https:\/\/stoic-curie.212-227-153-4.plesk.page\/hr\/wp-json\/wp\/v2\/media?parent=740232"}],"wp:term":[{"taxonomy":"product_brand","embeddable":true,"href":"https:\/\/stoic-curie.212-227-153-4.plesk.page\/hr\/wp-json\/wp\/v2\/product_brand?post=740232"},{"taxonomy":"product_cat","embeddable":true,"href":"https:\/\/stoic-curie.212-227-153-4.plesk.page\/hr\/wp-json\/wp\/v2\/product_cat?post=740232"},{"taxonomy":"product_tag","embeddable":true,"href":"https:\/\/stoic-curie.212-227-153-4.plesk.page\/hr\/wp-json\/wp\/v2\/product_tag?post=740232"}],"curies":[{"name":"wp","href":"https:\/\/api.w.org\/{rel}","templated":true}]}}