{"id":740235,"date":"2025-03-03T18:07:29","date_gmt":"2025-03-03T17:07:29","guid":{"rendered":"https:\/\/stoic-curie.212-227-153-4.plesk.page\/producto\/sidreno-vitlo-quick-eagle-700w-12v-6mm-lanac\/"},"modified":"2026-02-25T00:00:42","modified_gmt":"2026-02-25T00:00:42","slug":"sidreno-vitlo-quick-eagle-700w-12v-6mm-lanac","status":"publish","type":"product","link":"https:\/\/stoic-curie.212-227-153-4.plesk.page\/hr\/product\/sidreno-vitlo-quick-eagle-700w-12v-6mm-lanac\/","title":{"rendered":"Sidreno vitlo Quick Eagle 700W 12v &#8211; 6mm Lanac"},"content":{"rendered":"<p>Sidreno vitlo Quick Eagle 700W 12v &#8211; 6mm Lanac &#8211; <\/p>\n<p style=\"color: rgb(34, 34, 34); font-family: Arial, Helvetica, sans-serif; font-size: small;\">Eagle E3 Horizontalna Anker-ljera<\/p>\n<p style=\"color: rgb(34, 34, 34); font-family: Arial, Helvetica, sans-serif; font-size: small;\">Eagle E3 je brz horizontalni ankerski ure\u0111aj dizajniran s visokokvalitetnim komponentama od bronce i nehr\u0111aju\u0107eg \u010delika. Ima senzor za brojanje lanca i manualni sustav slobodnog pada lanca, \u0161to osigurava u\u010dinkovito djelovanje. Anker-ljera je izgra\u0111ena od anodiziranog aluminija i ku\u0107i\u0161ta, te je opremljena vodootpornim motorom IP67. Paket uklju\u010duje kontrolnu kutiju i ru\u010dku za jednostavnu upotrebu.<\/p>\n<p style=\"color: rgb(34, 34, 34); font-family: Arial, Helvetica, sans-serif; font-size: small;\">Klju\u010dne zna\u010dajke:<\/p>\n<ul style=\"color: rgb(34, 34, 34); font-family: Arial, Helvetica, sans-serif; font-size: small;\">\n<li>Aluminijska osnova s integriranom cijevi za lanac.<\/li>\n<li>Tampon od nehr\u0111aju\u0107eg \u010delika (AISI 316) za dugovje\u010dnost.<\/li>\n<li>Vr\u0161na \u0161iroka\/lan\u010dana gypsy opremljena senzorom broja\u010da lanca.<\/li>\n<li>Isporu\u010duje se s relejnom kutijom i gypsy (dostupna s ili bez tampona).<\/li>\n<li>IP67 vodootporni motori za pouzdanu izvedbu u raznim uvjetima.<\/li>\n<\/ul>\n<p style=\"color: rgb(34, 34, 34); font-family: Arial, Helvetica, sans-serif; font-size: small;\">Specifikacije za Eagle E3 712D &#8211; Gypsy i Tambur:<\/p>\n<ul style=\"color: rgb(34, 34, 34); font-family: Arial, Helvetica, sans-serif; font-size: small;\">\n<li>Pogodno za brodove du\u017eine od 7 m do 10 m (23-33 ft).<\/li>\n<li>Tampon: Da<\/li>\n<li>Snaga motora: 700 W<\/li>\n<li>Ulazna napetost: 12 V<\/li>\n<li>Maksimalna vu\u010da: 1070 kg<\/li>\n<li>Maksimalna radna optere\u0107enja: 300 kg<\/li>\n<li>Radno optere\u0107enje: 100 kg<\/li>\n<li>Brzina lanca pri radnom optere\u0107enju: 16,2 m\/min<\/li>\n<li>Potro\u0161nja struje pri radnom optere\u0107enju: 90 A<\/li>\n<li>Debljina palube: 35-65 mm<\/li>\n<li>Te\u017eina: 22,6 kg<\/li>\n<li>Gypsy veli\u010dina: 6 mm<\/li>\n<\/ul>\n<p style=\"color: rgb(34, 34, 34); font-family: Arial, Helvetica, sans-serif; font-size: small;\">Ova ankerska ljera je izvrstan izbor za vlasnike brodova koji tra\u017ee pouzdano i u\u010dinkovito rje\u0161enje za sidrenje.<\/p>\n","protected":false},"excerpt":{"rendered":"<p>Sidreno vitlo Quick Eagle 700W 12v &#8211; 6mm Lanac &#8211; Eagle E3 Horizontalna Anker-ljera Eagle E3 je brz horizontalni ankerski<\/p>\n","protected":false},"featured_media":5938452,"comment_status":"open","ping_status":"closed","template":"","meta":[],"product_brand":[3281],"product_cat":[1611],"product_tag":[],"class_list":{"0":"post-740235","1":"product","2":"type-product","3":"status-publish","4":"has-post-thumbnail","6":"product_brand-quick-hr","7":"product_cat-vitla-quick","9":"first","10":"instock","11":"shipping-taxable","12":"purchasable","13":"product-type-simple"},"_links":{"self":[{"href":"https:\/\/stoic-curie.212-227-153-4.plesk.page\/hr\/wp-json\/wp\/v2\/product\/740235","targetHints":{"allow":["GET"]}}],"collection":[{"href":"https:\/\/stoic-curie.212-227-153-4.plesk.page\/hr\/wp-json\/wp\/v2\/product"}],"about":[{"href":"https:\/\/stoic-curie.212-227-153-4.plesk.page\/hr\/wp-json\/wp\/v2\/types\/product"}],"replies":[{"embeddable":true,"href":"https:\/\/stoic-curie.212-227-153-4.plesk.page\/hr\/wp-json\/wp\/v2\/comments?post=740235"}],"version-history":[{"count":0,"href":"https:\/\/stoic-curie.212-227-153-4.plesk.page\/hr\/wp-json\/wp\/v2\/product\/740235\/revisions"}],"wp:featuredmedia":[{"embeddable":true,"href":"https:\/\/stoic-curie.212-227-153-4.plesk.page\/hr\/wp-json\/wp\/v2\/media\/5938452"}],"wp:attachment":[{"href":"https:\/\/stoic-curie.212-227-153-4.plesk.page\/hr\/wp-json\/wp\/v2\/media?parent=740235"}],"wp:term":[{"taxonomy":"product_brand","embeddable":true,"href":"https:\/\/stoic-curie.212-227-153-4.plesk.page\/hr\/wp-json\/wp\/v2\/product_brand?post=740235"},{"taxonomy":"product_cat","embeddable":true,"href":"https:\/\/stoic-curie.212-227-153-4.plesk.page\/hr\/wp-json\/wp\/v2\/product_cat?post=740235"},{"taxonomy":"product_tag","embeddable":true,"href":"https:\/\/stoic-curie.212-227-153-4.plesk.page\/hr\/wp-json\/wp\/v2\/product_tag?post=740235"}],"curies":[{"name":"wp","href":"https:\/\/api.w.org\/{rel}","templated":true}]}}