{"id":740236,"date":"2025-03-03T18:07:30","date_gmt":"2025-03-03T17:07:30","guid":{"rendered":"https:\/\/stoic-curie.212-227-153-4.plesk.page\/producto\/sidreno-vitlo-quick-eagle-1000w-12v-lanac-od-8mm\/"},"modified":"2026-02-25T00:00:42","modified_gmt":"2026-02-25T00:00:42","slug":"sidreno-vitlo-quick-eagle-1000w-12v-lanac-od-8mm","status":"publish","type":"product","link":"https:\/\/stoic-curie.212-227-153-4.plesk.page\/hr\/product\/sidreno-vitlo-quick-eagle-1000w-12v-lanac-od-8mm\/","title":{"rendered":"Sidreno vitlo Quick Eagle 1000W 12v &#8211; lanac od 8mm"},"content":{"rendered":"<p>Sidreno vitlo Quick Eagle 1000W 12v &#8211; lanac od 8mm &#8211; <\/p>\n<p style=\"color: rgb(34, 34, 34); font-family: Arial, Helvetica, sans-serif; font-size: small;\">Eagle E3 Horizontalna Win\u010da<\/p>\n<p style=\"color: rgb(34, 34, 34); font-family: Arial, Helvetica, sans-serif; font-size: small;\">Eagle E3 Horizontalna Win\u010da je visokou\u010dinkovita anker-vin\u010da dizajnirana za pouzdanost i u\u010dinkovitost. Izgra\u0111ena kombinacijom bron\u010danih i nehr\u0111aju\u0107ih \u010deli\u010dnih vu\u010dnih komponenti, ova vin\u010da ima senzor broja\u010da lanca i ru\u010dni sustav slobodnog pada. Njena anodizirana aluminijska osnova i ku\u0107i\u0161te jam\u010de trajnost, dok motor vodootporan prema IP67 pru\u017ea za\u0161titu od prodora vode. Jedinica dolazi s kontrolnom kutijom i ru\u010dkom radi lak\u0161eg kori\u0161tenja.<\/p>\n<p style=\"color: rgb(34, 34, 34); font-family: Arial, Helvetica, sans-serif; font-size: small;\">Klju\u010dne Zna\u010dilnosti:<\/p>\n<ul style=\"color: rgb(34, 34, 34); font-family: Arial, Helvetica, sans-serif; font-size: small;\">\n<li>Aluminijska baza s integriranim cijevima za lanac.<\/li>\n<li>Nehr\u0111aju\u0107i \u010deli\u010dni bubanj (AISI 316) za pobolj\u0161anu \u010dvrsto\u0107u i otpornost na koroziju.<\/li>\n<li>\u017dica\/lancana gypsy opremljena senzorom broja\u010da lanca za to\u010dno pra\u0107enje.<\/li>\n<li>Isporu\u010duje se s relejnom kutijom i gypsy, dostupna s bubnjem ili bez njega.<\/li>\n<li>Vodo-otporni motori s IP67 ocjenom za pouzdanu izvedbu u raznim uvjetima.<\/li>\n<\/ul>\n<p style=\"color: rgb(34, 34, 34); font-family: Arial, Helvetica, sans-serif; font-size: small;\">Specifikacije za Eagle E3 1012D &#8211; Gypsy i Bubanj:<\/p>\n<ul style=\"color: rgb(34, 34, 34); font-family: Arial, Helvetica, sans-serif; font-size: small;\">\n<li>Pogodan za brodove duljine izme\u0111u 10 m i 13 m (33-43 ft).<\/li>\n<li>Bubanj: Da<\/li>\n<li>Snaga motora: 1000 W<\/li>\n<li>Napon ulaza: 12 V<\/li>\n<li>Maksimalna vu\u010dna mo\u0107: 1250 kg<\/li>\n<li>Maksimalna radna optere\u0107enja: 390 kg<\/li>\n<li>Radno optere\u0107enje: 130 kg<\/li>\n<li>Brzina lanca pri radnom optere\u0107enju: 17,8 m\/min<\/li>\n<li>U\u010ditavanje struje pri radnom optere\u0107enju: 140 A<\/li>\n<li>Debljina palube: 35-65 mm<\/li>\n<li>Te\u017eina: 23,7 kg<\/li>\n<li>Gypsy veli\u010dina: 8 mm<\/li>\n<\/ul>\n<p style=\"color: rgb(34, 34, 34); font-family: Arial, Helvetica, sans-serif; font-size: small;\">Ova win\u010da je izvrstan izbor za vlasnike brodova koji tra\u017ee pouzdano i u\u010dinkovito rje\u0161enje za ankeriranje.<\/p>\n","protected":false},"excerpt":{"rendered":"<p>Sidreno vitlo Quick Eagle 1000W 12v &#8211; lanac od 8mm &#8211; Eagle E3 Horizontalna Win\u010da Eagle E3 Horizontalna Win\u010da je<\/p>\n","protected":false},"featured_media":5938454,"comment_status":"open","ping_status":"closed","template":"","meta":[],"product_brand":[3281],"product_cat":[1611],"product_tag":[],"class_list":{"0":"post-740236","1":"product","2":"type-product","3":"status-publish","4":"has-post-thumbnail","6":"product_brand-quick-hr","7":"product_cat-vitla-quick","9":"first","10":"instock","11":"shipping-taxable","12":"purchasable","13":"product-type-simple"},"_links":{"self":[{"href":"https:\/\/stoic-curie.212-227-153-4.plesk.page\/hr\/wp-json\/wp\/v2\/product\/740236","targetHints":{"allow":["GET"]}}],"collection":[{"href":"https:\/\/stoic-curie.212-227-153-4.plesk.page\/hr\/wp-json\/wp\/v2\/product"}],"about":[{"href":"https:\/\/stoic-curie.212-227-153-4.plesk.page\/hr\/wp-json\/wp\/v2\/types\/product"}],"replies":[{"embeddable":true,"href":"https:\/\/stoic-curie.212-227-153-4.plesk.page\/hr\/wp-json\/wp\/v2\/comments?post=740236"}],"version-history":[{"count":0,"href":"https:\/\/stoic-curie.212-227-153-4.plesk.page\/hr\/wp-json\/wp\/v2\/product\/740236\/revisions"}],"wp:featuredmedia":[{"embeddable":true,"href":"https:\/\/stoic-curie.212-227-153-4.plesk.page\/hr\/wp-json\/wp\/v2\/media\/5938454"}],"wp:attachment":[{"href":"https:\/\/stoic-curie.212-227-153-4.plesk.page\/hr\/wp-json\/wp\/v2\/media?parent=740236"}],"wp:term":[{"taxonomy":"product_brand","embeddable":true,"href":"https:\/\/stoic-curie.212-227-153-4.plesk.page\/hr\/wp-json\/wp\/v2\/product_brand?post=740236"},{"taxonomy":"product_cat","embeddable":true,"href":"https:\/\/stoic-curie.212-227-153-4.plesk.page\/hr\/wp-json\/wp\/v2\/product_cat?post=740236"},{"taxonomy":"product_tag","embeddable":true,"href":"https:\/\/stoic-curie.212-227-153-4.plesk.page\/hr\/wp-json\/wp\/v2\/product_tag?post=740236"}],"curies":[{"name":"wp","href":"https:\/\/api.w.org\/{rel}","templated":true}]}}