{"id":740238,"date":"2025-03-03T18:07:30","date_gmt":"2025-03-03T17:07:30","guid":{"rendered":"https:\/\/stoic-curie.212-227-153-4.plesk.page\/producto\/sidreno-vitlo-quick-rider-1000w-12v-s-bubnjem-8mm-lanac\/"},"modified":"2026-02-25T00:00:42","modified_gmt":"2026-02-25T00:00:42","slug":"sidreno-vitlo-quick-rider-1000w-12v-s-bubnjem-8mm-lanac","status":"publish","type":"product","link":"https:\/\/stoic-curie.212-227-153-4.plesk.page\/hr\/product\/sidreno-vitlo-quick-rider-1000w-12v-s-bubnjem-8mm-lanac\/","title":{"rendered":"Sidreno vitlo Quick Rider 1000W 12v 8mm lanac"},"content":{"rendered":"<p>Sidreno vitlo Quick Rider 1000W 12v 8mm lanac &#8211; <\/p>\n<p style=\"color: rgb(34, 34, 34); font-family: Arial, Helvetica, sans-serif; font-size: small;\"><strong>Sidri\u0161te Quick Rider R3 1012 Niskog Profila<\/strong><\/p>\n<p style=\"color: rgb(34, 34, 34); font-family: Arial, Helvetica, sans-serif; font-size: small;\">Quick Rider R3 1012 je sidri\u0161te niskog profila dizajnirano za trajnost i efikasnost. Ima komponente vu\u010de izra\u0111ene od visokokvalitetnog bron\u010danog i nehr\u0111aju\u0107eg \u010delika, \u0161to jam\u010di pouzdane performanse. Ovaj model je opremljen senzorom brojila lanaca i ru\u010dnim sustavom slobodnog pada lanca za dodatnu udobnost.<\/p>\n<p style=\"color: rgb(34, 34, 34); font-family: Arial, Helvetica, sans-serif; font-size: small;\"><strong>Klju\u010dne Zna\u010dajke:<\/strong><\/p>\n<ul style=\"color: rgb(34, 34, 34); font-family: Arial, Helvetica, sans-serif; font-size: small;\">\n<li><strong>Materijal Osnove:<\/strong>\u00a0Anodizirana aluminijska okrugla osnova za pobolj\u0161anu otpornost na koroziju.<\/li>\n<li><strong>Materijal Bubnja:<\/strong>\u00a0Bubanj od nehr\u0111aju\u0107eg \u010delika (AISI 316) za vrhunsku \u010dvrsto\u0107u i dugotrajnost.<\/li>\n<li><strong>Specifikacije Gypsy:<\/strong>\u00a0Gypsy za konop\/lanac, pogodna za motore od 700 W i vi\u0161e, uklju\u010duje senzor brojila lanaca.<\/li>\n<li><strong>Uklju\u010deni Komponenti:<\/strong>\u00a0Dolazi s relej kutijom i gypsy, dostupna s ili bez bubnja.<\/li>\n<li><strong>Otpornost na Vodu:<\/strong>\u00a0IP67 ocijenjeni vodootporni motori, osiguravaju pouzdan rad u vla\u017enim uvjetima.<\/li>\n<\/ul>\n<p style=\"color: rgb(34, 34, 34); font-family: Arial, Helvetica, sans-serif; font-size: small;\"><strong>Specifikacije:<\/strong><\/p>\n<ul style=\"color: rgb(34, 34, 34); font-family: Arial, Helvetica, sans-serif; font-size: small;\">\n<li><strong>Model:<\/strong>\u00a0Rider R3 1012 &#8211; Samo Gypsy<\/li>\n<li><strong>Preporu\u010dena Veli\u010dina \u010camca:<\/strong>\u00a0Pogodno za plovila od 10 m do 13 m (33-43 ft)<\/li>\n<li><strong>Bubanj:<\/strong>\u00a0Nije uklju\u010den<\/li>\n<li><strong>Snaga Motora:<\/strong>\u00a01000 W<\/li>\n<li><strong>Ulazna Napetost:<\/strong>\u00a012 V<\/li>\n<li><strong>Maksimalna Potisna Snaga:<\/strong>\u00a01000 kg<\/li>\n<li><strong>Maksimalna Radna Optere\u0107enja:<\/strong>\u00a0370 kg<\/li>\n<li><strong>Radno Optere\u0107enje:<\/strong>\u00a0120 kg<\/li>\n<li><strong>Brzina Lanca pri Radnom Optere\u0107enju:<\/strong>\u00a020,4 m\/min<\/li>\n<li><strong>Potro\u0161nja Struje pri Radnom Optere\u0107enju:<\/strong>\u00a0140 A<\/li>\n<li><strong>Kompatibilnost Debljine Palube:<\/strong>\u00a025-50 mm<\/li>\n<li><strong>Peso:<\/strong>\u00a017,1 kg<\/li>\n<li><strong>Gypsy Veli\u010dina:<\/strong>\u00a08 mm<\/li>\n<\/ul>\n<p style=\"color: rgb(34, 34, 34); font-family: Arial, Helvetica, sans-serif; font-size: small;\">Ovo sidri\u0161te je odli\u010dan izbor za vlasnike \u010damaca koji tra\u017ee pouzdano i u\u010dinkovito rje\u0161enje za sidrenje.<\/p>\n","protected":false},"excerpt":{"rendered":"<p>Sidreno vitlo Quick Rider 1000W 12v 8mm lanac &#8211; Sidri\u0161te Quick Rider R3 1012 Niskog Profila Quick Rider R3 1012<\/p>\n","protected":false},"featured_media":5938459,"comment_status":"open","ping_status":"closed","template":"","meta":[],"product_brand":[3281],"product_cat":[1611],"product_tag":[],"class_list":{"0":"post-740238","1":"product","2":"type-product","3":"status-publish","4":"has-post-thumbnail","6":"product_brand-quick-hr","7":"product_cat-vitla-quick","9":"first","10":"instock","11":"shipping-taxable","12":"purchasable","13":"product-type-simple"},"_links":{"self":[{"href":"https:\/\/stoic-curie.212-227-153-4.plesk.page\/hr\/wp-json\/wp\/v2\/product\/740238","targetHints":{"allow":["GET"]}}],"collection":[{"href":"https:\/\/stoic-curie.212-227-153-4.plesk.page\/hr\/wp-json\/wp\/v2\/product"}],"about":[{"href":"https:\/\/stoic-curie.212-227-153-4.plesk.page\/hr\/wp-json\/wp\/v2\/types\/product"}],"replies":[{"embeddable":true,"href":"https:\/\/stoic-curie.212-227-153-4.plesk.page\/hr\/wp-json\/wp\/v2\/comments?post=740238"}],"version-history":[{"count":0,"href":"https:\/\/stoic-curie.212-227-153-4.plesk.page\/hr\/wp-json\/wp\/v2\/product\/740238\/revisions"}],"wp:featuredmedia":[{"embeddable":true,"href":"https:\/\/stoic-curie.212-227-153-4.plesk.page\/hr\/wp-json\/wp\/v2\/media\/5938459"}],"wp:attachment":[{"href":"https:\/\/stoic-curie.212-227-153-4.plesk.page\/hr\/wp-json\/wp\/v2\/media?parent=740238"}],"wp:term":[{"taxonomy":"product_brand","embeddable":true,"href":"https:\/\/stoic-curie.212-227-153-4.plesk.page\/hr\/wp-json\/wp\/v2\/product_brand?post=740238"},{"taxonomy":"product_cat","embeddable":true,"href":"https:\/\/stoic-curie.212-227-153-4.plesk.page\/hr\/wp-json\/wp\/v2\/product_cat?post=740238"},{"taxonomy":"product_tag","embeddable":true,"href":"https:\/\/stoic-curie.212-227-153-4.plesk.page\/hr\/wp-json\/wp\/v2\/product_tag?post=740238"}],"curies":[{"name":"wp","href":"https:\/\/api.w.org\/{rel}","templated":true}]}}