{"id":740241,"date":"2025-03-03T18:07:31","date_gmt":"2025-03-03T17:07:31","guid":{"rendered":"https:\/\/stoic-curie.212-227-153-4.plesk.page\/producto\/vertikalno-pritezno-vitlo-quick-totem-tm3-800w-12v\/"},"modified":"2026-02-25T00:00:42","modified_gmt":"2026-02-25T00:00:42","slug":"vertikalno-pritezno-vitlo-quick-totem-tm3-800w-12v","status":"publish","type":"product","link":"https:\/\/stoic-curie.212-227-153-4.plesk.page\/hr\/product\/vertikalno-pritezno-vitlo-quick-totem-tm3-800w-12v\/","title":{"rendered":"Vertikalno pritezno vitlo Quick Totem TM3 800W 12v"},"content":{"rendered":"<p>Vertikalno pritezno vitlo Quick Totem TM3 800W 12v &#8211; <\/p>\n<p style=\"color: rgb(34, 34, 34); font-family: Arial, Helvetica, sans-serif; font-size: small;\">Predstavljamo Capstan Totem TM3 1000, koji se odlikuje izdr\u017eljivom anodiziranom aluminijskom osnovom i kromiranim bron\u010danim bubnjem.<\/p>\n<p style=\"color: rgb(34, 34, 34); font-family: Arial, Helvetica, sans-serif; font-size: small;\">Ovaj model uklju\u010duje vodootporni motor za vertikalnu monta\u017eu s IP67 ocjenom, \u0161to olak\u0161ava instalaciju. Dolazi sa kompletnom kontrolnom kutijom i dr\u0161kom za va\u0161u udobnost.<\/p>\n<p style=\"color: rgb(34, 34, 34); font-family: Arial, Helvetica, sans-serif; font-size: small;\">Osnova i bubanj izra\u0111eni su od AISI 316 nehr\u0111aju\u0107eg \u010delika, \u0161to osigurava snagu i otpornost na koroziju. Menja\u010d je izra\u0111en od anodiziranog aluminija, a motor je dizajniran da bude vodootporan kako bi se pove\u0107ala pouzdanost.<\/p>\n<p style=\"color: rgb(34, 34, 34); font-family: Arial, Helvetica, sans-serif; font-size: small;\">Specifikacije Totem TM3 1000 uklju\u010duju promjer bubnja od 80 mm, \u0161to ga \u010dini pogodnim za \u010damce du\u017eine od 11 do 14 metara (36 do 46 stopa).<\/p>\n<p style=\"color: rgb(34, 34, 34); font-family: Arial, Helvetica, sans-serif; font-size: small;\">Klju\u010dne zna\u010dajke:<\/p>\n<ul style=\"color: rgb(34, 34, 34); font-family: Arial, Helvetica, sans-serif; font-size: small;\">\n<li>Promjer bubnja: 80 mm<\/li>\n<li>Snaga motora: 800 W<\/li>\n<li>Ulazna napetost: 12 V<\/li>\n<li>Maksimalna vu\u010dna sila: 820 kg<\/li>\n<li>Maksimalna radna optere\u0107enja: 290 kg<\/li>\n<li>Radno optere\u0107enje: 95 kg<\/li>\n<li>Brzina lanca pri radnom optere\u0107enju: 16,8 m\/min<\/li>\n<li>Apsorpcija struje pri radnom optere\u0107enju: 80 A<\/li>\n<li>Debljina palube: 20-40 mm<\/li>\n<li>Te\u017eina: 8,1 kg<\/li>\n<\/ul>\n<p style=\"color: rgb(34, 34, 34); font-family: Arial, Helvetica, sans-serif; font-size: small;\">Ovaj kapstan je dizajniran da zadovoljiti potrebe entuzijasta za \u010damce, pru\u017eaju\u0107i snagu i pouzdanost za va\u0161e pomorske aktivnosti.<\/p>\n","protected":false},"excerpt":{"rendered":"<p>Vertikalno pritezno vitlo Quick Totem TM3 800W 12v &#8211; Predstavljamo Capstan Totem TM3 1000, koji se odlikuje izdr\u017eljivom anodiziranom aluminijskom<\/p>\n","protected":false},"featured_media":5938469,"comment_status":"open","ping_status":"closed","template":"","meta":[],"product_brand":[3281],"product_cat":[1611],"product_tag":[],"class_list":{"0":"post-740241","1":"product","2":"type-product","3":"status-publish","4":"has-post-thumbnail","6":"product_brand-quick-hr","7":"product_cat-vitla-quick","9":"first","10":"instock","11":"shipping-taxable","12":"purchasable","13":"product-type-simple"},"_links":{"self":[{"href":"https:\/\/stoic-curie.212-227-153-4.plesk.page\/hr\/wp-json\/wp\/v2\/product\/740241","targetHints":{"allow":["GET"]}}],"collection":[{"href":"https:\/\/stoic-curie.212-227-153-4.plesk.page\/hr\/wp-json\/wp\/v2\/product"}],"about":[{"href":"https:\/\/stoic-curie.212-227-153-4.plesk.page\/hr\/wp-json\/wp\/v2\/types\/product"}],"replies":[{"embeddable":true,"href":"https:\/\/stoic-curie.212-227-153-4.plesk.page\/hr\/wp-json\/wp\/v2\/comments?post=740241"}],"version-history":[{"count":0,"href":"https:\/\/stoic-curie.212-227-153-4.plesk.page\/hr\/wp-json\/wp\/v2\/product\/740241\/revisions"}],"wp:featuredmedia":[{"embeddable":true,"href":"https:\/\/stoic-curie.212-227-153-4.plesk.page\/hr\/wp-json\/wp\/v2\/media\/5938469"}],"wp:attachment":[{"href":"https:\/\/stoic-curie.212-227-153-4.plesk.page\/hr\/wp-json\/wp\/v2\/media?parent=740241"}],"wp:term":[{"taxonomy":"product_brand","embeddable":true,"href":"https:\/\/stoic-curie.212-227-153-4.plesk.page\/hr\/wp-json\/wp\/v2\/product_brand?post=740241"},{"taxonomy":"product_cat","embeddable":true,"href":"https:\/\/stoic-curie.212-227-153-4.plesk.page\/hr\/wp-json\/wp\/v2\/product_cat?post=740241"},{"taxonomy":"product_tag","embeddable":true,"href":"https:\/\/stoic-curie.212-227-153-4.plesk.page\/hr\/wp-json\/wp\/v2\/product_tag?post=740241"}],"curies":[{"name":"wp","href":"https:\/\/api.w.org\/{rel}","templated":true}]}}